{"id":322780,"date":"2025-12-22T15:50:40","date_gmt":"2025-12-22T12:50:40","guid":{"rendered":"https:\/\/vbd.dev.sumena.ee\/?post_type=product&#038;p=322780"},"modified":"2026-02-12T15:52:35","modified_gmt":"2026-02-12T12:52:35","slug":"kummikommid-sour-patch-kids-blue-raspberry-102g","status":"publish","type":"product","link":"https:\/\/vbd.dev.sumena.ee\/lv\/products-2\/kummikommid-sour-patch-kids-blue-raspberry-102g\/","title":{"rendered":"Karameles Sour Patch Kids Blue Raspberry 102G"},"content":{"rendered":"<p>Gumijum\u012b\u0161i ar me\u017ezeme\u0146u gar\u0161u 102g. Sour Patch.<\/p>\n<p>Sast\u0101vda\u013cas: cukurs, invertcukurs, kukur\u016bzas s\u012brups, modific\u0113ts kukur\u016bzas ciete, &lt;2%: sk\u0101buma regulatori: E330, E334, aromatiz\u0113t\u0101ji un gar\u0161as vielas, kr\u0101sviela: E133.<\/p>","protected":false},"excerpt":{"rendered":"<p>Kummikommid P\u00f5ldmarjamaitselised 102g. Sour Patch. Koostisosad: suhkur, invertsuhkur, maisisiirup, modifitseeritud maisit\u00e4rklis, &lt;2%: happesuse regulaatorid: E330, E334, l\u00f5hna- ja maitseained, v\u00e4rvaine: E133.<\/p>","protected":false},"featured_media":322781,"comment_status":"open","ping_status":"closed","template":"","meta":{"_acf_changed":false},"product_brand":[],"product_cat":[77,78],"product_tag":[],"class_list":{"0":"post-322780","1":"product","2":"type-product","3":"status-publish","4":"has-post-thumbnail","6":"product_cat-maiustused","7":"product_cat-kommid","9":"first","10":"instock","11":"sale","12":"taxable","13":"shipping-taxable","14":"purchasable","15":"product-type-simple"},"supplier_id":null,"supplier_sku":"","barcode":null,"atum_controlled":true,"out_stock_date":null,"out_stock_threshold":null,"inheritable":false,"inbound_stock":0,"stock_on_hold":56,"sold_today":67,"sales_last_days":575,"reserved_stock":0,"customer_returns":0,"warehouse_damage":0,"lost_in_post":0,"other_logs":0,"out_stock_days":0,"lost_sales":0,"has_location":false,"update_date":"2026-02-12T14:22:16","atum_locations":[],"atum_stock_status":"instock","restock_status":true,"low_stock_amount":"","sales_update_date":"2026-02-12T14:22:07","calc_backorders":null,"acf":[],"_links":{"self":[{"href":"https:\/\/vbd.dev.sumena.ee\/lv\/wp-json\/wp\/v2\/product\/322780","targetHints":{"allow":["GET"]}}],"collection":[{"href":"https:\/\/vbd.dev.sumena.ee\/lv\/wp-json\/wp\/v2\/product"}],"about":[{"href":"https:\/\/vbd.dev.sumena.ee\/lv\/wp-json\/wp\/v2\/types\/product"}],"replies":[{"embeddable":true,"href":"https:\/\/vbd.dev.sumena.ee\/lv\/wp-json\/wp\/v2\/comments?post=322780"}],"wp:featuredmedia":[{"embeddable":true,"href":"https:\/\/vbd.dev.sumena.ee\/lv\/wp-json\/wp\/v2\/media\/322781"}],"wp:attachment":[{"href":"https:\/\/vbd.dev.sumena.ee\/lv\/wp-json\/wp\/v2\/media?parent=322780"}],"wp:term":[{"taxonomy":"product_brand","embeddable":true,"href":"https:\/\/vbd.dev.sumena.ee\/lv\/wp-json\/wp\/v2\/product_brand?post=322780"},{"taxonomy":"product_cat","embeddable":true,"href":"https:\/\/vbd.dev.sumena.ee\/lv\/wp-json\/wp\/v2\/product_cat?post=322780"},{"taxonomy":"product_tag","embeddable":true,"href":"https:\/\/vbd.dev.sumena.ee\/lv\/wp-json\/wp\/v2\/product_tag?post=322780"}],"curies":[{"name":"wp","href":"https:\/\/api.w.org\/{rel}","templated":true}]}}