{"id":322503,"date":"2025-10-23T20:57:06","date_gmt":"2025-10-23T17:57:06","guid":{"rendered":"https:\/\/vbd.dev.sumena.ee\/?post_type=product&#038;p=322503"},"modified":"2026-02-12T18:40:36","modified_gmt":"2026-02-12T15:40:36","slug":"valge-sokolaad-milka-80-g","status":"publish","type":"product","link":"https:\/\/vbd.dev.sumena.ee\/lv\/products-2\/valge-sokolaad-milka-80-g\/","title":{"rendered":"Balt\u0101 \u0161okol\u0101de, MILKA, 80 g"},"content":{"rendered":"<p><strong>Sast\u0101vs<\/strong>: cukurs, kakaosviests, piena pulveris (NO PIENA), s\u016bkalas pulveris (NO PIENA), PIENA TAUKI, emulgators (SOJAS LECIT\u012aNI), aromatiz\u0113t\u0101ji un gar\u0161as viela. VAR Satur RIEKSTUS.<\/p>\n<h3 class=\"b-product-info--info-3-title\">Uzturv\u0113rt\u012bba (100 g\/ml)<\/h3>\n<div class=\"row\">\n<div class=\"col-md-4\">\n<table class=\"table table-striped table-condensed\">\n<tbody>\n<tr>\n<td>Ener\u0123ija<\/td>\n<td class=\"b-text-right\">2233,00 kJ \/ 534,00 Kcal<\/td>\n<\/tr>\n<tr>\n<td>Tauki<\/td>\n<td class=\"b-text-right\">28,00 g<\/td>\n<\/tr>\n<tr>\n<td>no k\u0101 pies\u0101tin\u0101t\u0101s tauksk\u0101bes<\/td>\n<td class=\"b-text-right\">17,00 g<\/td>\n<\/tr>\n<tr>\n<td>Og\u013chidr\u0101ti<\/td>\n<td class=\"b-text-right\">65,00 g<\/td>\n<\/tr>\n<tr>\n<td>no k\u0101 cukuriem<\/td>\n<td class=\"b-text-right\">65,00 g<\/td>\n<\/tr>\n<tr>\n<td>Olbaltumvielas<\/td>\n<td class=\"b-text-right\">4,20 g<\/td>\n<\/tr>\n<tr>\n<td>S\u0101ls<\/td>\n<td class=\"b-text-right\">0,30 g<\/td>\n<\/tr>\n<\/tbody>\n<\/table>\n<\/div>\n<\/div>","protected":false},"excerpt":{"rendered":"<p>Best before: 09.12.2025 Daudzpaka: 24<\/p>","protected":false},"featured_media":322504,"comment_status":"open","ping_status":"closed","template":"","meta":{"_acf_changed":false},"product_brand":[],"product_cat":[87,77,84],"product_tag":[],"class_list":{"0":"post-322503","1":"product","2":"type-product","3":"status-publish","4":"has-post-thumbnail","6":"product_cat-meie-lemmikud","7":"product_cat-maiustused","8":"product_cat-sokolaad","10":"first","11":"instock","12":"sale","13":"taxable","14":"shipping-taxable","15":"purchasable","16":"product-type-simple"},"supplier_id":null,"supplier_sku":"","barcode":null,"atum_controlled":true,"out_stock_date":null,"out_stock_threshold":null,"inheritable":false,"inbound_stock":0,"stock_on_hold":86,"sold_today":77,"sales_last_days":995,"reserved_stock":0,"customer_returns":0,"warehouse_damage":0,"lost_in_post":0,"other_logs":0,"out_stock_days":0,"lost_sales":0,"has_location":false,"update_date":"2026-02-12T15:43:19","atum_locations":[],"atum_stock_status":"instock","restock_status":true,"low_stock_amount":"","sales_update_date":"2026-02-12T15:43:10","calc_backorders":null,"acf":[],"_links":{"self":[{"href":"https:\/\/vbd.dev.sumena.ee\/lv\/wp-json\/wp\/v2\/product\/322503","targetHints":{"allow":["GET"]}}],"collection":[{"href":"https:\/\/vbd.dev.sumena.ee\/lv\/wp-json\/wp\/v2\/product"}],"about":[{"href":"https:\/\/vbd.dev.sumena.ee\/lv\/wp-json\/wp\/v2\/types\/product"}],"replies":[{"embeddable":true,"href":"https:\/\/vbd.dev.sumena.ee\/lv\/wp-json\/wp\/v2\/comments?post=322503"}],"wp:featuredmedia":[{"embeddable":true,"href":"https:\/\/vbd.dev.sumena.ee\/lv\/wp-json\/wp\/v2\/media\/322504"}],"wp:attachment":[{"href":"https:\/\/vbd.dev.sumena.ee\/lv\/wp-json\/wp\/v2\/media?parent=322503"}],"wp:term":[{"taxonomy":"product_brand","embeddable":true,"href":"https:\/\/vbd.dev.sumena.ee\/lv\/wp-json\/wp\/v2\/product_brand?post=322503"},{"taxonomy":"product_cat","embeddable":true,"href":"https:\/\/vbd.dev.sumena.ee\/lv\/wp-json\/wp\/v2\/product_cat?post=322503"},{"taxonomy":"product_tag","embeddable":true,"href":"https:\/\/vbd.dev.sumena.ee\/lv\/wp-json\/wp\/v2\/product_tag?post=322503"}],"curies":[{"name":"wp","href":"https:\/\/api.w.org\/{rel}","templated":true}]}}