{"id":322451,"date":"2025-10-23T15:30:50","date_gmt":"2025-10-23T12:30:50","guid":{"rendered":"https:\/\/vbd.dev.sumena.ee\/?post_type=product&#038;p=322451"},"modified":"2026-02-12T13:32:55","modified_gmt":"2026-02-12T10:32:55","slug":"pesupulber-minirisk-universal-650-g","status":"publish","type":"product","link":"https:\/\/vbd.dev.sumena.ee\/lv\/products-2\/pesupulber-minirisk-universal-650-g\/","title":{"rendered":"Ve\u013cas pulveris MiniRisk Universal 650 g"},"content":{"rendered":"<p>VE\u013cAS MAKS. UNIVERS\u0100LS. Univers\u0101ls ve\u013cas pulveris balto un kr\u0101sainu dr\u0113bju mazg\u0101\u0161anai ve\u013casma\u0161\u012bn\u0101 vai ar rok\u0101m. Nesatur smar\u017evielas un kr\u0101svielas. Piem\u0113rots mazu b\u0113rnu un aler\u0123iju slimnieku dr\u0113bju mazg\u0101\u0161anai. Efekt\u012bvi no\u0146em net\u012brumus gan mazg\u0101jot silt\u0101, gan karst\u0101 \u016bden\u012b. Satur sk\u0101bek\u013ca b\u0101z\u0113tu balin\u0101t\u0101ju, kas no\u0146em traipus k\u0101 kafiju un t\u0113ju, un enz\u012bmus, kas pal\u012bdz \u0161\u0137elt stiprus traipus (piem., \u0161okol\u0101de, ola, asinis u.c.). Satur \u016bdeni m\u012bkstino\u0161u l\u012bdzekli, kas aizsarg\u0101 ve\u013casma\u0161\u012bnu no kalcija nogulsn\u0113m. Sast\u0101v\u0101<\/p>","protected":false},"excerpt":{"rendered":"<p>Daudzpaka: 6<\/p>","protected":false},"featured_media":322455,"comment_status":"open","ping_status":"closed","template":"","meta":{"_acf_changed":false},"product_brand":[],"product_cat":[185,88],"product_tag":[],"class_list":{"0":"post-322451","1":"product","2":"type-product","3":"status-publish","4":"has-post-thumbnail","6":"product_cat-puhastus-ja-koristusvahendid","7":"product_cat-tarbekaubad-tooted","9":"first","10":"instock","11":"sale","12":"taxable","13":"shipping-taxable","14":"purchasable","15":"product-type-simple"},"supplier_id":null,"supplier_sku":"","barcode":null,"atum_controlled":true,"out_stock_date":null,"out_stock_threshold":null,"inheritable":false,"inbound_stock":0,"stock_on_hold":7,"sold_today":11,"sales_last_days":103,"reserved_stock":0,"customer_returns":0,"warehouse_damage":0,"lost_in_post":0,"other_logs":0,"out_stock_days":0,"lost_sales":0,"has_location":false,"update_date":"2026-02-12T13:21:03","atum_locations":[],"atum_stock_status":"instock","restock_status":true,"low_stock_amount":"","sales_update_date":"2026-02-12T13:20:55","calc_backorders":null,"acf":[],"_links":{"self":[{"href":"https:\/\/vbd.dev.sumena.ee\/lv\/wp-json\/wp\/v2\/product\/322451","targetHints":{"allow":["GET"]}}],"collection":[{"href":"https:\/\/vbd.dev.sumena.ee\/lv\/wp-json\/wp\/v2\/product"}],"about":[{"href":"https:\/\/vbd.dev.sumena.ee\/lv\/wp-json\/wp\/v2\/types\/product"}],"replies":[{"embeddable":true,"href":"https:\/\/vbd.dev.sumena.ee\/lv\/wp-json\/wp\/v2\/comments?post=322451"}],"wp:featuredmedia":[{"embeddable":true,"href":"https:\/\/vbd.dev.sumena.ee\/lv\/wp-json\/wp\/v2\/media\/322455"}],"wp:attachment":[{"href":"https:\/\/vbd.dev.sumena.ee\/lv\/wp-json\/wp\/v2\/media?parent=322451"}],"wp:term":[{"taxonomy":"product_brand","embeddable":true,"href":"https:\/\/vbd.dev.sumena.ee\/lv\/wp-json\/wp\/v2\/product_brand?post=322451"},{"taxonomy":"product_cat","embeddable":true,"href":"https:\/\/vbd.dev.sumena.ee\/lv\/wp-json\/wp\/v2\/product_cat?post=322451"},{"taxonomy":"product_tag","embeddable":true,"href":"https:\/\/vbd.dev.sumena.ee\/lv\/wp-json\/wp\/v2\/product_tag?post=322451"}],"curies":[{"name":"wp","href":"https:\/\/api.w.org\/{rel}","templated":true}]}}