{"id":321519,"date":"2025-10-20T17:40:36","date_gmt":"2025-10-20T14:40:36","guid":{"rendered":"https:\/\/vbd.dev.sumena.ee\/?post_type=product&#038;p=321519"},"modified":"2026-01-21T11:00:47","modified_gmt":"2026-01-21T08:00:47","slug":"auto-vahasampoon-armor-all-wash-wax-1l","status":"publish","type":"product","link":"https:\/\/vbd.dev.sumena.ee\/lv\/products-2\/auto-vahasampoon-armor-all-wash-wax-1l\/","title":{"rendered":"Auto \u0161amp\u016bns ar vasku Armor All Wash &#038; Wax 1l"},"content":{"rendered":"<p>Armor All Wash &amp; Wax ir auto \u0161amp\u016bns ar vasksaturo\u0161u piedevu. \u0160amp\u016bns ar karnaubas vasku aizsarg\u0101 automa\u0161\u012bnu no net\u012brumiem un pie\u0161\u0137ir sp\u012bdumu jau pirmaj\u0101 lieto\u0161anas reiz\u0113. Lietojiet \u0161amp\u016bnu ar aukstu \u016bdeni un izvairieties no automazg\u0101\u0161anas tie\u0161os saules staros. Mazg\u0101jiet auto no aug\u0161as uz leju. Nelietojiet uz karstas virsmas. Nenovietojiet \u0161amp\u016bnu uz virsmas l\u012bdz iz\u017e\u016b\u0161anai, ja nepiecie\u0161ams \u2014 noskalojiet.<\/p>","protected":false},"excerpt":{"rendered":"<p>Daudzpaka: 6<\/p>","protected":false},"featured_media":321520,"comment_status":"open","ping_status":"closed","template":"","meta":{"_acf_changed":false},"product_brand":[],"product_cat":[187,88],"product_tag":[],"class_list":{"0":"post-321519","1":"product","2":"type-product","3":"status-publish","4":"has-post-thumbnail","6":"product_cat-leiunurk","7":"product_cat-tarbekaubad-tooted","9":"first","10":"instock","11":"sale","12":"taxable","13":"shipping-taxable","14":"purchasable","15":"product-type-simple"},"supplier_id":null,"supplier_sku":"","barcode":null,"atum_controlled":true,"out_stock_date":null,"out_stock_threshold":null,"inheritable":false,"inbound_stock":0,"stock_on_hold":0,"sold_today":1,"sales_last_days":8,"reserved_stock":0,"customer_returns":0,"warehouse_damage":0,"lost_in_post":0,"other_logs":0,"out_stock_days":0,"lost_sales":0,"has_location":false,"update_date":"2026-01-21T12:28:35","atum_locations":[],"atum_stock_status":"instock","restock_status":false,"low_stock_amount":"","sales_update_date":"2026-01-21T12:28:23","calc_backorders":null,"acf":[],"_links":{"self":[{"href":"https:\/\/vbd.dev.sumena.ee\/lv\/wp-json\/wp\/v2\/product\/321519","targetHints":{"allow":["GET"]}}],"collection":[{"href":"https:\/\/vbd.dev.sumena.ee\/lv\/wp-json\/wp\/v2\/product"}],"about":[{"href":"https:\/\/vbd.dev.sumena.ee\/lv\/wp-json\/wp\/v2\/types\/product"}],"replies":[{"embeddable":true,"href":"https:\/\/vbd.dev.sumena.ee\/lv\/wp-json\/wp\/v2\/comments?post=321519"}],"wp:featuredmedia":[{"embeddable":true,"href":"https:\/\/vbd.dev.sumena.ee\/lv\/wp-json\/wp\/v2\/media\/321520"}],"wp:attachment":[{"href":"https:\/\/vbd.dev.sumena.ee\/lv\/wp-json\/wp\/v2\/media?parent=321519"}],"wp:term":[{"taxonomy":"product_brand","embeddable":true,"href":"https:\/\/vbd.dev.sumena.ee\/lv\/wp-json\/wp\/v2\/product_brand?post=321519"},{"taxonomy":"product_cat","embeddable":true,"href":"https:\/\/vbd.dev.sumena.ee\/lv\/wp-json\/wp\/v2\/product_cat?post=321519"},{"taxonomy":"product_tag","embeddable":true,"href":"https:\/\/vbd.dev.sumena.ee\/lv\/wp-json\/wp\/v2\/product_tag?post=321519"}],"curies":[{"name":"wp","href":"https:\/\/api.w.org\/{rel}","templated":true}]}}