{"id":321429,"date":"2025-10-20T11:05:14","date_gmt":"2025-10-20T08:05:14","guid":{"rendered":"https:\/\/vbd.dev.sumena.ee\/?post_type=product&#038;p=321429"},"modified":"2026-02-09T23:53:02","modified_gmt":"2026-02-09T20:53:02","slug":"magneesiumisprei-100-ml","status":"publish","type":"product","link":"https:\/\/vbd.dev.sumena.ee\/lv\/products-2\/magneesiumisprei-100-ml\/","title":{"rendered":"Magnija sprejs 100 ml"},"content":{"rendered":"<p>Magnija sprejs ir izgatavots no koncentr\u0113ta magnija hlor\u012bda un paredz\u0113ts izsmidzin\u0101\u0161anai uz \u0101das p\u0113c da\u017e\u0101d\u0101m fizisk\u0101m aktivit\u0101t\u0113m vai pirms gul\u0113tie\u0161anas. \u0160is produkts atsl\u0101bina un atsvaidzina, un t\u0101 sast\u0101v\u0101 eso\u0161ie elektrol\u012bti \u2013 n\u0101trijs, k\u0101lijs, Epsoma s\u0101ls \u2013 pal\u012bdz uztur\u0113t maigu komforta saj\u016btu, atsvaidzin\u0101jumu un \u0101das l\u012bdzsvaru.<\/p>\n<p><b>Izbaudi to vienm\u0113r, kad nepiecie\u0161ama relaks\u0101cija&#8230;<\/b><\/p>\n<p>\u2022 Atjauno \u0101du p\u0113c treni\u0146a vai sporto\u0161anas<br \/>\n\u2022 J\u016bti vieglu relaks\u0101ciju pirms gul\u0113tie\u0161anas<br \/>\n\u2022 Nomierina \u0101du p\u0113c garas vai stresainas dienas<br \/>\n\u2022 Pied\u0101v\u0101 \u0101dai mitrin\u0101\u0161anu un komfortu p\u0113c nogurdino\u0161as dienas<br \/>\n\u2022 Izbaudi atsvaidzino\u0161u saj\u016btu karst\u0101s dien\u0101s<br \/>\n\u2022 Atjauno \u0101das l\u012bdzsvaru p\u0113c du\u0161as vai vanno\u0161an\u0101s<\/p>\n<p><b>Sast\u0101vda\u013cas:<\/b><br \/>\n\u016adens, magnija hlor\u012bds, magnija sulf\u0101ts (Epsoma s\u0101ls), n\u0101trija hlor\u012bds, n\u0101trija benzo\u0101ts, k\u0101lija sorb\u0101ts, k\u0101lija hlor\u012bds, piensk\u0101be.<\/p>\n<p><b>Lieto\u0161ana<\/b><br \/>\n<b>1. ned\u0113\u013ca:<\/b> Izsmidziniet 2\u20134 reizes uz k\u0101j\u0101m vienu reizi dien\u0101 un maigi iemas\u0113jiet. K\u0101ju \u0101da ir maz\u0101k jut\u012bga, t\u0101p\u0113c ieteicams s\u0101kt no turienes.<\/p>\n<p><b>2. ned\u0113\u013ca:<\/b> Ja \u0101das st\u0101voklis ir labs, izsmidzini 4\u20136 reizes uz v\u0113dera apvidus reizi dien\u0101.<\/p>\n<p><b>Turpin\u0101ta lieto\u0161ana:<\/b> Kad \u0101da ir pieradusi, var smidzin\u0101t ar\u012b cit\u0101m \u0137erme\u0146a viet\u0101m, piem\u0113ram, roku iek\u0161pusei, k\u0101j\u0101m vai pleciem \u2014 p\u0113c vajadz\u012bbas.<\/p>\n<p><b>P\u0113c v\u0113l\u0113\u0161an\u0101s:<\/b> Noskalot vai noslauc\u012bt p\u0113c 20 min\u016bt\u0113m. Izvair\u012bties no non\u0101k\u0161anas ac\u012bs un boj\u0101t\u0101 \u0101das zon\u0101.<\/p>\n<p><b>Glab\u0101\u0161ana<\/b><br \/>\nGlab\u0101t v\u0113s\u0101 un saus\u0101 viet\u0101 temperat\u016br\u0101 5\u201325 \u00b0C, prom no tie\u0161iem saules stariem un siltuma avotiem. Nenoriedin\u0101t un nesajaukt ar citiem produktiem.<\/p>","protected":false},"excerpt":{"rendered":"<p>Daudzpaka: 9<\/p>","protected":false},"featured_media":321434,"comment_status":"open","ping_status":"closed","template":"","meta":{"_acf_changed":false},"product_brand":[],"product_cat":[160,104],"product_tag":[],"class_list":{"0":"post-321429","1":"product","2":"type-product","3":"status-publish","4":"has-post-thumbnail","6":"product_cat-tervisekaubad","7":"product_cat-enesehooldus","9":"first","10":"instock","11":"sale","12":"taxable","13":"shipping-taxable","14":"purchasable","15":"product-type-simple"},"supplier_id":null,"supplier_sku":"","barcode":null,"atum_controlled":true,"out_stock_date":null,"out_stock_threshold":null,"inheritable":false,"inbound_stock":0,"stock_on_hold":0,"sold_today":0,"sales_last_days":7,"reserved_stock":0,"customer_returns":0,"warehouse_damage":0,"lost_in_post":0,"other_logs":0,"out_stock_days":0,"lost_sales":0,"has_location":false,"update_date":"2026-02-10T13:58:23","atum_locations":[],"atum_stock_status":"instock","restock_status":false,"low_stock_amount":"","sales_update_date":"2026-02-10T13:58:05","calc_backorders":null,"acf":[],"_links":{"self":[{"href":"https:\/\/vbd.dev.sumena.ee\/lv\/wp-json\/wp\/v2\/product\/321429","targetHints":{"allow":["GET"]}}],"collection":[{"href":"https:\/\/vbd.dev.sumena.ee\/lv\/wp-json\/wp\/v2\/product"}],"about":[{"href":"https:\/\/vbd.dev.sumena.ee\/lv\/wp-json\/wp\/v2\/types\/product"}],"replies":[{"embeddable":true,"href":"https:\/\/vbd.dev.sumena.ee\/lv\/wp-json\/wp\/v2\/comments?post=321429"}],"wp:featuredmedia":[{"embeddable":true,"href":"https:\/\/vbd.dev.sumena.ee\/lv\/wp-json\/wp\/v2\/media\/321434"}],"wp:attachment":[{"href":"https:\/\/vbd.dev.sumena.ee\/lv\/wp-json\/wp\/v2\/media?parent=321429"}],"wp:term":[{"taxonomy":"product_brand","embeddable":true,"href":"https:\/\/vbd.dev.sumena.ee\/lv\/wp-json\/wp\/v2\/product_brand?post=321429"},{"taxonomy":"product_cat","embeddable":true,"href":"https:\/\/vbd.dev.sumena.ee\/lv\/wp-json\/wp\/v2\/product_cat?post=321429"},{"taxonomy":"product_tag","embeddable":true,"href":"https:\/\/vbd.dev.sumena.ee\/lv\/wp-json\/wp\/v2\/product_tag?post=321429"}],"curies":[{"name":"wp","href":"https:\/\/api.w.org\/{rel}","templated":true}]}}