{"id":319883,"date":"2025-10-15T17:53:25","date_gmt":"2025-10-15T14:53:25","guid":{"rendered":"https:\/\/vbd.dev.sumena.ee\/?post_type=product&#038;p=319883"},"modified":"2026-02-12T11:39:58","modified_gmt":"2026-02-12T08:39:58","slug":"nocco-sunny-soda-funktsionaalne-jook-330-ml","status":"publish","type":"product","link":"https:\/\/vbd.dev.sumena.ee\/lv\/products-2\/nocco-sunny-soda-funktsionaalne-jook-330-ml\/","title":{"rendered":"NOCCO Sunny Soda funkcion\u0101ls dz\u0113riens 330 ml"},"content":{"rendered":"<div class=\"sc-f5482c8c-1 gTpvfY\" data-test-id=\"product-info-description\">\n<div>\n<div class=\"sc-f5482c8c-2 cSayeY\">\n<p>Funkcion\u0101ls limon\u0101des gar\u0161as dz\u0113riens, bag\u0101tin\u0101ts ar aminosk\u0101b\u0113m un vitam\u012bniem<\/p>\n<\/div>\n<\/div>\n<\/div>\n<div class=\"sc-f5482c8c-1 gTpvfY\" data-test-id=\"product-info-country\">\n<h3>Sast\u0101vs<\/h3>\n<div>Karbont\u0113rija \u016bdens, zarotu \u0137\u0113\u017eu aminosk\u0101bes BCAA (leuc\u012bns, val\u012bns, izoleuc\u012bns), kofe\u012bns, vitam\u012bni (niac\u012bns, B6, folsk\u0101be, biot\u012bns, D, B12), sk\u0101buma regulatori (citronsk\u0101be), gar\u0161vielas, saldin\u0101t\u0101js (sukraloze) un dab\u012bgais kr\u0101sviela (beta-karot\u012bns).<\/div>\n<\/div>","protected":false},"excerpt":{"rendered":"<p>Der\u012bguma termi\u0146\u0161: 28.05.2026 Daudzumt\u012bk: 24<\/p>","protected":false},"featured_media":319884,"comment_status":"open","ping_status":"closed","template":"","meta":{"_acf_changed":false},"product_brand":[],"product_cat":[177,79],"product_tag":[],"class_list":{"0":"post-319883","1":"product","2":"type-product","3":"status-publish","4":"has-post-thumbnail","6":"product_cat-karastus-ja-energiajoogid-toonikud-muu","7":"product_cat-joogid","9":"first","10":"instock","11":"sale","12":"taxable","13":"shipping-taxable","14":"purchasable","15":"product-type-simple"},"supplier_id":null,"supplier_sku":"","barcode":null,"atum_controlled":true,"out_stock_date":null,"out_stock_threshold":null,"inheritable":false,"inbound_stock":0,"stock_on_hold":4,"sold_today":2,"sales_last_days":263,"reserved_stock":0,"customer_returns":0,"warehouse_damage":0,"lost_in_post":0,"other_logs":0,"out_stock_days":0,"lost_sales":0,"has_location":false,"update_date":"2026-02-12T09:13:25","atum_locations":[],"atum_stock_status":"instock","restock_status":false,"low_stock_amount":"","sales_update_date":"2026-02-12T09:13:15","calc_backorders":null,"acf":[],"_links":{"self":[{"href":"https:\/\/vbd.dev.sumena.ee\/lv\/wp-json\/wp\/v2\/product\/319883","targetHints":{"allow":["GET"]}}],"collection":[{"href":"https:\/\/vbd.dev.sumena.ee\/lv\/wp-json\/wp\/v2\/product"}],"about":[{"href":"https:\/\/vbd.dev.sumena.ee\/lv\/wp-json\/wp\/v2\/types\/product"}],"replies":[{"embeddable":true,"href":"https:\/\/vbd.dev.sumena.ee\/lv\/wp-json\/wp\/v2\/comments?post=319883"}],"wp:featuredmedia":[{"embeddable":true,"href":"https:\/\/vbd.dev.sumena.ee\/lv\/wp-json\/wp\/v2\/media\/319884"}],"wp:attachment":[{"href":"https:\/\/vbd.dev.sumena.ee\/lv\/wp-json\/wp\/v2\/media?parent=319883"}],"wp:term":[{"taxonomy":"product_brand","embeddable":true,"href":"https:\/\/vbd.dev.sumena.ee\/lv\/wp-json\/wp\/v2\/product_brand?post=319883"},{"taxonomy":"product_cat","embeddable":true,"href":"https:\/\/vbd.dev.sumena.ee\/lv\/wp-json\/wp\/v2\/product_cat?post=319883"},{"taxonomy":"product_tag","embeddable":true,"href":"https:\/\/vbd.dev.sumena.ee\/lv\/wp-json\/wp\/v2\/product_tag?post=319883"}],"curies":[{"name":"wp","href":"https:\/\/api.w.org\/{rel}","templated":true}]}}