{"id":319525,"date":"2025-10-14T14:59:42","date_gmt":"2025-10-14T11:59:42","guid":{"rendered":"https:\/\/vbd.dev.sumena.ee\/?post_type=product&#038;p=319525"},"modified":"2026-02-12T01:24:47","modified_gmt":"2026-02-11T22:24:47","slug":"jeffs-kreemjas-maapahklivoi-350g","status":"publish","type":"product","link":"https:\/\/vbd.dev.sumena.ee\/lv\/products-2\/jeffs-kreemjas-maapahklivoi-350g\/","title":{"rendered":"Jeff's kr\u0113m\u012bgais zemesriekstu sviests 350g"},"content":{"rendered":"<p><strong data-start=\"0\" data-end=\"30\" data-is-only-node=\"\">Sast\u0101vda\u013cas un alerg\u0113ni<\/strong><br data-start=\"30\" data-end=\"33\" \/>Sast\u0101vda\u013cas: cepts <strong data-start=\"55\" data-end=\"69\">zemesrieksti<\/strong> (90%), <strong data-start=\"77\" data-end=\"87\">cukurs<\/strong>, <strong data-start=\"89\" data-end=\"105\">augu e\u013c\u013cas<\/strong> (palmu- un \u0161\u012b sviests), <strong data-start=\"126\" data-end=\"134\">s\u0101ls<\/strong>.<br data-start=\"135\" data-end=\"138\" \/><strong data-start=\"138\" data-end=\"154\">Alerg\u0113ni<\/strong> var iesp\u0113jams satur\u0113t <strong data-start=\"170\" data-end=\"182\">riekstu<\/strong> atliekas.<\/p>","protected":false},"excerpt":{"rendered":"<p>Par lieto\u0161anas l\u012bdz: 30.11.2025 Daudzpaka: 10<\/p>","protected":false},"featured_media":319527,"comment_status":"open","ping_status":"closed","template":"","meta":{"_acf_changed":false},"product_brand":[],"product_cat":[83],"product_tag":[],"class_list":{"0":"post-319525","1":"product","2":"type-product","3":"status-publish","4":"has-post-thumbnail","6":"product_cat-kastmed-olid","8":"first","9":"instock","10":"sale","11":"taxable","12":"shipping-taxable","13":"purchasable","14":"product-type-simple"},"supplier_id":null,"supplier_sku":"","barcode":null,"atum_controlled":true,"out_stock_date":null,"out_stock_threshold":null,"inheritable":false,"inbound_stock":0,"stock_on_hold":10,"sold_today":10,"sales_last_days":73,"reserved_stock":0,"customer_returns":0,"warehouse_damage":0,"lost_in_post":0,"other_logs":0,"out_stock_days":0,"lost_sales":0,"has_location":false,"update_date":"2026-02-12T14:40:53","atum_locations":[],"atum_stock_status":"instock","restock_status":false,"low_stock_amount":"","sales_update_date":"2026-02-12T14:40:45","calc_backorders":null,"acf":[],"_links":{"self":[{"href":"https:\/\/vbd.dev.sumena.ee\/lv\/wp-json\/wp\/v2\/product\/319525","targetHints":{"allow":["GET"]}}],"collection":[{"href":"https:\/\/vbd.dev.sumena.ee\/lv\/wp-json\/wp\/v2\/product"}],"about":[{"href":"https:\/\/vbd.dev.sumena.ee\/lv\/wp-json\/wp\/v2\/types\/product"}],"replies":[{"embeddable":true,"href":"https:\/\/vbd.dev.sumena.ee\/lv\/wp-json\/wp\/v2\/comments?post=319525"}],"wp:featuredmedia":[{"embeddable":true,"href":"https:\/\/vbd.dev.sumena.ee\/lv\/wp-json\/wp\/v2\/media\/319527"}],"wp:attachment":[{"href":"https:\/\/vbd.dev.sumena.ee\/lv\/wp-json\/wp\/v2\/media?parent=319525"}],"wp:term":[{"taxonomy":"product_brand","embeddable":true,"href":"https:\/\/vbd.dev.sumena.ee\/lv\/wp-json\/wp\/v2\/product_brand?post=319525"},{"taxonomy":"product_cat","embeddable":true,"href":"https:\/\/vbd.dev.sumena.ee\/lv\/wp-json\/wp\/v2\/product_cat?post=319525"},{"taxonomy":"product_tag","embeddable":true,"href":"https:\/\/vbd.dev.sumena.ee\/lv\/wp-json\/wp\/v2\/product_tag?post=319525"}],"curies":[{"name":"wp","href":"https:\/\/api.w.org\/{rel}","templated":true}]}}