{"id":319520,"date":"2025-10-14T14:39:11","date_gmt":"2025-10-14T11:39:11","guid":{"rendered":"https:\/\/vbd.dev.sumena.ee\/?post_type=product&#038;p=319520"},"modified":"2026-02-12T12:54:18","modified_gmt":"2026-02-12T09:54:18","slug":"smile-kuumaohufrituuri-kupsetuspaber-50tk-pk","status":"publish","type":"product","link":"https:\/\/vbd.dev.sumena.ee\/lv\/products-2\/smile-kuumaohufrituuri-kupsetuspaber-50tk-pk\/","title":{"rendered":"Smile cepam\u0101 pap\u012bra karstum\u0101 gaisa cepe\u0161kr\u0101sni 50 gab.\/iepak."},"content":{"rendered":"<h3>Smile cepam\u0101 pap\u012bra karstum\u0101 gaisa cepe\u0161kr\u0101sni 50 gab.\/iepak.<\/h3>\n<p>\u2013 Apak\u0161\u0113jais diametrs 16 cm<br \/>\n\u2013 Augst\u0101k\u0101 diametr\u0101 20 cm<br \/>\n\u2013 Piem\u0113rots 3 \u2013 6 L frit\u0113\u0161anai<br \/>\n\u2013 Karstumiztur\u012bba l\u012bdz 220 gr\u0101diem<\/p>","protected":false},"excerpt":{"rendered":"<p>Daudzpaka: 16<\/p>","protected":false},"featured_media":319523,"comment_status":"open","ping_status":"closed","template":"","meta":{"_acf_changed":false},"product_brand":[],"product_cat":[186,88],"product_tag":[],"class_list":{"0":"post-319520","1":"product","2":"type-product","3":"status-publish","4":"has-post-thumbnail","6":"product_cat-kodukaubad","7":"product_cat-tarbekaubad-tooted","9":"first","10":"instock","11":"sale","12":"taxable","13":"shipping-taxable","14":"purchasable","15":"product-type-simple"},"supplier_id":null,"supplier_sku":"","barcode":null,"atum_controlled":true,"out_stock_date":null,"out_stock_threshold":null,"inheritable":false,"inbound_stock":0,"stock_on_hold":20,"sold_today":17,"sales_last_days":40,"reserved_stock":0,"customer_returns":0,"warehouse_damage":0,"lost_in_post":0,"other_logs":0,"out_stock_days":0,"lost_sales":0,"has_location":false,"update_date":"2026-02-12T11:08:29","atum_locations":[],"atum_stock_status":"instock","restock_status":true,"low_stock_amount":"","sales_update_date":"2026-02-12T11:08:20","calc_backorders":null,"acf":[],"_links":{"self":[{"href":"https:\/\/vbd.dev.sumena.ee\/lv\/wp-json\/wp\/v2\/product\/319520","targetHints":{"allow":["GET"]}}],"collection":[{"href":"https:\/\/vbd.dev.sumena.ee\/lv\/wp-json\/wp\/v2\/product"}],"about":[{"href":"https:\/\/vbd.dev.sumena.ee\/lv\/wp-json\/wp\/v2\/types\/product"}],"replies":[{"embeddable":true,"href":"https:\/\/vbd.dev.sumena.ee\/lv\/wp-json\/wp\/v2\/comments?post=319520"}],"wp:featuredmedia":[{"embeddable":true,"href":"https:\/\/vbd.dev.sumena.ee\/lv\/wp-json\/wp\/v2\/media\/319523"}],"wp:attachment":[{"href":"https:\/\/vbd.dev.sumena.ee\/lv\/wp-json\/wp\/v2\/media?parent=319520"}],"wp:term":[{"taxonomy":"product_brand","embeddable":true,"href":"https:\/\/vbd.dev.sumena.ee\/lv\/wp-json\/wp\/v2\/product_brand?post=319520"},{"taxonomy":"product_cat","embeddable":true,"href":"https:\/\/vbd.dev.sumena.ee\/lv\/wp-json\/wp\/v2\/product_cat?post=319520"},{"taxonomy":"product_tag","embeddable":true,"href":"https:\/\/vbd.dev.sumena.ee\/lv\/wp-json\/wp\/v2\/product_tag?post=319520"}],"curies":[{"name":"wp","href":"https:\/\/api.w.org\/{rel}","templated":true}]}}