{"id":319504,"date":"2025-10-14T13:50:47","date_gmt":"2025-10-14T10:50:47","guid":{"rendered":"https:\/\/vbd.dev.sumena.ee\/?post_type=product&#038;p=319504"},"modified":"2026-02-12T16:10:02","modified_gmt":"2026-02-12T13:10:02","slug":"fuzetea-jaatee-mustika-lavendel-500-ml","status":"publish","type":"product","link":"https:\/\/vbd.dev.sumena.ee\/lv\/products-2\/fuzetea-jaatee-mustika-lavendel-500-ml\/","title":{"rendered":"FUZETEA Ledus t\u0113ja Mellenes &amp; Lavanda 500 ml"},"content":{"rendered":"<p>Mellen\u0113m gar\u0161as bezener\u0123ijas neg\u0101z\u0113ts dz\u0113riens ar za\u013c\u0101s t\u0113jas un lavandas ekstraktiem. Saldin\u0101ts ar saldin\u0101t\u0101jiem un pasteriz\u0113ts.<\/p>\n<p>Sast\u0101vda\u013cas:<\/p>\n<p>\u016adens, sk\u0101bes (citronsk\u0101be, \u0101bolsk\u0101be), za\u013c\u0101s t\u0113jas ekstrakts (0,14%), mellenju sulas koncentr\u0101ts (0,1%), sk\u0101buma regulators (n\u0101trija citr\u0101ti, n\u0101trija glikolon\u0101ts), dab\u012bga mellenes smar\u017ea un aromatiz\u0113t\u0101js, antioksidants (askorb\u012bnsk\u0101be), saldin\u0101t\u0101ji (sukraloze, stevijas steviolglikoz\u012bdi), lavandas ekstrakts.<\/p>\n<p>* Produkta sast\u0101vs var main\u012bties. Pirms produkta lieto\u0161anas p\u0101rbaudiet uz iepakojuma nor\u0101d\u012bt\u0101s sast\u0101vda\u013cas.<\/p>","protected":false},"excerpt":{"rendered":"<p>Terapeitisk\u0101 der\u012bguma termi\u0146\u0161: 16.12.2025 Daudzsai\u0161u iepakojums: 12<\/p>","protected":false},"featured_media":319507,"comment_status":"open","ping_status":"closed","template":"","meta":{"_acf_changed":false},"product_brand":[],"product_cat":[177,79],"product_tag":[],"class_list":{"0":"post-319504","1":"product","2":"type-product","3":"status-publish","4":"has-post-thumbnail","6":"product_cat-karastus-ja-energiajoogid-toonikud-muu","7":"product_cat-joogid","9":"first","10":"instock","11":"sale","12":"taxable","13":"shipping-taxable","14":"purchasable","15":"product-type-simple"},"supplier_id":null,"supplier_sku":"","barcode":null,"atum_controlled":true,"out_stock_date":null,"out_stock_threshold":null,"inheritable":false,"inbound_stock":0,"stock_on_hold":6,"sold_today":25,"sales_last_days":277,"reserved_stock":0,"customer_returns":0,"warehouse_damage":0,"lost_in_post":0,"other_logs":0,"out_stock_days":0,"lost_sales":0,"has_location":false,"update_date":"2026-02-12T15:03:42","atum_locations":[],"atum_stock_status":"instock","restock_status":true,"low_stock_amount":"","sales_update_date":"2026-02-12T15:03:33","calc_backorders":null,"acf":[],"_links":{"self":[{"href":"https:\/\/vbd.dev.sumena.ee\/lv\/wp-json\/wp\/v2\/product\/319504","targetHints":{"allow":["GET"]}}],"collection":[{"href":"https:\/\/vbd.dev.sumena.ee\/lv\/wp-json\/wp\/v2\/product"}],"about":[{"href":"https:\/\/vbd.dev.sumena.ee\/lv\/wp-json\/wp\/v2\/types\/product"}],"replies":[{"embeddable":true,"href":"https:\/\/vbd.dev.sumena.ee\/lv\/wp-json\/wp\/v2\/comments?post=319504"}],"wp:featuredmedia":[{"embeddable":true,"href":"https:\/\/vbd.dev.sumena.ee\/lv\/wp-json\/wp\/v2\/media\/319507"}],"wp:attachment":[{"href":"https:\/\/vbd.dev.sumena.ee\/lv\/wp-json\/wp\/v2\/media?parent=319504"}],"wp:term":[{"taxonomy":"product_brand","embeddable":true,"href":"https:\/\/vbd.dev.sumena.ee\/lv\/wp-json\/wp\/v2\/product_brand?post=319504"},{"taxonomy":"product_cat","embeddable":true,"href":"https:\/\/vbd.dev.sumena.ee\/lv\/wp-json\/wp\/v2\/product_cat?post=319504"},{"taxonomy":"product_tag","embeddable":true,"href":"https:\/\/vbd.dev.sumena.ee\/lv\/wp-json\/wp\/v2\/product_tag?post=319504"}],"curies":[{"name":"wp","href":"https:\/\/api.w.org\/{rel}","templated":true}]}}