{"id":318849,"date":"2025-10-12T17:45:42","date_gmt":"2025-10-12T14:45:42","guid":{"rendered":"https:\/\/vbd.dev.sumena.ee\/?post_type=product&#038;p=318849"},"modified":"2026-02-11T21:18:54","modified_gmt":"2026-02-11T18:18:54","slug":"tekstiilkindad-mikropunktidega-valge-9","status":"publish","type":"product","link":"https:\/\/vbd.dev.sumena.ee\/lv\/products-2\/tekstiilkindad-mikropunktidega-valge-9\/","title":{"rendered":"Tekstilaud\u017eves ar mikropunktiem balts 9"},"content":{"rendered":"<p>-Materi\u0101ls: 100% kokvilna, PVC mikropunkti<br \/>\n-Armat\u016br\u0101 sa\u0161\u016bts gumija plaukstas da\u013c\u0101<br \/>\n-Laba sa\u0137ere<br \/>\n-Elpojo\u0161i un mitrumu absorb\u0113jo\u0161i<br \/>\n-CAT I<\/p>","protected":false},"excerpt":{"rendered":"<p>-Materi\u0101ls: 100% kokvilna, PVC mikropunkti -Iek\u0161pus\u0113 pie\u0161\u016bta gumija plaukstas loc\u012btav\u0101 -Laba sa\u0137ere -Elpojo\u0161i un mitrumu atgr\u016bdo\u0161i -CAT I<\/p>","protected":false},"featured_media":318844,"comment_status":"open","ping_status":"closed","template":"","meta":{"_acf_changed":false},"product_brand":[],"product_cat":[186,88],"product_tag":[],"class_list":{"0":"post-318849","1":"product","2":"type-product","3":"status-publish","4":"has-post-thumbnail","6":"product_cat-kodukaubad","7":"product_cat-tarbekaubad-tooted","9":"first","10":"instock","11":"sale","12":"taxable","13":"shipping-taxable","14":"purchasable","15":"product-type-simple"},"supplier_id":null,"supplier_sku":"","barcode":null,"atum_controlled":true,"out_stock_date":null,"out_stock_threshold":null,"inheritable":false,"inbound_stock":0,"stock_on_hold":5,"sold_today":0,"sales_last_days":12,"reserved_stock":0,"customer_returns":0,"warehouse_damage":0,"lost_in_post":0,"other_logs":0,"out_stock_days":0,"lost_sales":0,"has_location":false,"update_date":"2026-02-12T09:20:55","atum_locations":[],"atum_stock_status":"instock","restock_status":false,"low_stock_amount":"","sales_update_date":"2026-02-12T09:20:46","calc_backorders":null,"acf":[],"_links":{"self":[{"href":"https:\/\/vbd.dev.sumena.ee\/lv\/wp-json\/wp\/v2\/product\/318849","targetHints":{"allow":["GET"]}}],"collection":[{"href":"https:\/\/vbd.dev.sumena.ee\/lv\/wp-json\/wp\/v2\/product"}],"about":[{"href":"https:\/\/vbd.dev.sumena.ee\/lv\/wp-json\/wp\/v2\/types\/product"}],"replies":[{"embeddable":true,"href":"https:\/\/vbd.dev.sumena.ee\/lv\/wp-json\/wp\/v2\/comments?post=318849"}],"wp:featuredmedia":[{"embeddable":true,"href":"https:\/\/vbd.dev.sumena.ee\/lv\/wp-json\/wp\/v2\/media\/318844"}],"wp:attachment":[{"href":"https:\/\/vbd.dev.sumena.ee\/lv\/wp-json\/wp\/v2\/media?parent=318849"}],"wp:term":[{"taxonomy":"product_brand","embeddable":true,"href":"https:\/\/vbd.dev.sumena.ee\/lv\/wp-json\/wp\/v2\/product_brand?post=318849"},{"taxonomy":"product_cat","embeddable":true,"href":"https:\/\/vbd.dev.sumena.ee\/lv\/wp-json\/wp\/v2\/product_cat?post=318849"},{"taxonomy":"product_tag","embeddable":true,"href":"https:\/\/vbd.dev.sumena.ee\/lv\/wp-json\/wp\/v2\/product_tag?post=318849"}],"curies":[{"name":"wp","href":"https:\/\/api.w.org\/{rel}","templated":true}]}}