{"id":317452,"date":"2025-10-08T15:10:07","date_gmt":"2025-10-08T12:10:07","guid":{"rendered":"https:\/\/vbd.dev.sumena.ee\/?post_type=product&#038;p=317452"},"modified":"2026-02-12T18:40:35","modified_gmt":"2026-02-12T15:40:35","slug":"thai-choice-satay-maapahkli-kaste-230g-2","status":"publish","type":"product","link":"https:\/\/vbd.dev.sumena.ee\/lv\/products-2\/thai-choice-satay-maapahkli-kaste-230g-2\/","title":{"rendered":"THAI CHOICE Satay zemesriekstu m\u0113rce 230g"},"content":{"rendered":"<p data-start=\"0\" data-end=\"215\">Kr\u0113m\u012bg\u0101 zemesriekstu m\u0113rce ir \u012bsta Taizemes iecien\u012bt\u0101. To pasniedz ar vistas, garnel\u0113m vai liellopa ga\u013cas iesmi\u0146iem un t\u0101 ir ide\u0101la tradicion\u0101la Taizemes \u0113diena sast\u0101vda\u013ca. Lieliski piem\u0113rota ar\u012b k\u0101 dipm\u0113rce vai sal\u0101tu m\u0113rce.<\/p>\n<p data-start=\"217\" data-end=\"710\" data-is-last-node=\"\" data-is-only-node=\"\"><strong data-start=\"217\" data-end=\"233\">Sast\u0101vda\u013cas:<\/strong> \u016bdens, kokosriekstu piens 27%, cukurs, Massaman karija pasta (soja e\u013c\u013ca, \u017e\u0101v\u0113ta sarkan\u0101 \u010dilli, s\u0101ls, \u0161alotes s\u012bpols, \u0137iploks, koriandra s\u0113klas, galang\u0101ls, citronz\u0101le, kardamons, kum\u012bns, muskatrieksts, kan\u0113lis, kafijas koka lapas), zemesriekstu pulveris 6,1%, balti sezama s\u0113kli\u0146as, soja e\u013c\u013ca, tamarinda pasta, biezin\u0101t\u0101js: modific\u0113tais tapiokas ciete (E1442), s\u0101ls, kum\u012bna pulveris, koriandra pulveris, kardamona pulveris, karija pulveris (\u010dilli pulveris, s\u0101ls, soja e\u013c\u013ca, \u0137imenes), sk\u0101buma regul\u0113t\u0101js: citronsk\u0101be (E330<\/p>","protected":false},"excerpt":{"rendered":"<p>Best-before: 04.12.2025 Daudzumtamp: 12<\/p>","protected":false},"featured_media":317455,"comment_status":"open","ping_status":"closed","template":"","meta":{"_acf_changed":false},"product_brand":[],"product_cat":[83],"product_tag":[],"class_list":{"0":"post-317452","1":"product","2":"type-product","3":"status-publish","4":"has-post-thumbnail","6":"product_cat-kastmed-olid","8":"first","9":"instock","10":"sale","11":"taxable","12":"shipping-taxable","13":"purchasable","14":"product-type-simple"},"supplier_id":null,"supplier_sku":"","barcode":null,"atum_controlled":true,"out_stock_date":null,"out_stock_threshold":null,"inheritable":false,"inbound_stock":0,"stock_on_hold":16,"sold_today":14,"sales_last_days":105,"reserved_stock":0,"customer_returns":0,"warehouse_damage":0,"lost_in_post":0,"other_logs":0,"out_stock_days":0,"lost_sales":0,"has_location":false,"update_date":"2026-02-12T15:49:41","atum_locations":[],"atum_stock_status":"instock","restock_status":false,"low_stock_amount":"","sales_update_date":"2026-02-12T15:49:30","calc_backorders":null,"acf":[],"_links":{"self":[{"href":"https:\/\/vbd.dev.sumena.ee\/lv\/wp-json\/wp\/v2\/product\/317452","targetHints":{"allow":["GET"]}}],"collection":[{"href":"https:\/\/vbd.dev.sumena.ee\/lv\/wp-json\/wp\/v2\/product"}],"about":[{"href":"https:\/\/vbd.dev.sumena.ee\/lv\/wp-json\/wp\/v2\/types\/product"}],"replies":[{"embeddable":true,"href":"https:\/\/vbd.dev.sumena.ee\/lv\/wp-json\/wp\/v2\/comments?post=317452"}],"wp:featuredmedia":[{"embeddable":true,"href":"https:\/\/vbd.dev.sumena.ee\/lv\/wp-json\/wp\/v2\/media\/317455"}],"wp:attachment":[{"href":"https:\/\/vbd.dev.sumena.ee\/lv\/wp-json\/wp\/v2\/media?parent=317452"}],"wp:term":[{"taxonomy":"product_brand","embeddable":true,"href":"https:\/\/vbd.dev.sumena.ee\/lv\/wp-json\/wp\/v2\/product_brand?post=317452"},{"taxonomy":"product_cat","embeddable":true,"href":"https:\/\/vbd.dev.sumena.ee\/lv\/wp-json\/wp\/v2\/product_cat?post=317452"},{"taxonomy":"product_tag","embeddable":true,"href":"https:\/\/vbd.dev.sumena.ee\/lv\/wp-json\/wp\/v2\/product_tag?post=317452"}],"curies":[{"name":"wp","href":"https:\/\/api.w.org\/{rel}","templated":true}]}}