{"id":315996,"date":"2025-10-04T15:49:57","date_gmt":"2025-10-04T12:49:57","guid":{"rendered":"https:\/\/vbd.dev.sumena.ee\/?post_type=product&#038;p=315996"},"modified":"2026-02-12T02:43:36","modified_gmt":"2026-02-11T23:43:36","slug":"comfort-pesuloputusvahend-suveaed-15l","status":"publish","type":"product","link":"https:\/\/vbd.dev.sumena.ee\/lv\/products-2\/comfort-pesuloputusvahend-suveaed-15l\/","title":{"rendered":"COMFORT Ve\u013cas m\u012bkstin\u0101t\u0101js Suveaed 1,5l"},"content":{"rendered":"<p data-start=\"31\" data-end=\"78\"><strong data-start=\"31\" data-end=\"76\">Comfort 1,5 l Suveaed \u2013 svaigs un mitrino\u0161s<\/strong><\/p>\n<p data-start=\"80\" data-end=\"339\" data-is-last-node=\"\" data-is-only-node=\"\"><em data-start=\"80\" data-end=\"89\">Comfort<\/em> ar za\u013caj\u0101m \u0101bolu un svaigu citrusisku noti, t\u0101 pie\u0161\u0137ir ve\u013cai svaigu un smalku smar\u017eu, padarot to p\u0113c katras mazg\u0101\u0161anas m\u012bkstu un pat\u012bkamu pieskarn\u0113ties. Izbaudi svaiguma saj\u016btu. <em data-start=\"259\" data-end=\"268\">Comfort<\/em> ve\u013cas m\u012bkstin\u0101t\u0101js aizsarg\u0101 auduma \u0161\u0137iedras un pal\u012bdz ap\u0123\u0113rbiem saglab\u0101ties k\u0101 jauniem ilg\u0101k.<\/p>","protected":false},"excerpt":{"rendered":"<p>Daudzpaka: 6<\/p>","protected":false},"featured_media":315997,"comment_status":"open","ping_status":"closed","template":"","meta":{"_acf_changed":false},"product_brand":[],"product_cat":[185,88],"product_tag":[],"class_list":{"0":"post-315996","1":"product","2":"type-product","3":"status-publish","4":"has-post-thumbnail","6":"product_cat-puhastus-ja-koristusvahendid","7":"product_cat-tarbekaubad-tooted","9":"first","10":"instock","11":"sale","12":"taxable","13":"shipping-taxable","14":"purchasable","15":"product-type-simple"},"supplier_id":null,"supplier_sku":"","barcode":null,"atum_controlled":true,"out_stock_date":null,"out_stock_threshold":null,"inheritable":false,"inbound_stock":0,"stock_on_hold":2,"sold_today":1,"sales_last_days":15,"reserved_stock":0,"customer_returns":0,"warehouse_damage":0,"lost_in_post":0,"other_logs":0,"out_stock_days":0,"lost_sales":0,"has_location":false,"update_date":"2026-02-11T23:45:46","atum_locations":[],"atum_stock_status":"instock","restock_status":false,"low_stock_amount":"","sales_update_date":"2026-02-11T23:45:39","calc_backorders":null,"acf":[],"_links":{"self":[{"href":"https:\/\/vbd.dev.sumena.ee\/lv\/wp-json\/wp\/v2\/product\/315996","targetHints":{"allow":["GET"]}}],"collection":[{"href":"https:\/\/vbd.dev.sumena.ee\/lv\/wp-json\/wp\/v2\/product"}],"about":[{"href":"https:\/\/vbd.dev.sumena.ee\/lv\/wp-json\/wp\/v2\/types\/product"}],"replies":[{"embeddable":true,"href":"https:\/\/vbd.dev.sumena.ee\/lv\/wp-json\/wp\/v2\/comments?post=315996"}],"wp:featuredmedia":[{"embeddable":true,"href":"https:\/\/vbd.dev.sumena.ee\/lv\/wp-json\/wp\/v2\/media\/315997"}],"wp:attachment":[{"href":"https:\/\/vbd.dev.sumena.ee\/lv\/wp-json\/wp\/v2\/media?parent=315996"}],"wp:term":[{"taxonomy":"product_brand","embeddable":true,"href":"https:\/\/vbd.dev.sumena.ee\/lv\/wp-json\/wp\/v2\/product_brand?post=315996"},{"taxonomy":"product_cat","embeddable":true,"href":"https:\/\/vbd.dev.sumena.ee\/lv\/wp-json\/wp\/v2\/product_cat?post=315996"},{"taxonomy":"product_tag","embeddable":true,"href":"https:\/\/vbd.dev.sumena.ee\/lv\/wp-json\/wp\/v2\/product_tag?post=315996"}],"curies":[{"name":"wp","href":"https:\/\/api.w.org\/{rel}","templated":true}]}}