{"id":312909,"date":"2026-02-10T09:51:02","date_gmt":"2026-02-10T06:51:02","guid":{"rendered":"https:\/\/vbd.dev.sumena.ee\/?post_type=product&#038;p=312909"},"modified":"2026-02-12T15:18:22","modified_gmt":"2026-02-12T12:18:22","slug":"dave-jons-maitsestatud-datlid-strawberry-milkshake-125g","status":"publish","type":"product","link":"https:\/\/vbd.dev.sumena.ee\/lv\/products-2\/dave-jons-maitsestatud-datlid-strawberry-milkshake-125g\/","title":{"rendered":"Dave &#038; Jon\u2019s aromatiz\u0113t\u0101s dateles \u201cStrawberry Milkshake\u201d 125g"},"content":{"rendered":"<div class=\"woocommerce-product-details__short-description\">\n<p>Salds uzkoda ar date\u013cu un zeme\u0146u pudi\u0146a gar\u0161u, kas atg\u0101dina nostal\u0123isku zeme\u0146u kokteili \u2013 bez pievienota cukura, tikai no dab\u012bg\u0101m sast\u0101vda\u013c\u0101m.<\/p>\n<\/div>","protected":false},"excerpt":{"rendered":"<p>Salds uzkoda ar date\u013cu un zeme\u0146u pudi\u0146a gar\u0161u, kas atg\u0101dina nostal\u0123isku zeme\u0146u kokteili \u2013 bez pievienota cukura, tikai no dab\u012bg\u0101m sast\u0101vda\u013c\u0101m.<\/p>","protected":false},"featured_media":312912,"comment_status":"open","ping_status":"closed","template":"","meta":{"_acf_changed":false},"product_brand":[],"product_cat":[77,80,82],"product_tag":[],"class_list":{"0":"post-312909","1":"product","2":"type-product","3":"status-publish","4":"has-post-thumbnail","6":"product_cat-maiustused","7":"product_cat-snakid","8":"product_cat-muu-hea","10":"first","11":"instock","12":"sale","13":"taxable","14":"shipping-taxable","15":"purchasable","16":"product-type-simple"},"supplier_id":null,"supplier_sku":"","barcode":null,"atum_controlled":true,"out_stock_date":null,"out_stock_threshold":null,"inheritable":false,"inbound_stock":0,"stock_on_hold":84,"sold_today":114,"sales_last_days":209,"reserved_stock":0,"customer_returns":0,"warehouse_damage":0,"lost_in_post":0,"other_logs":0,"out_stock_days":0,"lost_sales":0,"has_location":false,"update_date":"2026-02-12T14:58:18","atum_locations":[],"atum_stock_status":"instock","restock_status":false,"low_stock_amount":"","sales_update_date":"2026-02-12T14:58:10","calc_backorders":null,"acf":[],"_links":{"self":[{"href":"https:\/\/vbd.dev.sumena.ee\/lv\/wp-json\/wp\/v2\/product\/312909","targetHints":{"allow":["GET"]}}],"collection":[{"href":"https:\/\/vbd.dev.sumena.ee\/lv\/wp-json\/wp\/v2\/product"}],"about":[{"href":"https:\/\/vbd.dev.sumena.ee\/lv\/wp-json\/wp\/v2\/types\/product"}],"replies":[{"embeddable":true,"href":"https:\/\/vbd.dev.sumena.ee\/lv\/wp-json\/wp\/v2\/comments?post=312909"}],"wp:featuredmedia":[{"embeddable":true,"href":"https:\/\/vbd.dev.sumena.ee\/lv\/wp-json\/wp\/v2\/media\/312912"}],"wp:attachment":[{"href":"https:\/\/vbd.dev.sumena.ee\/lv\/wp-json\/wp\/v2\/media?parent=312909"}],"wp:term":[{"taxonomy":"product_brand","embeddable":true,"href":"https:\/\/vbd.dev.sumena.ee\/lv\/wp-json\/wp\/v2\/product_brand?post=312909"},{"taxonomy":"product_cat","embeddable":true,"href":"https:\/\/vbd.dev.sumena.ee\/lv\/wp-json\/wp\/v2\/product_cat?post=312909"},{"taxonomy":"product_tag","embeddable":true,"href":"https:\/\/vbd.dev.sumena.ee\/lv\/wp-json\/wp\/v2\/product_tag?post=312909"}],"curies":[{"name":"wp","href":"https:\/\/api.w.org\/{rel}","templated":true}]}}