{"id":312416,"date":"2025-09-23T23:53:19","date_gmt":"2025-09-23T20:53:19","guid":{"rendered":"https:\/\/vbd.dev.sumena.ee\/?post_type=product&#038;p=312416"},"modified":"2026-02-11T23:43:46","modified_gmt":"2026-02-11T20:43:46","slug":"sampoon-syoss-repair-440ml","status":"publish","type":"product","link":"https:\/\/vbd.dev.sumena.ee\/lv\/products-2\/sampoon-syoss-repair-440ml\/","title":{"rendered":"\u0160amp\u016bns Syoss Repair 440ml"},"content":{"rendered":"<div class=\"text\">\n<p>Jap\u0101nas iedvesmots Syoss Repair \u0161amp\u016bns saus\u0101m, boj\u0101t\u0101m matu galiem ar wakame j\u016brasz\u0101l\u0113m. Veg\u0101ns.<\/p>\n<div class=\"product__list-wrapper\">\n<p class=\"heading\">Sast\u0101vda\u013cas:<\/p>\n<div class=\"text\">\n<p>Aqua (Water, Eau), Sodium Laureth Sulfate, Cocamidopropyl Betaine, PEG-7 Glyceryl Cocoate, Sodium Chloride, Undaria Pinnatifida Extract, Glycine, Lysine HCl, Disodium Cocoamphodiacetate, Parfum (Fragrance), Sodium Benzoate, Citric Acid, Cocamide MEA, Dimethicone, Glycol Distearate, Hydrogenated Castor Oil, Guar Hydroxypropyltrimonium Chloride, Laureth-4, Glycerin, Sodium Hydroxide, Laureth-23, Limonene, Linalool, Propylene Glycol, Salicylic Acid, Benzyl Alcohol, Phenoxyethanol, Sodium Metabisulfite<\/p>\n<\/div>\n<\/div>\n<div class=\"product__list-wrapper\">\n<p>&nbsp;<\/p>\n<\/div>\n<\/div>","protected":false},"excerpt":{"rendered":"<p>Lab\u0101kais l\u012bdz: 24.05.2026 Daudzums iepakojum\u0101: 6<\/p>","protected":false},"featured_media":312417,"comment_status":"open","ping_status":"closed","template":"","meta":{"_acf_changed":false},"product_brand":[],"product_cat":[157,104],"product_tag":[],"class_list":{"0":"post-312416","1":"product","2":"type-product","3":"status-publish","4":"has-post-thumbnail","6":"product_cat-juuksehooldus","7":"product_cat-enesehooldus","9":"first","10":"instock","11":"sale","12":"taxable","13":"shipping-taxable","14":"purchasable","15":"product-type-simple"},"supplier_id":null,"supplier_sku":"","barcode":null,"atum_controlled":true,"out_stock_date":null,"out_stock_threshold":null,"inheritable":false,"inbound_stock":0,"stock_on_hold":0,"sold_today":0,"sales_last_days":18,"reserved_stock":0,"customer_returns":0,"warehouse_damage":0,"lost_in_post":0,"other_logs":0,"out_stock_days":0,"lost_sales":0,"has_location":false,"update_date":"2026-02-12T10:26:47","atum_locations":[],"atum_stock_status":"instock","restock_status":false,"low_stock_amount":"","sales_update_date":"2026-02-12T10:26:37","calc_backorders":null,"acf":[],"_links":{"self":[{"href":"https:\/\/vbd.dev.sumena.ee\/lv\/wp-json\/wp\/v2\/product\/312416","targetHints":{"allow":["GET"]}}],"collection":[{"href":"https:\/\/vbd.dev.sumena.ee\/lv\/wp-json\/wp\/v2\/product"}],"about":[{"href":"https:\/\/vbd.dev.sumena.ee\/lv\/wp-json\/wp\/v2\/types\/product"}],"replies":[{"embeddable":true,"href":"https:\/\/vbd.dev.sumena.ee\/lv\/wp-json\/wp\/v2\/comments?post=312416"}],"wp:featuredmedia":[{"embeddable":true,"href":"https:\/\/vbd.dev.sumena.ee\/lv\/wp-json\/wp\/v2\/media\/312417"}],"wp:attachment":[{"href":"https:\/\/vbd.dev.sumena.ee\/lv\/wp-json\/wp\/v2\/media?parent=312416"}],"wp:term":[{"taxonomy":"product_brand","embeddable":true,"href":"https:\/\/vbd.dev.sumena.ee\/lv\/wp-json\/wp\/v2\/product_brand?post=312416"},{"taxonomy":"product_cat","embeddable":true,"href":"https:\/\/vbd.dev.sumena.ee\/lv\/wp-json\/wp\/v2\/product_cat?post=312416"},{"taxonomy":"product_tag","embeddable":true,"href":"https:\/\/vbd.dev.sumena.ee\/lv\/wp-json\/wp\/v2\/product_tag?post=312416"}],"curies":[{"name":"wp","href":"https:\/\/api.w.org\/{rel}","templated":true}]}}