{"id":312400,"date":"2025-09-23T23:01:38","date_gmt":"2025-09-23T20:01:38","guid":{"rendered":"https:\/\/vbd.dev.sumena.ee\/?post_type=product&#038;p=312400"},"modified":"2026-02-10T00:04:34","modified_gmt":"2026-02-09T21:04:34","slug":"cif-original-puhastuskreem-500ml","status":"publish","type":"product","link":"https:\/\/vbd.dev.sumena.ee\/lv\/products-2\/cif-original-puhastuskreem-500ml\/","title":{"rendered":"Cif Original t\u012br\u012b\u0161anas kr\u0113ms 500ml"},"content":{"rendered":"<p>da\u017e\u0101du virsmu t\u012br\u012b\u0161anai virtuv\u0113, vannasistab\u0101 un cit\u0101s telp\u0101s \u2022 viegli not\u012bra visus stiprus un taukainus traipus, neskr\u0101p\u0113jot virsmu. Nav piem\u0113rots linolejam, \u0101dai, pakl\u0101jiem, tekstilizstr\u0101d\u0101jumiem, sadz\u012bves tehnikas uzrakstiem un simboliem. Izraisa sp\u0113c\u012bgu acu kairin\u0101jumu. Satur benzisotiazolinojonu. Var izrais\u012bt aler\u0123isku reakciju. Kairina \u0101du. NON\u0100KOT UZ \u0100DAS: mazg\u0101t ar lielu daudzumu ziepju un \u016bdens. NON\u0100KOT AC\u012a: r\u016bp\u012bgi skalot ar \u016bdeni vair\u0101kas min\u016btes. No\u0146emt kontaktl\u0113cas, ja to var viegli izdar\u012bt. Turpin\u0101t skalot. Ja<\/p>","protected":false},"excerpt":{"rendered":"<p>Parad\u0101ms l\u012bdz: 03.04.2026 Beigu iepakojums: 16<\/p>","protected":false},"featured_media":312401,"comment_status":"open","ping_status":"closed","template":"","meta":{"_acf_changed":false},"product_brand":[],"product_cat":[185,88],"product_tag":[],"class_list":{"0":"post-312400","1":"product","2":"type-product","3":"status-publish","4":"has-post-thumbnail","6":"product_cat-puhastus-ja-koristusvahendid","7":"product_cat-tarbekaubad-tooted","9":"first","10":"instock","11":"sale","12":"taxable","13":"shipping-taxable","14":"purchasable","15":"product-type-simple"},"supplier_id":null,"supplier_sku":"","barcode":null,"atum_controlled":true,"out_stock_date":null,"out_stock_threshold":null,"inheritable":false,"inbound_stock":0,"stock_on_hold":0,"sold_today":0,"sales_last_days":9,"reserved_stock":0,"customer_returns":0,"warehouse_damage":0,"lost_in_post":0,"other_logs":0,"out_stock_days":0,"lost_sales":0,"has_location":false,"update_date":"2026-02-12T08:55:12","atum_locations":[],"atum_stock_status":"instock","restock_status":false,"low_stock_amount":"","sales_update_date":"2026-02-12T08:55:04","calc_backorders":null,"acf":[],"_links":{"self":[{"href":"https:\/\/vbd.dev.sumena.ee\/lv\/wp-json\/wp\/v2\/product\/312400","targetHints":{"allow":["GET"]}}],"collection":[{"href":"https:\/\/vbd.dev.sumena.ee\/lv\/wp-json\/wp\/v2\/product"}],"about":[{"href":"https:\/\/vbd.dev.sumena.ee\/lv\/wp-json\/wp\/v2\/types\/product"}],"replies":[{"embeddable":true,"href":"https:\/\/vbd.dev.sumena.ee\/lv\/wp-json\/wp\/v2\/comments?post=312400"}],"wp:featuredmedia":[{"embeddable":true,"href":"https:\/\/vbd.dev.sumena.ee\/lv\/wp-json\/wp\/v2\/media\/312401"}],"wp:attachment":[{"href":"https:\/\/vbd.dev.sumena.ee\/lv\/wp-json\/wp\/v2\/media?parent=312400"}],"wp:term":[{"taxonomy":"product_brand","embeddable":true,"href":"https:\/\/vbd.dev.sumena.ee\/lv\/wp-json\/wp\/v2\/product_brand?post=312400"},{"taxonomy":"product_cat","embeddable":true,"href":"https:\/\/vbd.dev.sumena.ee\/lv\/wp-json\/wp\/v2\/product_cat?post=312400"},{"taxonomy":"product_tag","embeddable":true,"href":"https:\/\/vbd.dev.sumena.ee\/lv\/wp-json\/wp\/v2\/product_tag?post=312400"}],"curies":[{"name":"wp","href":"https:\/\/api.w.org\/{rel}","templated":true}]}}