{"id":312394,"date":"2025-11-19T22:48:42","date_gmt":"2025-11-19T19:48:42","guid":{"rendered":"https:\/\/vbd.dev.sumena.ee\/?post_type=product&#038;p=312394"},"modified":"2026-02-05T23:19:25","modified_gmt":"2026-02-05T20:19:25","slug":"ohuvarskendi-ambi-pur-car-ocean-2ml","status":"publish","type":"product","link":"https:\/\/vbd.dev.sumena.ee\/lv\/products-2\/ohuvarskendi-ambi-pur-car-ocean-2ml\/","title":{"rendered":"Auto atsvaidzin\u0101t\u0101js AMBI PUR Car Ocean, 2ml"},"content":{"rendered":"<div class=\"text\">\n<p>AUTOMA\u0160\u012aNAS Gaisa atsvaidzin\u0101t\u0101js AMBI OCEAN 2ML<\/p>\n<p><b>Atjaunini sava auto gaisu ar Ambi Puri oke\u0101na smar\u017eas gaisa atsvaidzin\u0101t\u0101ju!<\/b> \u0160is kompaktais 2 ml gaisa atsvaidzin\u0101t\u0101js ienes tav\u0101 auto ilgsto\u0161u un pat\u012bkamu oke\u0101na arom\u0101tu, kas neitraliz\u0113 nepat\u012bkam\u0101s smakas un rada pat\u012bkamu atmosf\u0113ru.<\/p>\n<p>Ambi Pur ir paz\u012bstams ar saviem kvalitat\u012bvajiem auto gaisa atsvaidzin\u0101t\u0101jiem. Oke\u0101na arom\u0101ts ir svaigs un t\u012brs, ide\u0101li piem\u0113rots tiem, kas mekl\u0113 vieglu un pat\u012bkamu smar\u017eu sav\u0101 automobil\u012b.<\/p>\n<p>&nbsp;<\/p>\n<\/div>","protected":false},"excerpt":{"rendered":"<p>L\u012bdz lieto\u0161anai: 02.08.2026<\/p>","protected":false},"featured_media":312395,"comment_status":"open","ping_status":"closed","template":"","meta":{"_acf_changed":false},"product_brand":[],"product_cat":[187,88],"product_tag":[],"class_list":{"0":"post-312394","1":"product","2":"type-product","3":"status-publish","4":"has-post-thumbnail","6":"product_cat-leiunurk","7":"product_cat-tarbekaubad-tooted","9":"first","10":"instock","11":"sale","12":"taxable","13":"shipping-taxable","14":"purchasable","15":"product-type-simple"},"supplier_id":null,"supplier_sku":"","barcode":null,"atum_controlled":true,"out_stock_date":null,"out_stock_threshold":null,"inheritable":false,"inbound_stock":0,"stock_on_hold":0,"sold_today":0,"sales_last_days":10,"reserved_stock":0,"customer_returns":0,"warehouse_damage":0,"lost_in_post":0,"other_logs":0,"out_stock_days":0,"lost_sales":0,"has_location":false,"update_date":"2026-02-09T12:51:19","atum_locations":[],"atum_stock_status":"instock","restock_status":false,"low_stock_amount":"","sales_update_date":"2026-02-09T12:51:19","calc_backorders":null,"acf":[],"_links":{"self":[{"href":"https:\/\/vbd.dev.sumena.ee\/lv\/wp-json\/wp\/v2\/product\/312394","targetHints":{"allow":["GET"]}}],"collection":[{"href":"https:\/\/vbd.dev.sumena.ee\/lv\/wp-json\/wp\/v2\/product"}],"about":[{"href":"https:\/\/vbd.dev.sumena.ee\/lv\/wp-json\/wp\/v2\/types\/product"}],"replies":[{"embeddable":true,"href":"https:\/\/vbd.dev.sumena.ee\/lv\/wp-json\/wp\/v2\/comments?post=312394"}],"wp:featuredmedia":[{"embeddable":true,"href":"https:\/\/vbd.dev.sumena.ee\/lv\/wp-json\/wp\/v2\/media\/312395"}],"wp:attachment":[{"href":"https:\/\/vbd.dev.sumena.ee\/lv\/wp-json\/wp\/v2\/media?parent=312394"}],"wp:term":[{"taxonomy":"product_brand","embeddable":true,"href":"https:\/\/vbd.dev.sumena.ee\/lv\/wp-json\/wp\/v2\/product_brand?post=312394"},{"taxonomy":"product_cat","embeddable":true,"href":"https:\/\/vbd.dev.sumena.ee\/lv\/wp-json\/wp\/v2\/product_cat?post=312394"},{"taxonomy":"product_tag","embeddable":true,"href":"https:\/\/vbd.dev.sumena.ee\/lv\/wp-json\/wp\/v2\/product_tag?post=312394"}],"curies":[{"name":"wp","href":"https:\/\/api.w.org\/{rel}","templated":true}]}}