{"id":312379,"date":"2025-09-23T22:28:43","date_gmt":"2025-09-23T19:28:43","guid":{"rendered":"https:\/\/vbd.dev.sumena.ee\/?post_type=product&#038;p=312379"},"modified":"2026-02-08T20:44:12","modified_gmt":"2026-02-08T17:44:12","slug":"adidas-dusigeel-pre-sleep-calm-250ml","status":"publish","type":"product","link":"https:\/\/vbd.dev.sumena.ee\/lv\/products-2\/adidas-dusigeel-pre-sleep-calm-250ml\/","title":{"rendered":"Adidas Du\u0161igeel Pre-Sleep Calm 250ml"},"content":{"rendered":"<p>Bag\u0101tin\u0101ts ar lavandas \u0113terisko e\u013c\u013cu un nomierina pr\u0101tu. Unee l\u012bnijas nomierino\u0161ais du\u0161as \u017eeleja, dermatolo\u0123iski p\u0101rbaud\u012btas sast\u0101vda\u013cas, piem\u0113rots jut\u012bgai \u0101dai: glicer\u012bna-hialurona komplekss baro, nodro\u0161ina \u0101tru \u0101das atjauno\u0161anos un saglab\u0101 \u0101das dab\u012bgo mitrumu \u2013 pat bie\u017ei du\u0161ojoties. Veg\u0101ns sast\u0101vs bez ziep\u0113m, miner\u0101le\u013c\u013cas un sulf\u0101tu b\u0101zes virsmakt\u012bv\u0101m viel\u0101m, 98% biolo\u0123iski no\u0101rd\u0101ms. Ilgtsp\u0113j\u012bga pudele ir ar\u012b papildpild\u0101ma un izgatavota no 100% p\u0101rstr\u0101d\u0101ta materi\u0101la (iz\u0146emot pildvielas, kor\u0137i un eti\u0137eti). Sast\u0101vs: AQUA\/W<\/p>","protected":false},"excerpt":{"rendered":"<p>Der\u012bguma termi\u0146\u0161: 10.03.2026 Daudzums iepakojum\u0101: 12<\/p>","protected":false},"featured_media":312380,"comment_status":"open","ping_status":"closed","template":"","meta":{"_acf_changed":false},"product_brand":[],"product_cat":[158,104],"product_tag":[],"class_list":{"0":"post-312379","1":"product","2":"type-product","3":"status-publish","4":"has-post-thumbnail","6":"product_cat-kehahooldus","7":"product_cat-enesehooldus","9":"first","10":"instock","11":"sale","12":"taxable","13":"shipping-taxable","14":"purchasable","15":"product-type-simple"},"supplier_id":null,"supplier_sku":"","barcode":null,"atum_controlled":true,"out_stock_date":null,"out_stock_threshold":null,"inheritable":false,"inbound_stock":0,"stock_on_hold":0,"sold_today":0,"sales_last_days":24,"reserved_stock":0,"customer_returns":0,"warehouse_damage":0,"lost_in_post":0,"other_logs":0,"out_stock_days":0,"lost_sales":0,"has_location":false,"update_date":"2026-02-11T10:46:28","atum_locations":[],"atum_stock_status":"instock","restock_status":false,"low_stock_amount":"","sales_update_date":"2026-02-11T10:46:19","calc_backorders":null,"acf":[],"_links":{"self":[{"href":"https:\/\/vbd.dev.sumena.ee\/lv\/wp-json\/wp\/v2\/product\/312379","targetHints":{"allow":["GET"]}}],"collection":[{"href":"https:\/\/vbd.dev.sumena.ee\/lv\/wp-json\/wp\/v2\/product"}],"about":[{"href":"https:\/\/vbd.dev.sumena.ee\/lv\/wp-json\/wp\/v2\/types\/product"}],"replies":[{"embeddable":true,"href":"https:\/\/vbd.dev.sumena.ee\/lv\/wp-json\/wp\/v2\/comments?post=312379"}],"wp:featuredmedia":[{"embeddable":true,"href":"https:\/\/vbd.dev.sumena.ee\/lv\/wp-json\/wp\/v2\/media\/312380"}],"wp:attachment":[{"href":"https:\/\/vbd.dev.sumena.ee\/lv\/wp-json\/wp\/v2\/media?parent=312379"}],"wp:term":[{"taxonomy":"product_brand","embeddable":true,"href":"https:\/\/vbd.dev.sumena.ee\/lv\/wp-json\/wp\/v2\/product_brand?post=312379"},{"taxonomy":"product_cat","embeddable":true,"href":"https:\/\/vbd.dev.sumena.ee\/lv\/wp-json\/wp\/v2\/product_cat?post=312379"},{"taxonomy":"product_tag","embeddable":true,"href":"https:\/\/vbd.dev.sumena.ee\/lv\/wp-json\/wp\/v2\/product_tag?post=312379"}],"curies":[{"name":"wp","href":"https:\/\/api.w.org\/{rel}","templated":true}]}}