{"id":312333,"date":"2025-09-23T16:41:31","date_gmt":"2025-09-23T13:41:31","guid":{"rendered":"https:\/\/vbd.dev.sumena.ee\/?post_type=product&#038;p=312333"},"modified":"2026-02-12T12:09:44","modified_gmt":"2026-02-12T09:09:44","slug":"kikerherne-valge-oa-kidney-punase-oa-ja-liima-oa-segu-bonduelle-vapeur-425ml-310g","status":"publish","type":"product","link":"https:\/\/vbd.dev.sumena.ee\/lv\/products-2\/kikerherne-valge-oa-kidney-punase-oa-ja-liima-oa-segu-bonduelle-vapeur-425ml-310g\/","title":{"rendered":"Maisi\u0146\u0101 samais\u012bts zemesriekstu pupu, balt\u0101 pupu, sarkan\u0101 nieru pupu un l\u0113cu mais\u012bjums Bonduelle Vapeur 425ml\/310g"},"content":{"rendered":"<p class=\"heading\">Sast\u0101vs<\/p>\n<ul class=\"list\">\n<li class=\"item\">\n<div class=\"text\">\n<p>m\u0113rc\u0113ti \u017e\u0101v\u0113ti p\u0101k\u0161augi main\u012bg\u0101 sast\u0101v\u0101 (minimaliz\u0113t\u0101: turku zir\u0146i, balt\u0101s pupas, sarkan\u0101s kidney pupas, Lima\/bie\u017e\u0101k sauktas \u2014 Lima pupas), \u016bdens, s\u0101ls, biezin\u0101t\u0101js: kalcija hlor\u012bds<\/p>\n<\/div>\n<\/li>\n<\/ul>","protected":false},"excerpt":{"rendered":"<p>Lab\u0101kais l\u012bdz: 28.02.2026 Daudzums iepakojum\u0101: 12<\/p>","protected":false},"featured_media":312334,"comment_status":"open","ping_status":"closed","template":"","meta":{"_acf_changed":false},"product_brand":[],"product_cat":[184,87],"product_tag":[],"class_list":{"0":"post-312333","1":"product","2":"type-product","3":"status-publish","4":"has-post-thumbnail","6":"product_cat-konservid-moosid","7":"product_cat-meie-lemmikud","9":"first","10":"instock","11":"sale","12":"taxable","13":"shipping-taxable","14":"purchasable","15":"product-type-simple"},"supplier_id":null,"supplier_sku":"","barcode":null,"atum_controlled":true,"out_stock_date":null,"out_stock_threshold":null,"inheritable":false,"inbound_stock":0,"stock_on_hold":34,"sold_today":15,"sales_last_days":247,"reserved_stock":0,"customer_returns":0,"warehouse_damage":0,"lost_in_post":0,"other_logs":0,"out_stock_days":0,"lost_sales":0,"has_location":false,"update_date":"2026-02-12T13:40:08","atum_locations":[],"atum_stock_status":"instock","restock_status":false,"low_stock_amount":"","sales_update_date":"2026-02-12T13:39:58","calc_backorders":null,"acf":[],"_links":{"self":[{"href":"https:\/\/vbd.dev.sumena.ee\/lv\/wp-json\/wp\/v2\/product\/312333","targetHints":{"allow":["GET"]}}],"collection":[{"href":"https:\/\/vbd.dev.sumena.ee\/lv\/wp-json\/wp\/v2\/product"}],"about":[{"href":"https:\/\/vbd.dev.sumena.ee\/lv\/wp-json\/wp\/v2\/types\/product"}],"replies":[{"embeddable":true,"href":"https:\/\/vbd.dev.sumena.ee\/lv\/wp-json\/wp\/v2\/comments?post=312333"}],"wp:featuredmedia":[{"embeddable":true,"href":"https:\/\/vbd.dev.sumena.ee\/lv\/wp-json\/wp\/v2\/media\/312334"}],"wp:attachment":[{"href":"https:\/\/vbd.dev.sumena.ee\/lv\/wp-json\/wp\/v2\/media?parent=312333"}],"wp:term":[{"taxonomy":"product_brand","embeddable":true,"href":"https:\/\/vbd.dev.sumena.ee\/lv\/wp-json\/wp\/v2\/product_brand?post=312333"},{"taxonomy":"product_cat","embeddable":true,"href":"https:\/\/vbd.dev.sumena.ee\/lv\/wp-json\/wp\/v2\/product_cat?post=312333"},{"taxonomy":"product_tag","embeddable":true,"href":"https:\/\/vbd.dev.sumena.ee\/lv\/wp-json\/wp\/v2\/product_tag?post=312333"}],"curies":[{"name":"wp","href":"https:\/\/api.w.org\/{rel}","templated":true}]}}