{"id":311083,"date":"2025-09-19T12:39:32","date_gmt":"2025-09-19T09:39:32","guid":{"rendered":"https:\/\/vbd.dev.sumena.ee\/?post_type=product&#038;p=311083"},"modified":"2026-02-11T10:28:07","modified_gmt":"2026-02-11T07:28:07","slug":"dusigeel-niisutav-ja-toitev-woods-x-vetiver-rich-280-ml","status":"publish","type":"product","link":"https:\/\/vbd.dev.sumena.ee\/lv\/products-2\/dusigeel-niisutav-ja-toitev-woods-x-vetiver-rich-280-ml\/","title":{"rendered":"Du\u0161as \u017eeleja mitrino\u0161a un barojo\u0161a Woods x Vetiver, RICH, 280 ml"},"content":{"rendered":"<p>Ide\u0101li piem\u0113rots m\u012b\u013cot\u0101jiem, kuri nov\u0113rt\u0113 maigas un koksnainas arom\u0101tus. Du\u0161as \u017eeleja, bag\u0101tin\u0101ta ar Polyplant Marine\u2122 augu ekstraktu kompleksu (p\u012bl\u0101d\u017eas, nori, wakame, za\u013c\u0101s j\u016brasz\u0101les, sarkan\u0101s j\u016brasz\u0101les), atst\u0101j \u0101du m\u012bkstu un mitrin\u0101tu. J\u016brasz\u0101l\u0113s ir daudz vitam\u012bnu un miner\u0101lvielu, kas baro \u0101du.<\/p>\n<p>Sast\u0101vs: AQUA\/WATER\/EAU, SODIUM MYRETH SULFATE, COCOAMIDO PROPYL BETAINE, COCO-GLUCOSIDE, GLYCERYL OLEATE, GLYCERIN, PARFUM (FRAGRANCE), SODIUM CHLORIDE, CAPRYLYL GLYCOL, GUAR HYDROXYPROPYLTRIMONIUM CHLORIDE, ETHYLHEXYLGLYCERIN, CITRIC ACID, SODIUM HYDROXIDE, ENTEROMORPHA COMPRESSA EXTRACT, FUCUS VESICULOSUS EXTRACT, LITHOTHAMNION CALCAREUM EXTRACT, PORPHYRA UMBILICALIS EXTRACT, UNDARIA PINNATIFIDA EXTRACT, POTASSIUM SORBATE, SODIUM BENZOATE, LINALOOL, LIMONENE, ALPHA-ISOMETH<\/p>","protected":false},"excerpt":{"rendered":"<p>Daudzpaka: 6<\/p>","protected":false},"featured_media":311084,"comment_status":"open","ping_status":"closed","template":"","meta":{"_acf_changed":false},"product_brand":[],"product_cat":[158,104],"product_tag":[],"class_list":{"0":"post-311083","1":"product","2":"type-product","3":"status-publish","4":"has-post-thumbnail","6":"product_cat-kehahooldus","7":"product_cat-enesehooldus","9":"first","10":"instock","11":"sale","12":"taxable","13":"shipping-taxable","14":"purchasable","15":"product-type-simple"},"supplier_id":null,"supplier_sku":"","barcode":null,"atum_controlled":true,"out_stock_date":null,"out_stock_threshold":null,"inheritable":false,"inbound_stock":0,"stock_on_hold":0,"sold_today":1,"sales_last_days":16,"reserved_stock":0,"customer_returns":0,"warehouse_damage":0,"lost_in_post":0,"other_logs":0,"out_stock_days":0,"lost_sales":0,"has_location":false,"update_date":"2026-02-11T11:48:30","atum_locations":[],"atum_stock_status":"instock","restock_status":false,"low_stock_amount":"","sales_update_date":"2026-02-11T11:48:20","calc_backorders":null,"acf":[],"_links":{"self":[{"href":"https:\/\/vbd.dev.sumena.ee\/lv\/wp-json\/wp\/v2\/product\/311083","targetHints":{"allow":["GET"]}}],"collection":[{"href":"https:\/\/vbd.dev.sumena.ee\/lv\/wp-json\/wp\/v2\/product"}],"about":[{"href":"https:\/\/vbd.dev.sumena.ee\/lv\/wp-json\/wp\/v2\/types\/product"}],"replies":[{"embeddable":true,"href":"https:\/\/vbd.dev.sumena.ee\/lv\/wp-json\/wp\/v2\/comments?post=311083"}],"wp:featuredmedia":[{"embeddable":true,"href":"https:\/\/vbd.dev.sumena.ee\/lv\/wp-json\/wp\/v2\/media\/311084"}],"wp:attachment":[{"href":"https:\/\/vbd.dev.sumena.ee\/lv\/wp-json\/wp\/v2\/media?parent=311083"}],"wp:term":[{"taxonomy":"product_brand","embeddable":true,"href":"https:\/\/vbd.dev.sumena.ee\/lv\/wp-json\/wp\/v2\/product_brand?post=311083"},{"taxonomy":"product_cat","embeddable":true,"href":"https:\/\/vbd.dev.sumena.ee\/lv\/wp-json\/wp\/v2\/product_cat?post=311083"},{"taxonomy":"product_tag","embeddable":true,"href":"https:\/\/vbd.dev.sumena.ee\/lv\/wp-json\/wp\/v2\/product_tag?post=311083"}],"curies":[{"name":"wp","href":"https:\/\/api.w.org\/{rel}","templated":true}]}}