{"id":311079,"date":"2025-09-19T12:33:07","date_gmt":"2025-09-19T09:33:07","guid":{"rendered":"https:\/\/vbd.dev.sumena.ee\/?post_type=product&#038;p=311079"},"modified":"2026-02-06T21:28:21","modified_gmt":"2026-02-06T18:28:21","slug":"dusigeel-niisutav-ja-toitev-valge-roos-mandlipiim-rich-280-ml","status":"publish","type":"product","link":"https:\/\/vbd.dev.sumena.ee\/lv\/products-2\/dusigeel-niisutav-ja-toitev-valge-roos-mandlipiim-rich-280-ml\/","title":{"rendered":"Du\u0161as \u017eeleja mitrino\u0161a un barojo\u0161a (baltais roze-mande\u013cu piens), RICH, 280 ml"},"content":{"rendered":"<p>Padariet du\u0161as baud\u012b\u0161anu v\u0113l pat\u012bkam\u0101ku ar \u0161o White Rose &amp; Almond Milk du\u0161as \u017eeleju. Ide\u0101li ziedu un maig\u0101ku arom\u0101tu cien\u012bt\u0101jiem. Du\u0161as \u017eeleja, kas bag\u0101tin\u0101ta ar Polyplant Marine\u2122 augu ekstraktu kompleksu (lielas br\u016bnv\u0113\u017eveid\u012bg\u0101s j\u016brasz\u0101les, nori, wakame, za\u013c\u0101s j\u016brasz\u0101les, sarkan\u0101s j\u016brasz\u0101les), sniedz \u0101dai maigumu un mitrina to. Dab\u012bgi vitam\u012bniem un miner\u0101lviel\u0101m bag\u0101t\u0101s j\u016brasz\u0101les baro \u0101du.<br \/>\nLieto\u0161ana: lietot uz mitras \u0101das. Iemas\u0113t l\u012bdz putas veidojas, noskalot ar \u016bdeni.<br \/>\nSast\u0101vda\u013cas: AQUA\/WATER\/EAU, SODIUM MYRETH SULFATE, COCOAMIDO PROPYL BETAINE, COCO-GLUCOSIDE, GLYCERYL OLEATE, GLYCERIN, PARFUM (FRAGRANCE), SODIUM CHLORIDE, CAPRYLYL GLYCOL, GUAR HYDROXYPROPYLTRIMONIUM CHLORIDE, ETHYLHEXYLGLYCERIN, CITRIC ACID, SODIUM HYDROXIDE, ENTEROMORPHA COMPRESSA EXTRACT, FUCUS VESICULOSUS EXTRACT, LITHOTHAMNION CALCAREUM EXTRACT, PORPHYRA UMBILICALIS EXTRACT, UNDARIA PINNATIFIDA EXTRACT, POTASSIUM SORBATE, SODIUM BENZOATE, CITRONELLOL, LIMONENE.<br \/>\nUzman\u012bbu! Atg\u0101din\u0101m, ka produktu sast\u0101vs var main\u012bties. Visjaun\u0101kais sast\u0101vda\u013cu saraksts atrodams uz ieg\u0101d\u0101t\u0101 produkta iepakojuma. Ja t\u012bmekl\u012b nor\u0101d\u012btais produkta sast\u0101vs at\u0161\u0137iras no iepakojum\u0101 redzam\u0101, l\u016bdzu, skatiet ieg\u0101d\u0101taj\u0101 produkt\u0101 eso\u0161o sarakstu.<\/p>","protected":false},"excerpt":{"rendered":"<p>Daudzpaka: 6<\/p>","protected":false},"featured_media":311080,"comment_status":"open","ping_status":"closed","template":"","meta":{"_acf_changed":false},"product_brand":[],"product_cat":[158,104],"product_tag":[],"class_list":{"0":"post-311079","1":"product","2":"type-product","3":"status-publish","4":"has-post-thumbnail","6":"product_cat-kehahooldus","7":"product_cat-enesehooldus","9":"first","10":"instock","11":"sale","12":"taxable","13":"shipping-taxable","14":"purchasable","15":"product-type-simple"},"supplier_id":null,"supplier_sku":"","barcode":null,"atum_controlled":true,"out_stock_date":null,"out_stock_threshold":null,"inheritable":false,"inbound_stock":0,"stock_on_hold":0,"sold_today":0,"sales_last_days":15,"reserved_stock":0,"customer_returns":0,"warehouse_damage":0,"lost_in_post":0,"other_logs":0,"out_stock_days":0,"lost_sales":0,"has_location":false,"update_date":"2026-02-11T09:18:56","atum_locations":[],"atum_stock_status":"instock","restock_status":false,"low_stock_amount":"","sales_update_date":"2026-02-11T09:18:56","calc_backorders":null,"acf":[],"_links":{"self":[{"href":"https:\/\/vbd.dev.sumena.ee\/lv\/wp-json\/wp\/v2\/product\/311079","targetHints":{"allow":["GET"]}}],"collection":[{"href":"https:\/\/vbd.dev.sumena.ee\/lv\/wp-json\/wp\/v2\/product"}],"about":[{"href":"https:\/\/vbd.dev.sumena.ee\/lv\/wp-json\/wp\/v2\/types\/product"}],"replies":[{"embeddable":true,"href":"https:\/\/vbd.dev.sumena.ee\/lv\/wp-json\/wp\/v2\/comments?post=311079"}],"wp:featuredmedia":[{"embeddable":true,"href":"https:\/\/vbd.dev.sumena.ee\/lv\/wp-json\/wp\/v2\/media\/311080"}],"wp:attachment":[{"href":"https:\/\/vbd.dev.sumena.ee\/lv\/wp-json\/wp\/v2\/media?parent=311079"}],"wp:term":[{"taxonomy":"product_brand","embeddable":true,"href":"https:\/\/vbd.dev.sumena.ee\/lv\/wp-json\/wp\/v2\/product_brand?post=311079"},{"taxonomy":"product_cat","embeddable":true,"href":"https:\/\/vbd.dev.sumena.ee\/lv\/wp-json\/wp\/v2\/product_cat?post=311079"},{"taxonomy":"product_tag","embeddable":true,"href":"https:\/\/vbd.dev.sumena.ee\/lv\/wp-json\/wp\/v2\/product_tag?post=311079"}],"curies":[{"name":"wp","href":"https:\/\/api.w.org\/{rel}","templated":true}]}}