{"id":311077,"date":"2025-09-19T12:30:01","date_gmt":"2025-09-19T09:30:01","guid":{"rendered":"https:\/\/vbd.dev.sumena.ee\/?post_type=product&#038;p=311077"},"modified":"2026-02-11T23:48:44","modified_gmt":"2026-02-11T20:48:44","slug":"dusigeel-niisutav-ja-toitev-piparmunt-mimoos-rich-280-ml","status":"publish","type":"product","link":"https:\/\/vbd.dev.sumena.ee\/lv\/products-2\/dusigeel-niisutav-ja-toitev-piparmunt-mimoos-rich-280-ml\/","title":{"rendered":"Du\u0161as \u017eeleja mitrino\u0161a un barojo\u0161a (piparm\u0113tra-mimoza), RICH, 280 ml"},"content":{"rendered":"<div class=\"product-description\">\n<div>\n<div>Arom\u0101tisks du\u0161as gels ar svaigu smar\u017eu, bag\u0101tin\u0101ts ar Polyplant Marine\u2122 augu ekstraktu kompleksu (kelp, nori, wakame, za\u013c\u0101\u013c\u0123es, sarkan\u0101s\u013c\u0123es), lai m\u012bkstin\u0101tu un mitrin\u0101tu \u0101du. Dabiski bag\u0101tin\u0101ts ar vitam\u012bniem un miner\u0101lviel\u0101m, p\u012bl\u0101d\u017ea e\u013c\u013ca baro j\u016bsu \u0101du.<br \/>\nLieto\u0161ana: lietot uz mitras \u0101das. Iemas\u0113t l\u012bdz saputojas, noskalot ar \u016bdeni.<br \/>\nSast\u0101vs: Sast\u0101vda\u013cas: AQUA\/VESI\/EAU, SODIUM LAURETH SULFATE, COCAMIDOPROPYL BETAINE, COCAMIDOPROPYL GLUCOSIDE, GLYCERYL OLEATE, GLYCERIN, PARFUM (SMAR\u017dVIELA), SODIUM CHLORIDE, CAPRYLYL GLYCOL, GUAR HYDROXYPROPYLTRIMONIUM CHLORIDE, ETHYLHEXYLGLYCERIN, CITRIC ACID, SODIUM HYDROXIDE, ENTEROMORPHA COMPRESSA EXTRACT, FUCUS VESICULOSUS EXTRACT, LITHOTHAMNION CALCAREUM EXTRACT, PORPHYRA UMBILICALIS EXTRACT, UNDARIA PINNATIFIDA EXTRACT, POTASSIUM SORBATE, SODIUM BENZOATE<br \/>\nUzman\u012bbu! \u0145emiet v\u0113r\u0101, ka produktu sast\u0101vs var main\u012bties. Jaun\u0101kais sast\u0101vda\u013cu saraksts ir pieejams ieg\u0101d\u0101t\u0101 produkta iepakojum\u0101. Ja tie\u0161saist\u0113 nor\u0101d\u012bt\u0101s sast\u0101vda\u013cas at\u0161\u0137iras no iepakojum\u0101 eso\u0161aj\u0101m, l\u016bdzu, skatiet ieg\u0101d\u0101t\u0101 produkta sarakstu.<br \/>\nDer\u012bguma termi\u0146\u0161: produkts ir der\u012bgs 12 m\u0113ne\u0161us no atv\u0113r\u0161anas datuma.<\/div>\n<\/div>\n<\/div>\n<div class=\"product-description\"><\/div>","protected":false},"excerpt":{"rendered":"<p>Daudzpaka: 6<\/p>","protected":false},"featured_media":311078,"comment_status":"open","ping_status":"closed","template":"","meta":{"_acf_changed":false},"product_brand":[],"product_cat":[158,104],"product_tag":[],"class_list":{"0":"post-311077","1":"product","2":"type-product","3":"status-publish","4":"has-post-thumbnail","6":"product_cat-kehahooldus","7":"product_cat-enesehooldus","9":"first","10":"instock","11":"sale","12":"taxable","13":"shipping-taxable","14":"purchasable","15":"product-type-simple"},"supplier_id":null,"supplier_sku":"","barcode":null,"atum_controlled":true,"out_stock_date":null,"out_stock_threshold":null,"inheritable":false,"inbound_stock":0,"stock_on_hold":0,"sold_today":0,"sales_last_days":10,"reserved_stock":0,"customer_returns":0,"warehouse_damage":0,"lost_in_post":0,"other_logs":0,"out_stock_days":0,"lost_sales":0,"has_location":false,"update_date":"2026-02-12T06:53:12","atum_locations":[],"atum_stock_status":"instock","restock_status":false,"low_stock_amount":"","sales_update_date":"2026-02-12T06:53:04","calc_backorders":null,"acf":[],"_links":{"self":[{"href":"https:\/\/vbd.dev.sumena.ee\/lv\/wp-json\/wp\/v2\/product\/311077","targetHints":{"allow":["GET"]}}],"collection":[{"href":"https:\/\/vbd.dev.sumena.ee\/lv\/wp-json\/wp\/v2\/product"}],"about":[{"href":"https:\/\/vbd.dev.sumena.ee\/lv\/wp-json\/wp\/v2\/types\/product"}],"replies":[{"embeddable":true,"href":"https:\/\/vbd.dev.sumena.ee\/lv\/wp-json\/wp\/v2\/comments?post=311077"}],"wp:featuredmedia":[{"embeddable":true,"href":"https:\/\/vbd.dev.sumena.ee\/lv\/wp-json\/wp\/v2\/media\/311078"}],"wp:attachment":[{"href":"https:\/\/vbd.dev.sumena.ee\/lv\/wp-json\/wp\/v2\/media?parent=311077"}],"wp:term":[{"taxonomy":"product_brand","embeddable":true,"href":"https:\/\/vbd.dev.sumena.ee\/lv\/wp-json\/wp\/v2\/product_brand?post=311077"},{"taxonomy":"product_cat","embeddable":true,"href":"https:\/\/vbd.dev.sumena.ee\/lv\/wp-json\/wp\/v2\/product_cat?post=311077"},{"taxonomy":"product_tag","embeddable":true,"href":"https:\/\/vbd.dev.sumena.ee\/lv\/wp-json\/wp\/v2\/product_tag?post=311077"}],"curies":[{"name":"wp","href":"https:\/\/api.w.org\/{rel}","templated":true}]}}