{"id":311054,"date":"2025-11-19T14:29:13","date_gmt":"2025-11-19T11:29:13","guid":{"rendered":"https:\/\/vbd.dev.sumena.ee\/?post_type=product&#038;p=311054"},"modified":"2026-02-12T12:32:30","modified_gmt":"2026-02-12T09:32:30","slug":"thai-choice-ploomikaste-200ml","status":"publish","type":"product","link":"https:\/\/vbd.dev.sumena.ee\/lv\/products-2\/thai-choice-ploomikaste-200ml\/","title":{"rendered":"THAI CHOICE pl\u016bmju m\u0113rce 200ml"},"content":{"rendered":"<p>Pl\u016bmju m\u0113rce piem\u0113rota m\u0113rc\u0113m pie jebkura veida ga\u013cas, j\u016bras velt\u0113m un pavasara ru\u013c\u013ciem. Tai ir aug\u013caina, salda un pat\u012bkami sk\u0101bena gar\u0161a un arom\u0101ts. Izm\u0113\u0123ini ar\u012b k\u0101 dipu, sal\u0101tu gar\u0161as uzlabo\u0161anai vai pievieno pank\u016bk\u0101m!<\/p>\n<p><strong>Sast\u0101vda\u013cas:<\/strong> cukurs, \u016bdens, fruktoze, glikoze, pl\u016bme 5%, s\u0101ls, sk\u0101buma regulators: citronsk\u0101be E330, stabilizators: guar gumija E412, ksant\u0101na gumija E415, \u017eelejvielas: gellangumija E418, pl\u016bmju aromatiz\u0113t\u0101js, saldin\u0101t\u0101js: aspart\u0101ms E 951. Produkt\u0101 var b\u016bt RIEKSTU da\u013ci\u0146as, nesatur konservantus, MSG vai m\u0101ksl\u012bg\u0101s kr\u0101svielas.<\/p>\n<p><strong>Uzturv\u0113rt\u012bbas inform\u0101cija uz 100 ml produkta:<\/strong> ener\u0123ijas saturs 1177 kJ\/277 kcal, tauki 0 g, no kuriem pies\u0101tin\u0101t\u0101s tauksk\u0101bes 0 g; og\u013chidr\u0101ti 68,9 g, no kuriem cukuri 63,3 g; \u0161\u0137iedrvielas 0,8 g; olbaltumvielas 0 g; s\u0101ls 2,2 g.<\/p>","protected":false},"excerpt":{"rendered":"<p>Lab\u0101k pirms: 14.12.2025<\/p>","protected":false},"featured_media":311055,"comment_status":"open","ping_status":"closed","template":"","meta":{"_acf_changed":false},"product_brand":[],"product_cat":[83],"product_tag":[],"class_list":{"0":"post-311054","1":"product","2":"type-product","3":"status-publish","4":"has-post-thumbnail","6":"product_cat-kastmed-olid","8":"first","9":"instock","10":"sale","11":"taxable","12":"shipping-taxable","13":"purchasable","14":"product-type-simple"},"supplier_id":null,"supplier_sku":"","barcode":null,"atum_controlled":true,"out_stock_date":null,"out_stock_threshold":null,"inheritable":false,"inbound_stock":0,"stock_on_hold":38,"sold_today":13,"sales_last_days":81,"reserved_stock":0,"customer_returns":0,"warehouse_damage":0,"lost_in_post":0,"other_logs":0,"out_stock_days":0,"lost_sales":0,"has_location":false,"update_date":"2026-02-12T10:37:12","atum_locations":[],"atum_stock_status":"instock","restock_status":true,"low_stock_amount":"","sales_update_date":"2026-02-12T10:37:03","calc_backorders":null,"acf":[],"_links":{"self":[{"href":"https:\/\/vbd.dev.sumena.ee\/lv\/wp-json\/wp\/v2\/product\/311054","targetHints":{"allow":["GET"]}}],"collection":[{"href":"https:\/\/vbd.dev.sumena.ee\/lv\/wp-json\/wp\/v2\/product"}],"about":[{"href":"https:\/\/vbd.dev.sumena.ee\/lv\/wp-json\/wp\/v2\/types\/product"}],"replies":[{"embeddable":true,"href":"https:\/\/vbd.dev.sumena.ee\/lv\/wp-json\/wp\/v2\/comments?post=311054"}],"wp:featuredmedia":[{"embeddable":true,"href":"https:\/\/vbd.dev.sumena.ee\/lv\/wp-json\/wp\/v2\/media\/311055"}],"wp:attachment":[{"href":"https:\/\/vbd.dev.sumena.ee\/lv\/wp-json\/wp\/v2\/media?parent=311054"}],"wp:term":[{"taxonomy":"product_brand","embeddable":true,"href":"https:\/\/vbd.dev.sumena.ee\/lv\/wp-json\/wp\/v2\/product_brand?post=311054"},{"taxonomy":"product_cat","embeddable":true,"href":"https:\/\/vbd.dev.sumena.ee\/lv\/wp-json\/wp\/v2\/product_cat?post=311054"},{"taxonomy":"product_tag","embeddable":true,"href":"https:\/\/vbd.dev.sumena.ee\/lv\/wp-json\/wp\/v2\/product_tag?post=311054"}],"curies":[{"name":"wp","href":"https:\/\/api.w.org\/{rel}","templated":true}]}}