{"id":308269,"date":"2025-09-11T16:49:58","date_gmt":"2025-09-11T13:49:58","guid":{"rendered":"https:\/\/vbd.dev.sumena.ee\/?post_type=product&#038;p=308269"},"modified":"2026-02-06T11:03:51","modified_gmt":"2026-02-06T08:03:51","slug":"holle-bio-baby-jatkupiim-2-600g","status":"publish","type":"product","link":"https:\/\/vbd.dev.sumena.ee\/lv\/products-2\/holle-bio-baby-jatkupiim-2-600g\/","title":{"rendered":"Holle Bio Baby turpin\u0101\u0161anas piena 2 600g"},"content":{"rendered":"<p>Holle organisk\u0101 piena mais\u012bjums ir izgatavots no 99% organiski audz\u0113t\u0101m sast\u0101vda\u013c\u0101m. Pienu, ko izmanto piena mais\u012bjumos, ieg\u016bst no gov\u012bm, kuras audz\u0113 biodinamiskaj\u0101s (Demeter) saimniec\u012bb\u0101s ar r\u016bp\u0113m un m\u012blest\u012bbu. Atliku\u0161ais 1% ir vitam\u012bni un miner\u0101lvielas, kas nepiecie\u0161amas b\u0113rna att\u012bst\u012bbai un kas noteiktas Eiropas Savien\u012bbas pras\u012bb\u0101s.<\/p>","protected":false},"excerpt":{"rendered":"<p>Der\u012bguma termi\u0146\u0161: 08.07.2026 Daudzumpak. : 4<\/p>","protected":false},"featured_media":308270,"comment_status":"open","ping_status":"closed","template":"","meta":{"_acf_changed":false},"product_brand":[],"product_cat":[80,89],"product_tag":[],"class_list":{"0":"post-308269","1":"product","2":"type-product","3":"status-publish","4":"has-post-thumbnail","6":"product_cat-snakid","7":"product_cat-valmistoit","9":"first","10":"instock","11":"sale","12":"taxable","13":"shipping-taxable","14":"purchasable","15":"product-type-simple"},"supplier_id":null,"supplier_sku":"","barcode":null,"atum_controlled":true,"out_stock_date":null,"out_stock_threshold":null,"inheritable":false,"inbound_stock":0,"stock_on_hold":0,"sold_today":0,"sales_last_days":2,"reserved_stock":0,"customer_returns":0,"warehouse_damage":0,"lost_in_post":0,"other_logs":0,"out_stock_days":0,"lost_sales":0,"has_location":false,"update_date":"2026-02-08T14:04:13","atum_locations":[],"atum_stock_status":"instock","restock_status":false,"low_stock_amount":"","sales_update_date":"2026-02-08T14:03:59","calc_backorders":null,"acf":[],"_links":{"self":[{"href":"https:\/\/vbd.dev.sumena.ee\/lv\/wp-json\/wp\/v2\/product\/308269","targetHints":{"allow":["GET"]}}],"collection":[{"href":"https:\/\/vbd.dev.sumena.ee\/lv\/wp-json\/wp\/v2\/product"}],"about":[{"href":"https:\/\/vbd.dev.sumena.ee\/lv\/wp-json\/wp\/v2\/types\/product"}],"replies":[{"embeddable":true,"href":"https:\/\/vbd.dev.sumena.ee\/lv\/wp-json\/wp\/v2\/comments?post=308269"}],"wp:featuredmedia":[{"embeddable":true,"href":"https:\/\/vbd.dev.sumena.ee\/lv\/wp-json\/wp\/v2\/media\/308270"}],"wp:attachment":[{"href":"https:\/\/vbd.dev.sumena.ee\/lv\/wp-json\/wp\/v2\/media?parent=308269"}],"wp:term":[{"taxonomy":"product_brand","embeddable":true,"href":"https:\/\/vbd.dev.sumena.ee\/lv\/wp-json\/wp\/v2\/product_brand?post=308269"},{"taxonomy":"product_cat","embeddable":true,"href":"https:\/\/vbd.dev.sumena.ee\/lv\/wp-json\/wp\/v2\/product_cat?post=308269"},{"taxonomy":"product_tag","embeddable":true,"href":"https:\/\/vbd.dev.sumena.ee\/lv\/wp-json\/wp\/v2\/product_tag?post=308269"}],"curies":[{"name":"wp","href":"https:\/\/api.w.org\/{rel}","templated":true}]}}