{"id":303706,"date":"2025-08-30T13:37:24","date_gmt":"2025-08-30T10:37:24","guid":{"rendered":"https:\/\/vbd.dev.sumena.ee\/?post_type=product&#038;p=303706"},"modified":"2026-02-11T18:29:45","modified_gmt":"2026-02-11T15:29:45","slug":"tume-sojakaste-thai-choice-200ml","status":"publish","type":"product","link":"https:\/\/vbd.dev.sumena.ee\/lv\/products-2\/tume-sojakaste-thai-choice-200ml\/","title":{"rendered":"Tum\u0161\u0101 sojas m\u0113rce, THAI CHOICE, 200ml"},"content":{"rendered":"<p>Ar bag\u0101t\u012bgu arom\u0101tu, s\u0101\u013c\u0161 un \u012bpa\u0161as gar\u0161as m\u0113rce, kas piem\u0113rota da\u017e\u0101du putnu ga\u013cas vai zivju \u0113dienu gar\u0161as pastiprin\u0101\u0161anai.<\/p>\n<p><strong>Sast\u0101vda\u013cas:<\/strong>\u00a0cukurs, \u016bdens, SOJAS pupu m\u0113rce (so\u013c\u016bdens, taukainas SOJAS pupas, KVIE\u0160U milti (satur GLUT\u0112NU)), melase, s\u0101ls, kr\u0101sviela: karamelle (E150c), konservants: k\u0101lija sorb\u0101ts (E202).<\/p>\n<p><strong>Uzturv\u0113rt\u012bbas inform\u0101cija uz 100 ml produkta:<\/strong> ener\u0123ijas saturs 1046 kJ\/250 kcal, tauki 0 g, no kuriem pies\u0101tin\u0101t\u0101s tauksk\u0101bes 0 g; og\u013chidr\u0101ti 58 g, no kuriem cukuri 42 g; olbaltumvielas 4,2 g; s\u0101ls 1,4 g.<\/p>","protected":false},"excerpt":{"rendered":"<p>Glab\u0101t l\u012bdz: 25.10.2025<\/p>","protected":false},"featured_media":303707,"comment_status":"open","ping_status":"closed","template":"","meta":{"_acf_changed":false},"product_brand":[],"product_cat":[83],"product_tag":[],"class_list":{"0":"post-303706","1":"product","2":"type-product","3":"status-publish","4":"has-post-thumbnail","6":"product_cat-kastmed-olid","8":"first","9":"instock","10":"sale","11":"taxable","12":"shipping-taxable","13":"purchasable","14":"product-type-simple"},"supplier_id":null,"supplier_sku":"","barcode":null,"atum_controlled":true,"out_stock_date":null,"out_stock_threshold":null,"inheritable":false,"inbound_stock":0,"stock_on_hold":0,"sold_today":0,"sales_last_days":48,"reserved_stock":0,"customer_returns":0,"warehouse_damage":0,"lost_in_post":0,"other_logs":0,"out_stock_days":0,"lost_sales":0,"has_location":false,"update_date":"2026-02-12T10:35:04","atum_locations":[],"atum_stock_status":"instock","restock_status":false,"low_stock_amount":"","sales_update_date":"2026-02-12T10:34:54","calc_backorders":null,"acf":[],"_links":{"self":[{"href":"https:\/\/vbd.dev.sumena.ee\/lv\/wp-json\/wp\/v2\/product\/303706","targetHints":{"allow":["GET"]}}],"collection":[{"href":"https:\/\/vbd.dev.sumena.ee\/lv\/wp-json\/wp\/v2\/product"}],"about":[{"href":"https:\/\/vbd.dev.sumena.ee\/lv\/wp-json\/wp\/v2\/types\/product"}],"replies":[{"embeddable":true,"href":"https:\/\/vbd.dev.sumena.ee\/lv\/wp-json\/wp\/v2\/comments?post=303706"}],"wp:featuredmedia":[{"embeddable":true,"href":"https:\/\/vbd.dev.sumena.ee\/lv\/wp-json\/wp\/v2\/media\/303707"}],"wp:attachment":[{"href":"https:\/\/vbd.dev.sumena.ee\/lv\/wp-json\/wp\/v2\/media?parent=303706"}],"wp:term":[{"taxonomy":"product_brand","embeddable":true,"href":"https:\/\/vbd.dev.sumena.ee\/lv\/wp-json\/wp\/v2\/product_brand?post=303706"},{"taxonomy":"product_cat","embeddable":true,"href":"https:\/\/vbd.dev.sumena.ee\/lv\/wp-json\/wp\/v2\/product_cat?post=303706"},{"taxonomy":"product_tag","embeddable":true,"href":"https:\/\/vbd.dev.sumena.ee\/lv\/wp-json\/wp\/v2\/product_tag?post=303706"}],"curies":[{"name":"wp","href":"https:\/\/api.w.org\/{rel}","templated":true}]}}