{"id":303704,"date":"2025-10-08T14:38:57","date_gmt":"2025-10-08T11:38:57","guid":{"rendered":"https:\/\/vbd.dev.sumena.ee\/?post_type=product&#038;p=303704"},"modified":"2026-02-11T23:21:09","modified_gmt":"2026-02-11T20:21:09","slug":"tsillikaste-mangoga-thai-choice-200ml","status":"publish","type":"product","link":"https:\/\/vbd.dev.sumena.ee\/lv\/products-2\/tsillikaste-mangoga-thai-choice-200ml\/","title":{"rendered":"\u010cili m\u0113rce ar mango, THAI CHOICE, 200ml"},"content":{"rendered":"<p>Mango m\u0113rce ar nelielu \u010dili piejaukumu ir ide\u0101la dipm\u0113rce pavasara rull\u012b\u0161iem, j\u016bras velt\u0113m un vistai, sal\u0101tu gar\u0161ai un marin\u0101d\u0113m.<\/p>\n<p><strong>Sast\u0101vda\u013cas:<\/strong> kalt\u0113ts mango (46%), \u016bdens, cukurs, s\u0101ls, sarkanais \u010dili 1,5%, sk\u0101buma regul\u0113t\u0101js: citronu sk\u0101be E330, biezin\u0101t\u0101js: modific\u0113ts ciete E1442, stabilizators: ksant\u0101na sve\u0137i E415. Produkts var satur\u0113t RIEKSTU gabali\u0146us. Nesatur m\u0101ksl\u012bg\u0101s kr\u0101svielas. Nesatur konservantus un MSG.<\/p>\n<p><strong>Uzturv\u0113rt\u012bbas inform\u0101cija uz 100 ml produkta:<\/strong> ener\u0123\u0113tisk\u0101 v\u0113rt\u012bba 610 kJ\/146 kcal, tauki 0,01 g, no kuriem pies\u0101tin\u0101t\u0101s tauksk\u0101bes 0 g; og\u013chidr\u0101ti 30 g, no kuriem cukuri 20 g; \u0161\u0137iedrvielas 0,6 g; olbaltumvielas 0,25 g; s\u0101ls 1,9 g.<\/p>","protected":false},"excerpt":{"rendered":"<p>Best-before: 04.12.2025 Daudzumtamp: 12<\/p>","protected":false},"featured_media":303705,"comment_status":"open","ping_status":"closed","template":"","meta":{"_acf_changed":false},"product_brand":[],"product_cat":[83],"product_tag":[],"class_list":{"0":"post-303704","1":"product","2":"type-product","3":"status-publish","4":"has-post-thumbnail","6":"product_cat-kastmed-olid","8":"first","9":"instock","10":"sale","11":"taxable","12":"shipping-taxable","13":"purchasable","14":"product-type-simple"},"supplier_id":null,"supplier_sku":"","barcode":null,"atum_controlled":true,"out_stock_date":null,"out_stock_threshold":null,"inheritable":false,"inbound_stock":0,"stock_on_hold":2,"sold_today":0,"sales_last_days":104,"reserved_stock":0,"customer_returns":0,"warehouse_damage":0,"lost_in_post":0,"other_logs":0,"out_stock_days":0,"lost_sales":0,"has_location":false,"update_date":"2026-02-12T14:27:57","atum_locations":[],"atum_stock_status":"instock","restock_status":false,"low_stock_amount":"","sales_update_date":"2026-02-12T14:27:48","calc_backorders":null,"acf":[],"_links":{"self":[{"href":"https:\/\/vbd.dev.sumena.ee\/lv\/wp-json\/wp\/v2\/product\/303704","targetHints":{"allow":["GET"]}}],"collection":[{"href":"https:\/\/vbd.dev.sumena.ee\/lv\/wp-json\/wp\/v2\/product"}],"about":[{"href":"https:\/\/vbd.dev.sumena.ee\/lv\/wp-json\/wp\/v2\/types\/product"}],"replies":[{"embeddable":true,"href":"https:\/\/vbd.dev.sumena.ee\/lv\/wp-json\/wp\/v2\/comments?post=303704"}],"wp:featuredmedia":[{"embeddable":true,"href":"https:\/\/vbd.dev.sumena.ee\/lv\/wp-json\/wp\/v2\/media\/303705"}],"wp:attachment":[{"href":"https:\/\/vbd.dev.sumena.ee\/lv\/wp-json\/wp\/v2\/media?parent=303704"}],"wp:term":[{"taxonomy":"product_brand","embeddable":true,"href":"https:\/\/vbd.dev.sumena.ee\/lv\/wp-json\/wp\/v2\/product_brand?post=303704"},{"taxonomy":"product_cat","embeddable":true,"href":"https:\/\/vbd.dev.sumena.ee\/lv\/wp-json\/wp\/v2\/product_cat?post=303704"},{"taxonomy":"product_tag","embeddable":true,"href":"https:\/\/vbd.dev.sumena.ee\/lv\/wp-json\/wp\/v2\/product_tag?post=303704"}],"curies":[{"name":"wp","href":"https:\/\/api.w.org\/{rel}","templated":true}]}}