{"id":299014,"date":"2025-09-23T23:04:26","date_gmt":"2025-09-23T20:04:26","guid":{"rendered":"https:\/\/vbd.dev.sumena.ee\/?post_type=product&#038;p=299014"},"modified":"2026-02-12T16:10:02","modified_gmt":"2026-02-12T13:10:02","slug":"hambapasta-3d-white-mint-crest-125-ml","status":"publish","type":"product","link":"https:\/\/vbd.dev.sumena.ee\/lv\/products-2\/hambapasta-3d-white-mint-crest-125-ml\/","title":{"rendered":"Zobu pasta 3D White Mint, CREST, 125 ml"},"content":{"rendered":"<p>CREST balino\u0161a zobu pasta<br \/>\nRegul\u0101ra zobu t\u012br\u012b\u0161ana pal\u012bdz aizsarg\u0101t zobus un nostiprin\u0101t v\u0101j\u0101s vietas, lai c\u012bn\u012btos pret zobu kariesu<br \/>\nSatur n\u0101trija fluor\u012bdu (1450 ppm fluor\u012bda)<br \/>\nIlgsto\u0161a svaiguma<br \/>\nIetekm\u0113 m\u0113li, smaganas un zobus<br \/>\nE-pastam dro\u0161s sast\u0101vs<br \/>\nNav piem\u0113rots b\u0113rniem l\u012bdz 6 gadu vecumam<br \/>\n125 ml<\/p>","protected":false},"excerpt":{"rendered":"<p>Best-before 28.02.2025 Daudzums iepakojum\u0101: 24<\/p>","protected":false},"featured_media":299015,"comment_status":"open","ping_status":"closed","template":"","meta":{"_acf_changed":false},"product_brand":[],"product_cat":[155,104],"product_tag":[],"class_list":{"0":"post-299014","1":"product","2":"type-product","3":"status-publish","4":"has-post-thumbnail","6":"product_cat-suuhooldus","7":"product_cat-enesehooldus","9":"first","10":"instock","11":"sale","12":"taxable","13":"shipping-taxable","14":"purchasable","15":"product-type-simple"},"supplier_id":null,"supplier_sku":"","barcode":null,"atum_controlled":true,"out_stock_date":null,"out_stock_threshold":null,"inheritable":false,"inbound_stock":0,"stock_on_hold":39,"sold_today":32,"sales_last_days":633,"reserved_stock":0,"customer_returns":0,"warehouse_damage":0,"lost_in_post":0,"other_logs":0,"out_stock_days":0,"lost_sales":0,"has_location":false,"update_date":"2026-02-12T13:42:05","atum_locations":[],"atum_stock_status":"instock","restock_status":false,"low_stock_amount":"","sales_update_date":"2026-02-12T13:41:56","calc_backorders":null,"acf":[],"_links":{"self":[{"href":"https:\/\/vbd.dev.sumena.ee\/lv\/wp-json\/wp\/v2\/product\/299014","targetHints":{"allow":["GET"]}}],"collection":[{"href":"https:\/\/vbd.dev.sumena.ee\/lv\/wp-json\/wp\/v2\/product"}],"about":[{"href":"https:\/\/vbd.dev.sumena.ee\/lv\/wp-json\/wp\/v2\/types\/product"}],"replies":[{"embeddable":true,"href":"https:\/\/vbd.dev.sumena.ee\/lv\/wp-json\/wp\/v2\/comments?post=299014"}],"wp:featuredmedia":[{"embeddable":true,"href":"https:\/\/vbd.dev.sumena.ee\/lv\/wp-json\/wp\/v2\/media\/299015"}],"wp:attachment":[{"href":"https:\/\/vbd.dev.sumena.ee\/lv\/wp-json\/wp\/v2\/media?parent=299014"}],"wp:term":[{"taxonomy":"product_brand","embeddable":true,"href":"https:\/\/vbd.dev.sumena.ee\/lv\/wp-json\/wp\/v2\/product_brand?post=299014"},{"taxonomy":"product_cat","embeddable":true,"href":"https:\/\/vbd.dev.sumena.ee\/lv\/wp-json\/wp\/v2\/product_cat?post=299014"},{"taxonomy":"product_tag","embeddable":true,"href":"https:\/\/vbd.dev.sumena.ee\/lv\/wp-json\/wp\/v2\/product_tag?post=299014"}],"curies":[{"name":"wp","href":"https:\/\/api.w.org\/{rel}","templated":true}]}}