{"id":296196,"date":"2026-01-28T15:20:32","date_gmt":"2026-01-28T12:20:32","guid":{"rendered":"https:\/\/vbd.dev.sumena.ee\/?post_type=product&#038;p=296196"},"modified":"2026-02-12T18:50:09","modified_gmt":"2026-02-12T15:50:09","slug":"mahlane-kana-karri-poltsamaa-valmis-380g","status":"publish","type":"product","link":"https:\/\/vbd.dev.sumena.ee\/lv\/products-2\/mahlane-kana-karri-poltsamaa-valmis-380g\/","title":{"rendered":"Sul\u012bgas vistas karijs, P\u00d5LTSAMAA VALMIS!, 380g"},"content":{"rendered":"<div class=\"Accordion AttributeAccordion\" data-v-28ef612e=\"\">\n<div class=\"Accordion__content\">\n<div class=\"AttributeAccordion__content\" data-v-28ef612e=\"\">Sul\u012bga un arom\u0101tiska r\u012bsu \u0113diena ar vistas ga\u013cu, kario un apels\u012bna pipariem.<\/div>\n<\/div>\n<\/div>\n<div class=\"Accordion AttributeAccordion\" data-v-28ef612e=\"\">\n<div class=\"AttributeAccordion__heading\" data-v-28ef612e=\"\">Sast\u0101vs<\/div>\n<div class=\"Accordion__content\">\n<div class=\"AttributeAccordion__content\" data-v-28ef612e=\"\">\n<p>R\u012bsi, burk\u0101ns, paprika, vistas aug\u0161stilba ga\u013ca (12\u202f%), sasmalcin\u0101ts ananass, saldais kr\u0113jums, dzeram\u0101 \u016bdens, puravs, rap\u0161u e\u013c\u013ca, r\u012bsu ciete, s\u0101ls, \u0137iploku pasta (\u0137iploki, \u016bdens, rap\u0161u e\u013c\u013ca), cukurs, citrona sulas koncentr\u0101ts, karija pulveris (0,35\u202f%), apels\u012bnu pipari (0,2\u202f%), \u010dili, Kaj\u0113nas pipars.<\/p>\n<p>* Produkta sast\u0101vs var main\u012bties. Pirms produkta lieto\u0161anas p\u0101rbaudiet uz iepakojuma nor\u0101d\u012bt\u0101s sast\u0101vda\u013cas.<\/p>\n<\/div>\n<\/div>\n<\/div>\n<div class=\"Accordion AttributeAccordion\" data-v-28ef612e=\"\">\n<div class=\"AttributeAccordion__heading\" data-v-28ef612e=\"\">Uzturv\u0113rt\u012bba<\/div>\n<div class=\"Accordion__content\">\n<div class=\"AttributeAccordion__content\" data-v-28ef612e=\"\">\n<div data-v-33cd2938=\"\">\n<table class=\"ProductNutrition\" data-v-33cd2938=\"\">\n<tbody data-v-33cd2938=\"\">\n<tr data-v-33cd2938=\"\">\n<th class=\"ProductNutrition__title\" colspan=\"2\" data-v-33cd2938=\"\">uz 100 gramiem<\/th>\n<\/tr>\n<tr data-v-33cd2938=\"\">\n<th class=\"ProductNutrition__label\" data-v-33cd2938=\"\">Ener\u0123ijas saturs (kJ\/kcal)<\/th>\n<td class=\"ProductNutrition__value\" data-v-33cd2938=\"\">422,6kJ\/101kcal<\/td>\n<\/tr>\n<tr data-v-33cd2938=\"\">\n<th class=\"ProductNutrition__label\" data-v-33cd2938=\"\">Tauki (g)<\/th>\n<td class=\"ProductNutrition__value\" data-v-33cd2938=\"\">4,40<\/td>\n<\/tr>\n<tr data-v-33cd2938=\"\">\n<th class=\"ProductNutrition__label\" data-v-33cd2938=\"\">No\u0101trin\u0101t\u0101s tauksk\u0101bes (g)<\/th>\n<td class=\"ProductNutrition__value\" data-v-33cd2938=\"\">1,50<\/td>\n<\/tr>\n<tr data-v-33cd2938=\"\">\n<th class=\"ProductNutrition__label\" data-v-33cd2938=\"\">Og\u013chidr\u0101ti (g)<\/th>\n<td class=\"ProductNutrition__value\" data-v-33cd2938=\"\">11<\/td>\n<\/tr>\n<tr data-v-33cd2938=\"\">\n<th class=\"ProductNutrition__label\" data-v-33cd2938=\"\">No k\u0101diem cukuriem (g)<\/th>\n<td class=\"ProductNutrition__value\" data-v-33cd2938=\"\">3,70<\/td>\n<\/tr>\n<tr data-v-33cd2938=\"\">\n<th class=\"ProductNutrition__label\" data-v-33cd2938=\"\">Olbaltumvielas (g)<\/th>\n<td class=\"ProductNutrition__value\" data-v-33cd2938=\"\">3,50<\/td>\n<\/tr>\n<tr data-v-33cd2938=\"\">\n<th class=\"ProductNutrition__label\" data-v-33cd2938=\"\">S\u0101ls (g)<\/th>\n<td class=\"ProductNutrition__value\" data-v-33cd2938=\"\">1<\/td>\n<\/tr>\n<\/tbody>\n<\/table>\n<\/div>\n<\/div>\n<\/div>\n<\/div>","protected":false},"excerpt":{"rendered":"<p>Mahlane ja maitsek\u00fcllane riisiroog kanaliha, karri ja apelsinipipraga. Koostisosad riis, porgand, paprika, kana kintsuliha (12% sissepanekul), t\u00fckeldatud ananass, R\u00d5\u00d5SK KOOR, joogivesi, porrulauk, rapsi\u00f5li, riisit\u00e4rklis, sool, k\u00fc\u00fcslaugupasta(k\u00fc\u00fcslauk, vesi, rapsi\u00f5li), suhkur, sidrunimahla kontsentraat, karripulber(0,35%), apelsinipipar (0,2%), t\u0161illi, Cayenne&#8217;i pipar. * Toote koostisosade loetelu v\u00f5ib muutuda. Kontrollige enne toote tarbimist pakendil esitatud koostisosi. Toitumisalane teave 100 grammi kohta [&hellip;]<\/p>","protected":false},"featured_media":296197,"comment_status":"open","ping_status":"closed","template":"","meta":{"_acf_changed":false},"product_brand":[],"product_cat":[80,89],"product_tag":[],"class_list":{"0":"post-296196","1":"product","2":"type-product","3":"status-publish","4":"has-post-thumbnail","6":"product_cat-snakid","7":"product_cat-valmistoit","9":"first","10":"instock","11":"sale","12":"taxable","13":"shipping-taxable","14":"purchasable","15":"product-type-simple"},"supplier_id":null,"supplier_sku":"","barcode":null,"atum_controlled":true,"out_stock_date":null,"out_stock_threshold":null,"inheritable":false,"inbound_stock":0,"stock_on_hold":12,"sold_today":10,"sales_last_days":157,"reserved_stock":0,"customer_returns":0,"warehouse_damage":0,"lost_in_post":0,"other_logs":0,"out_stock_days":0,"lost_sales":0,"has_location":false,"update_date":"2026-02-12T15:50:53","atum_locations":[],"atum_stock_status":"instock","restock_status":true,"low_stock_amount":"","sales_update_date":"2026-02-12T15:50:43","calc_backorders":null,"acf":[],"_links":{"self":[{"href":"https:\/\/vbd.dev.sumena.ee\/lv\/wp-json\/wp\/v2\/product\/296196","targetHints":{"allow":["GET"]}}],"collection":[{"href":"https:\/\/vbd.dev.sumena.ee\/lv\/wp-json\/wp\/v2\/product"}],"about":[{"href":"https:\/\/vbd.dev.sumena.ee\/lv\/wp-json\/wp\/v2\/types\/product"}],"replies":[{"embeddable":true,"href":"https:\/\/vbd.dev.sumena.ee\/lv\/wp-json\/wp\/v2\/comments?post=296196"}],"wp:featuredmedia":[{"embeddable":true,"href":"https:\/\/vbd.dev.sumena.ee\/lv\/wp-json\/wp\/v2\/media\/296197"}],"wp:attachment":[{"href":"https:\/\/vbd.dev.sumena.ee\/lv\/wp-json\/wp\/v2\/media?parent=296196"}],"wp:term":[{"taxonomy":"product_brand","embeddable":true,"href":"https:\/\/vbd.dev.sumena.ee\/lv\/wp-json\/wp\/v2\/product_brand?post=296196"},{"taxonomy":"product_cat","embeddable":true,"href":"https:\/\/vbd.dev.sumena.ee\/lv\/wp-json\/wp\/v2\/product_cat?post=296196"},{"taxonomy":"product_tag","embeddable":true,"href":"https:\/\/vbd.dev.sumena.ee\/lv\/wp-json\/wp\/v2\/product_tag?post=296196"}],"curies":[{"name":"wp","href":"https:\/\/api.w.org\/{rel}","templated":true}]}}