{"id":293990,"date":"2025-08-01T09:39:09","date_gmt":"2025-08-01T06:39:09","guid":{"rendered":"https:\/\/vbd.dev.sumena.ee\/?post_type=product&#038;p=293990"},"modified":"2026-02-12T12:09:39","modified_gmt":"2026-02-12T09:09:39","slug":"organic-foods-mustad-kikerherned-vees-400g","status":"publish","type":"product","link":"https:\/\/vbd.dev.sumena.ee\/lv\/products-2\/organic-foods-mustad-kikerherned-vees-400g\/","title":{"rendered":"Organic Foods Mustad turku zir\u0146i \u016bden\u012b 400g"},"content":{"rendered":"<div class=\"ingredients\"><strong>Sast\u0101vda\u013cas:<\/strong> Turku zir\u0146i* 60%, \u016bdens *Biolo\u0123isk\u0101s lauksaimniec\u012bbas produkcija.<\/div>\n<div class=\"toitumisinfo\">\n<p><strong>Uzturv\u0113rt\u012bba uz 100 g<\/strong><\/p>\n<div>Ener\u0123ija:649kJ\/155kcal<\/div>\n<div>Tauki:0,4g<\/div>\n<div>tostie tauksk\u0101bes:0,1g<\/div>\n<div>Og\u013chidr\u0101ti:5,1g<\/div>\n<div>taj\u0101 skait\u0101 cukuri:0,1g<\/div>\n<div>Olbaltumvielas:4,6g<\/div>\n<div>S\u0101ls:0,0g<\/div>\n<\/div>","protected":false},"excerpt":{"rendered":"<p>Der\u012bguma termi\u0146\u0161: 30.11.2025 Daudzums iepakojum\u0101: 12<\/p>","protected":false},"featured_media":293991,"comment_status":"open","ping_status":"closed","template":"","meta":{"_acf_changed":false},"product_brand":[],"product_cat":[184],"product_tag":[],"class_list":{"0":"post-293990","1":"product","2":"type-product","3":"status-publish","4":"has-post-thumbnail","6":"product_cat-konservid-moosid","8":"first","9":"instock","10":"sale","11":"taxable","12":"shipping-taxable","13":"purchasable","14":"product-type-simple"},"supplier_id":null,"supplier_sku":"","barcode":null,"atum_controlled":true,"out_stock_date":null,"out_stock_threshold":null,"inheritable":false,"inbound_stock":0,"stock_on_hold":18,"sold_today":14,"sales_last_days":119,"reserved_stock":0,"customer_returns":0,"warehouse_damage":0,"lost_in_post":0,"other_logs":0,"out_stock_days":0,"lost_sales":0,"has_location":false,"update_date":"2026-02-12T11:08:20","atum_locations":[],"atum_stock_status":"instock","restock_status":false,"low_stock_amount":"","sales_update_date":"2026-02-12T11:08:11","calc_backorders":null,"acf":[],"_links":{"self":[{"href":"https:\/\/vbd.dev.sumena.ee\/lv\/wp-json\/wp\/v2\/product\/293990","targetHints":{"allow":["GET"]}}],"collection":[{"href":"https:\/\/vbd.dev.sumena.ee\/lv\/wp-json\/wp\/v2\/product"}],"about":[{"href":"https:\/\/vbd.dev.sumena.ee\/lv\/wp-json\/wp\/v2\/types\/product"}],"replies":[{"embeddable":true,"href":"https:\/\/vbd.dev.sumena.ee\/lv\/wp-json\/wp\/v2\/comments?post=293990"}],"wp:featuredmedia":[{"embeddable":true,"href":"https:\/\/vbd.dev.sumena.ee\/lv\/wp-json\/wp\/v2\/media\/293991"}],"wp:attachment":[{"href":"https:\/\/vbd.dev.sumena.ee\/lv\/wp-json\/wp\/v2\/media?parent=293990"}],"wp:term":[{"taxonomy":"product_brand","embeddable":true,"href":"https:\/\/vbd.dev.sumena.ee\/lv\/wp-json\/wp\/v2\/product_brand?post=293990"},{"taxonomy":"product_cat","embeddable":true,"href":"https:\/\/vbd.dev.sumena.ee\/lv\/wp-json\/wp\/v2\/product_cat?post=293990"},{"taxonomy":"product_tag","embeddable":true,"href":"https:\/\/vbd.dev.sumena.ee\/lv\/wp-json\/wp\/v2\/product_tag?post=293990"}],"curies":[{"name":"wp","href":"https:\/\/api.w.org\/{rel}","templated":true}]}}