{"id":293387,"date":"2026-02-11T12:05:12","date_gmt":"2026-02-11T09:05:12","guid":{"rendered":"https:\/\/vbd.dev.sumena.ee\/?post_type=product&#038;p=293387"},"modified":"2026-02-12T15:27:54","modified_gmt":"2026-02-12T12:27:54","slug":"rukkikropsud-jalapeno-hapukooremaitselised-linkosuo-120g","status":"publish","type":"product","link":"https:\/\/vbd.dev.sumena.ee\/lv\/products-2\/rukkikropsud-jalapeno-hapukooremaitselised-linkosuo-120g\/","title":{"rendered":"Rukola \u010dipsi jalape\u00f1o-sk\u0101bpiena gar\u0161\u0101, LINKOSUO, 120g"},"content":{"rendered":"<p><strong>Sast\u0101vs<\/strong>: Pilngraudu rudzu 50% (rudzu milti, rudzu klijas), KVIE\u0160U milti, gar\u0161vielu mais\u012bjums [gar\u0161vielas (s\u012bpols, \u0137iploks, p\u0113ters\u012b\u013ci, jalape\u00f1o, loci\u0146i, melnie pipari, lovage), cukurs, aromatiz\u0113t\u0101ji un gar\u0161as pastiprin\u0101t\u0101ji, PIIMAPulveri (biezpiena pulveris, kr\u0113juma pulveris), maltodekstr\u012bns, kartupe\u013cu ciete, sk\u0101buma regulators citronsk\u0101be, siera pulveris], augu e\u013c\u013ca (rap\u0161u s\u0113klas), \u016bdens, KVIE\u0160U glut\u0113ns, s\u012brups, s\u0101ls, raugs.<\/p>","protected":false},"excerpt":{"rendered":"<p>Koostisosad: T\u00e4istera rukis 50% (rukkijahu, rukkikliid), NISUjahu, maitseainesegu [v\u00fcrtsid (sibul, k\u00fc\u00fcslauk, petersell, jalapeno, murulauk, must pipar, lovage), suhkur, l\u00f5hna- ja maitseained, PIIMapulbrid (vadakupulber, koorepulber), maltodekstriin, kartulit\u00e4rklis, happesuse regulaator sidrunhape, juustupulber], taime\u00f5li (rapsiseemned), vesi, NISUgluteen, siirup, sool, p\u00e4rm.<\/p>","protected":false},"featured_media":293388,"comment_status":"open","ping_status":"closed","template":"","meta":{"_acf_changed":false},"product_brand":[],"product_cat":[80,81],"product_tag":[],"class_list":{"0":"post-293387","1":"product","2":"type-product","3":"status-publish","4":"has-post-thumbnail","6":"product_cat-snakid","7":"product_cat-kropsud","9":"first","10":"instock","11":"sale","12":"taxable","13":"shipping-taxable","14":"purchasable","15":"product-type-simple"},"supplier_id":null,"supplier_sku":"","barcode":null,"atum_controlled":true,"out_stock_date":null,"out_stock_threshold":null,"inheritable":false,"inbound_stock":0,"stock_on_hold":25,"sold_today":39,"sales_last_days":75,"reserved_stock":0,"customer_returns":0,"warehouse_damage":0,"lost_in_post":0,"other_logs":0,"out_stock_days":0,"lost_sales":0,"has_location":false,"update_date":"2026-02-12T12:42:50","atum_locations":[],"atum_stock_status":"instock","restock_status":true,"low_stock_amount":"","sales_update_date":"2026-02-12T12:42:41","calc_backorders":null,"acf":[],"_links":{"self":[{"href":"https:\/\/vbd.dev.sumena.ee\/lv\/wp-json\/wp\/v2\/product\/293387","targetHints":{"allow":["GET"]}}],"collection":[{"href":"https:\/\/vbd.dev.sumena.ee\/lv\/wp-json\/wp\/v2\/product"}],"about":[{"href":"https:\/\/vbd.dev.sumena.ee\/lv\/wp-json\/wp\/v2\/types\/product"}],"replies":[{"embeddable":true,"href":"https:\/\/vbd.dev.sumena.ee\/lv\/wp-json\/wp\/v2\/comments?post=293387"}],"wp:featuredmedia":[{"embeddable":true,"href":"https:\/\/vbd.dev.sumena.ee\/lv\/wp-json\/wp\/v2\/media\/293388"}],"wp:attachment":[{"href":"https:\/\/vbd.dev.sumena.ee\/lv\/wp-json\/wp\/v2\/media?parent=293387"}],"wp:term":[{"taxonomy":"product_brand","embeddable":true,"href":"https:\/\/vbd.dev.sumena.ee\/lv\/wp-json\/wp\/v2\/product_brand?post=293387"},{"taxonomy":"product_cat","embeddable":true,"href":"https:\/\/vbd.dev.sumena.ee\/lv\/wp-json\/wp\/v2\/product_cat?post=293387"},{"taxonomy":"product_tag","embeddable":true,"href":"https:\/\/vbd.dev.sumena.ee\/lv\/wp-json\/wp\/v2\/product_tag?post=293387"}],"curies":[{"name":"wp","href":"https:\/\/api.w.org\/{rel}","templated":true}]}}