{"id":291613,"date":"2026-02-10T09:00:51","date_gmt":"2026-02-10T06:00:51","guid":{"rendered":"https:\/\/vbd.dev.sumena.ee\/?post_type=product&#038;p=291613"},"modified":"2026-02-12T18:46:56","modified_gmt":"2026-02-12T15:46:56","slug":"dave-jons-maitsestatud-datlid-sour-watermelon-125g","status":"publish","type":"product","link":"https:\/\/vbd.dev.sumena.ee\/lv\/products-2\/dave-jons-maitsestatud-datlid-sour-watermelon-125g\/","title":{"rendered":"Dave &amp; Jon\u2019s aromatiz\u0113t\u0101s dateles ar Sk\u0101b\u0101 arb\u016bza gar\u0161u, 125\u202fg."},"content":{"rendered":"<p>Sk\u0101b\u0101 arb\u016bza gar\u0161as aug\u013cu datele \u2013 kaut kas atsvaidzino\u0161s un cit\u0101d\u0101ks tiem, kas m\u012bl aug\u013cu saldumus bez pievienota cukura.<\/p>","protected":false},"excerpt":{"rendered":"<p>Sk\u0101b\u0101 arb\u016bza gar\u0161as aug\u013cu datele \u2013 kaut kas atsvaidzino\u0161s un cit\u0101d\u0101ks tiem, kas m\u012bl aug\u013cu saldumus bez pievienota cukura.<\/p>","protected":false},"featured_media":291614,"comment_status":"open","ping_status":"closed","template":"","meta":{"_acf_changed":false},"product_brand":[],"product_cat":[77,80,82],"product_tag":[],"class_list":{"0":"post-291613","1":"product","2":"type-product","3":"status-publish","4":"has-post-thumbnail","6":"product_cat-maiustused","7":"product_cat-snakid","8":"product_cat-muu-hea","10":"first","11":"instock","12":"sale","13":"taxable","14":"shipping-taxable","15":"purchasable","16":"product-type-simple"},"supplier_id":null,"supplier_sku":"","barcode":null,"atum_controlled":true,"out_stock_date":null,"out_stock_threshold":null,"inheritable":false,"inbound_stock":0,"stock_on_hold":57,"sold_today":89,"sales_last_days":178,"reserved_stock":0,"customer_returns":0,"warehouse_damage":0,"lost_in_post":0,"other_logs":0,"out_stock_days":0,"lost_sales":0,"has_location":false,"update_date":"2026-02-12T15:47:11","atum_locations":[],"atum_stock_status":"instock","restock_status":false,"low_stock_amount":"","sales_update_date":"2026-02-12T15:47:02","calc_backorders":null,"acf":[],"_links":{"self":[{"href":"https:\/\/vbd.dev.sumena.ee\/lv\/wp-json\/wp\/v2\/product\/291613","targetHints":{"allow":["GET"]}}],"collection":[{"href":"https:\/\/vbd.dev.sumena.ee\/lv\/wp-json\/wp\/v2\/product"}],"about":[{"href":"https:\/\/vbd.dev.sumena.ee\/lv\/wp-json\/wp\/v2\/types\/product"}],"replies":[{"embeddable":true,"href":"https:\/\/vbd.dev.sumena.ee\/lv\/wp-json\/wp\/v2\/comments?post=291613"}],"wp:featuredmedia":[{"embeddable":true,"href":"https:\/\/vbd.dev.sumena.ee\/lv\/wp-json\/wp\/v2\/media\/291614"}],"wp:attachment":[{"href":"https:\/\/vbd.dev.sumena.ee\/lv\/wp-json\/wp\/v2\/media?parent=291613"}],"wp:term":[{"taxonomy":"product_brand","embeddable":true,"href":"https:\/\/vbd.dev.sumena.ee\/lv\/wp-json\/wp\/v2\/product_brand?post=291613"},{"taxonomy":"product_cat","embeddable":true,"href":"https:\/\/vbd.dev.sumena.ee\/lv\/wp-json\/wp\/v2\/product_cat?post=291613"},{"taxonomy":"product_tag","embeddable":true,"href":"https:\/\/vbd.dev.sumena.ee\/lv\/wp-json\/wp\/v2\/product_tag?post=291613"}],"curies":[{"name":"wp","href":"https:\/\/api.w.org\/{rel}","templated":true}]}}