{"id":290064,"date":"2025-07-21T11:06:38","date_gmt":"2025-07-21T08:06:38","guid":{"rendered":"https:\/\/vbd.dev.sumena.ee\/?post_type=product&#038;p=290064"},"modified":"2026-01-31T16:47:22","modified_gmt":"2026-01-31T13:47:22","slug":"lusikad-kasepuidust-smile-20-tk","status":"publish","type":"product","link":"https:\/\/vbd.dev.sumena.ee\/lv\/products-2\/lusikad-kasepuidust-smile-20-tk\/","title":{"rendered":"Koka karotes no b\u0113rza, SMILE, 20 gab."},"content":{"rendered":"<p>Koka karotes ir izgatavotas no 100% neapstr\u0101d\u0101tas b\u0113rza koksnes, produkts ir videi draudz\u012bgs \u2013 tas ir biolo\u0123iski no\u0101rd\u0101ms un kompost\u0113jams. Ciet\u0101s karotes ir dabiski gludas un iztur\u012bgas pret \u0161\u0137idrumiem, nesatur kr\u0101svielas un \u0137\u012bmiskas vielas. Produktu ra\u017eo\u0161an\u0101 izmantota r\u016bp\u012bgi atlas\u012bta koksne, un dak\u0161i\u0146as, naz\u012b\u0161i un karotes ir iesai\u0146otas Kraft iepakojumos, ko \u0113rti \u0146emt l\u012bdzi uz pikniku. P\u0113c lieto\u0161anas t\u0101s vari sadedzin\u0101t ugunskur\u0101 vai kompost\u0113t.<\/p>","protected":false},"excerpt":{"rendered":"<p>Lietojams l\u012bdz: 01.01.2026 Daudzpaka: 30<\/p>","protected":false},"featured_media":290065,"comment_status":"open","ping_status":"closed","template":"","meta":{"_acf_changed":false},"product_brand":[],"product_cat":[186,88],"product_tag":[],"class_list":{"0":"post-290064","1":"product","2":"type-product","3":"status-publish","4":"has-post-thumbnail","6":"product_cat-kodukaubad","7":"product_cat-tarbekaubad-tooted","9":"first","10":"instock","11":"sale","12":"taxable","13":"shipping-taxable","14":"purchasable","15":"product-type-simple"},"supplier_id":null,"supplier_sku":"","barcode":null,"atum_controlled":true,"out_stock_date":null,"out_stock_threshold":null,"inheritable":false,"inbound_stock":0,"stock_on_hold":0,"sold_today":0,"sales_last_days":13,"reserved_stock":0,"customer_returns":0,"warehouse_damage":0,"lost_in_post":0,"other_logs":0,"out_stock_days":0,"lost_sales":0,"has_location":false,"update_date":"2026-02-02T07:05:58","atum_locations":[],"atum_stock_status":"instock","restock_status":false,"low_stock_amount":"","sales_update_date":"2026-02-02T07:05:45","calc_backorders":null,"acf":[],"_links":{"self":[{"href":"https:\/\/vbd.dev.sumena.ee\/lv\/wp-json\/wp\/v2\/product\/290064","targetHints":{"allow":["GET"]}}],"collection":[{"href":"https:\/\/vbd.dev.sumena.ee\/lv\/wp-json\/wp\/v2\/product"}],"about":[{"href":"https:\/\/vbd.dev.sumena.ee\/lv\/wp-json\/wp\/v2\/types\/product"}],"replies":[{"embeddable":true,"href":"https:\/\/vbd.dev.sumena.ee\/lv\/wp-json\/wp\/v2\/comments?post=290064"}],"wp:featuredmedia":[{"embeddable":true,"href":"https:\/\/vbd.dev.sumena.ee\/lv\/wp-json\/wp\/v2\/media\/290065"}],"wp:attachment":[{"href":"https:\/\/vbd.dev.sumena.ee\/lv\/wp-json\/wp\/v2\/media?parent=290064"}],"wp:term":[{"taxonomy":"product_brand","embeddable":true,"href":"https:\/\/vbd.dev.sumena.ee\/lv\/wp-json\/wp\/v2\/product_brand?post=290064"},{"taxonomy":"product_cat","embeddable":true,"href":"https:\/\/vbd.dev.sumena.ee\/lv\/wp-json\/wp\/v2\/product_cat?post=290064"},{"taxonomy":"product_tag","embeddable":true,"href":"https:\/\/vbd.dev.sumena.ee\/lv\/wp-json\/wp\/v2\/product_tag?post=290064"}],"curies":[{"name":"wp","href":"https:\/\/api.w.org\/{rel}","templated":true}]}}