{"id":288066,"date":"2025-07-15T16:27:05","date_gmt":"2025-07-15T13:27:05","guid":{"rendered":"https:\/\/vbd.dev.sumena.ee\/?post_type=product&#038;p=288066"},"modified":"2026-02-11T23:28:28","modified_gmt":"2026-02-11T20:28:28","slug":"salatikaste-jogurtiga-delikato-500-ml","status":"publish","type":"product","link":"https:\/\/vbd.dev.sumena.ee\/lv\/products-2\/salatikaste-jogurtiga-delikato-500-ml\/","title":{"rendered":"M\u0113rce sal\u0101tiem ar jogurtu, DELIKATO, 500 ml"},"content":{"rendered":"<p><strong>Sast\u0101vs<\/strong>: \u016bdens, 30% jogurta produkts, rap\u0161u e\u013c\u013ca, eti\u0137is (spirta), glikozes-fruktozes s\u012brups, cukurs, modific\u0113ts ciete, olu dzeltenums, p\u0101rtikas piedeva, piena olbaltumprodukts, dab\u012bga smar\u017eas un gar\u0161as viela (satur pienu, olu), 0,5% gar\u0161augu (p\u0113ters\u012b\u013ci, dilles), citrona sulas koncentr\u0101ts, biezin\u0101t\u0101js: guar gumija.<\/p>","protected":false},"excerpt":{"rendered":"<p>Der\u012bguma termi\u0146\u0161: 07.01.2026 Daudzums iepakojum\u0101: 12<\/p>","protected":false},"featured_media":288068,"comment_status":"open","ping_status":"closed","template":"","meta":{"_acf_changed":false},"product_brand":[],"product_cat":[83],"product_tag":[],"class_list":{"0":"post-288066","1":"product","2":"type-product","3":"status-publish","4":"has-post-thumbnail","6":"product_cat-kastmed-olid","8":"first","9":"instock","10":"sale","11":"taxable","12":"shipping-taxable","13":"purchasable","14":"product-type-simple"},"supplier_id":null,"supplier_sku":"","barcode":null,"atum_controlled":true,"out_stock_date":null,"out_stock_threshold":null,"inheritable":false,"inbound_stock":0,"stock_on_hold":3,"sold_today":3,"sales_last_days":17,"reserved_stock":0,"customer_returns":0,"warehouse_damage":0,"lost_in_post":0,"other_logs":0,"out_stock_days":0,"lost_sales":0,"has_location":false,"update_date":"2026-02-11T20:29:38","atum_locations":[],"atum_stock_status":"instock","restock_status":true,"low_stock_amount":"","sales_update_date":"2026-02-11T20:29:31","calc_backorders":null,"acf":[],"_links":{"self":[{"href":"https:\/\/vbd.dev.sumena.ee\/lv\/wp-json\/wp\/v2\/product\/288066","targetHints":{"allow":["GET"]}}],"collection":[{"href":"https:\/\/vbd.dev.sumena.ee\/lv\/wp-json\/wp\/v2\/product"}],"about":[{"href":"https:\/\/vbd.dev.sumena.ee\/lv\/wp-json\/wp\/v2\/types\/product"}],"replies":[{"embeddable":true,"href":"https:\/\/vbd.dev.sumena.ee\/lv\/wp-json\/wp\/v2\/comments?post=288066"}],"wp:featuredmedia":[{"embeddable":true,"href":"https:\/\/vbd.dev.sumena.ee\/lv\/wp-json\/wp\/v2\/media\/288068"}],"wp:attachment":[{"href":"https:\/\/vbd.dev.sumena.ee\/lv\/wp-json\/wp\/v2\/media?parent=288066"}],"wp:term":[{"taxonomy":"product_brand","embeddable":true,"href":"https:\/\/vbd.dev.sumena.ee\/lv\/wp-json\/wp\/v2\/product_brand?post=288066"},{"taxonomy":"product_cat","embeddable":true,"href":"https:\/\/vbd.dev.sumena.ee\/lv\/wp-json\/wp\/v2\/product_cat?post=288066"},{"taxonomy":"product_tag","embeddable":true,"href":"https:\/\/vbd.dev.sumena.ee\/lv\/wp-json\/wp\/v2\/product_tag?post=288066"}],"curies":[{"name":"wp","href":"https:\/\/api.w.org\/{rel}","templated":true}]}}