{"id":288057,"date":"2025-11-19T15:51:08","date_gmt":"2025-11-19T12:51:08","guid":{"rendered":"https:\/\/vbd.dev.sumena.ee\/?post_type=product&#038;p=288057"},"modified":"2026-02-11T23:28:28","modified_gmt":"2026-02-11T20:28:28","slug":"salatikaste-delikato-500-ml","status":"publish","type":"product","link":"https:\/\/vbd.dev.sumena.ee\/lv\/products-2\/salatikaste-delikato-500-ml\/","title":{"rendered":"Sal\u0101tu m\u0113rce, DELIKATO, 500 ml"},"content":{"rendered":"<p><strong>Sast\u0101vs<\/strong>: \u016adens, rap\u0161u e\u013c\u013ca, glikozes-fruktozes s\u012brups, s\u012bpols, spirta eti\u0137is, cukurs, modific\u0113tais ciete, s\u0101ls, baltv\u012bna eti\u0137is, dab\u012bgas aromatiz\u0113t\u0101js un gar\u0161viela, piena olbaltums, biezin\u0101t\u0101js ksant\u0101na sve\u0137i, citrona sulas koncentr\u0101ts, olu dzeltenums<\/p>","protected":false},"excerpt":{"rendered":"<p>Paradams l\u012bdz: 11.02.2026<\/p>","protected":false},"featured_media":288058,"comment_status":"open","ping_status":"closed","template":"","meta":{"_acf_changed":false},"product_brand":[],"product_cat":[83],"product_tag":[],"class_list":{"0":"post-288057","1":"product","2":"type-product","3":"status-publish","4":"has-post-thumbnail","6":"product_cat-kastmed-olid","8":"first","9":"instock","10":"sale","11":"taxable","12":"shipping-taxable","13":"purchasable","14":"product-type-simple"},"supplier_id":null,"supplier_sku":"","barcode":null,"atum_controlled":true,"out_stock_date":null,"out_stock_threshold":null,"inheritable":false,"inbound_stock":0,"stock_on_hold":14,"sold_today":14,"sales_last_days":48,"reserved_stock":0,"customer_returns":0,"warehouse_damage":0,"lost_in_post":0,"other_logs":0,"out_stock_days":0,"lost_sales":0,"has_location":false,"update_date":"2026-02-11T20:29:31","atum_locations":[],"atum_stock_status":"instock","restock_status":false,"low_stock_amount":"","sales_update_date":"2026-02-11T20:29:24","calc_backorders":null,"acf":[],"_links":{"self":[{"href":"https:\/\/vbd.dev.sumena.ee\/lv\/wp-json\/wp\/v2\/product\/288057","targetHints":{"allow":["GET"]}}],"collection":[{"href":"https:\/\/vbd.dev.sumena.ee\/lv\/wp-json\/wp\/v2\/product"}],"about":[{"href":"https:\/\/vbd.dev.sumena.ee\/lv\/wp-json\/wp\/v2\/types\/product"}],"replies":[{"embeddable":true,"href":"https:\/\/vbd.dev.sumena.ee\/lv\/wp-json\/wp\/v2\/comments?post=288057"}],"wp:featuredmedia":[{"embeddable":true,"href":"https:\/\/vbd.dev.sumena.ee\/lv\/wp-json\/wp\/v2\/media\/288058"}],"wp:attachment":[{"href":"https:\/\/vbd.dev.sumena.ee\/lv\/wp-json\/wp\/v2\/media?parent=288057"}],"wp:term":[{"taxonomy":"product_brand","embeddable":true,"href":"https:\/\/vbd.dev.sumena.ee\/lv\/wp-json\/wp\/v2\/product_brand?post=288057"},{"taxonomy":"product_cat","embeddable":true,"href":"https:\/\/vbd.dev.sumena.ee\/lv\/wp-json\/wp\/v2\/product_cat?post=288057"},{"taxonomy":"product_tag","embeddable":true,"href":"https:\/\/vbd.dev.sumena.ee\/lv\/wp-json\/wp\/v2\/product_tag?post=288057"}],"curies":[{"name":"wp","href":"https:\/\/api.w.org\/{rel}","templated":true}]}}