{"id":287075,"date":"2025-07-13T14:28:44","date_gmt":"2025-07-13T11:28:44","guid":{"rendered":"https:\/\/vbd.dev.sumena.ee\/?post_type=product&#038;p=287075"},"modified":"2026-02-10T20:43:08","modified_gmt":"2026-02-10T17:43:08","slug":"pesupulber-color-40pk-areil-24-kg","status":"publish","type":"product","link":"https:\/\/vbd.dev.sumena.ee\/lv\/products-2\/pesupulber-color-40pk-areil-24-kg\/","title":{"rendered":"Ve\u013cas pulveris Color+ 40pk, ARIEL, 2,4 kg"},"content":{"rendered":"<div class=\"text\">Ariel \u2014 Whirlpool, Electrolux, Candy un Beko ieteikt\u0101 z\u012bmola \u2014 pied\u0101v\u0101 Ariel Colori \u0101tri iz\u0161\u0137\u012bsto\u0161u pulverveida ve\u013cas mazg\u0101jamo l\u012bdzekli. Ariela pulveris nodro\u0161ina svaigumu un efekt\u012bvu traipu no\u0146em\u0161anu pat aukst\u0101 \u016bden\u012b un \u012bs\u0101 mazg\u0101\u0161anas cikl\u0101. Pateicoties unik\u0101lajai \u0101tras iz\u0161\u0137\u012b\u0161anas tehnolo\u0123ijai, tas \u0101tri \u0161\u0137\u012bst saskar\u0113 ar \u016bdeni, t\u016bl\u012bt aktiviz\u0113jas un iek\u013c\u016bst dzi\u013ci \u0161\u0137iedr\u0101s pat aukst\u0101 \u016bdens mazg\u0101\u0161anas ciklos. Mazg\u0101\u0161ana aukst\u0101 \u016bden\u012b pal\u012bdz saglab\u0101t j\u016bsu audumus ilg\u0101k nek\u0101 mazg\u0101\u0161ana silt\u0101 \u016bden\u012b.<\/div>","protected":false},"excerpt":{"rendered":"<p>Best-before: 20.02.2026 Iepakojums vairumtirdzniec\u012bb\u0101: 4<\/p>","protected":false},"featured_media":287076,"comment_status":"open","ping_status":"closed","template":"","meta":{"_acf_changed":false},"product_brand":[],"product_cat":[185,88],"product_tag":[],"class_list":{"0":"post-287075","1":"product","2":"type-product","3":"status-publish","4":"has-post-thumbnail","6":"product_cat-puhastus-ja-koristusvahendid","7":"product_cat-tarbekaubad-tooted","9":"first","10":"instock","11":"sale","12":"taxable","13":"shipping-taxable","14":"purchasable","15":"product-type-simple"},"supplier_id":null,"supplier_sku":"","barcode":null,"atum_controlled":true,"out_stock_date":null,"out_stock_threshold":null,"inheritable":false,"inbound_stock":0,"stock_on_hold":1,"sold_today":0,"sales_last_days":6,"reserved_stock":0,"customer_returns":0,"warehouse_damage":0,"lost_in_post":0,"other_logs":0,"out_stock_days":0,"lost_sales":0,"has_location":false,"update_date":"2026-02-12T11:01:22","atum_locations":[],"atum_stock_status":"instock","restock_status":true,"low_stock_amount":"","sales_update_date":"2026-02-12T11:01:14","calc_backorders":null,"acf":[],"_links":{"self":[{"href":"https:\/\/vbd.dev.sumena.ee\/lv\/wp-json\/wp\/v2\/product\/287075","targetHints":{"allow":["GET"]}}],"collection":[{"href":"https:\/\/vbd.dev.sumena.ee\/lv\/wp-json\/wp\/v2\/product"}],"about":[{"href":"https:\/\/vbd.dev.sumena.ee\/lv\/wp-json\/wp\/v2\/types\/product"}],"replies":[{"embeddable":true,"href":"https:\/\/vbd.dev.sumena.ee\/lv\/wp-json\/wp\/v2\/comments?post=287075"}],"wp:featuredmedia":[{"embeddable":true,"href":"https:\/\/vbd.dev.sumena.ee\/lv\/wp-json\/wp\/v2\/media\/287076"}],"wp:attachment":[{"href":"https:\/\/vbd.dev.sumena.ee\/lv\/wp-json\/wp\/v2\/media?parent=287075"}],"wp:term":[{"taxonomy":"product_brand","embeddable":true,"href":"https:\/\/vbd.dev.sumena.ee\/lv\/wp-json\/wp\/v2\/product_brand?post=287075"},{"taxonomy":"product_cat","embeddable":true,"href":"https:\/\/vbd.dev.sumena.ee\/lv\/wp-json\/wp\/v2\/product_cat?post=287075"},{"taxonomy":"product_tag","embeddable":true,"href":"https:\/\/vbd.dev.sumena.ee\/lv\/wp-json\/wp\/v2\/product_tag?post=287075"}],"curies":[{"name":"wp","href":"https:\/\/api.w.org\/{rel}","templated":true}]}}