{"id":285845,"date":"2025-07-09T22:15:38","date_gmt":"2025-07-09T19:15:38","guid":{"rendered":"https:\/\/vbd.dev.sumena.ee\/?post_type=product&#038;p=285845"},"modified":"2026-02-11T23:48:43","modified_gmt":"2026-02-11T20:48:43","slug":"mehhiko-salat-atlandi-lohega-kaija-220g","status":"publish","type":"product","link":"https:\/\/vbd.dev.sumena.ee\/lv\/products-2\/mehhiko-salat-atlandi-lohega-kaija-220g\/","title":{"rendered":"Meksikas sal\u0101ti ar Atlantijas lasi, KAIJA, 220g"},"content":{"rendered":"<p><strong>Sast\u0101vs<\/strong>: Atlantijas lasis (Salmo salar) gabali ne maz\u0101k k\u0101 20%, d\u0101rze\u0146u mais\u012bjums da\u017e\u0101d\u0101s proporcij\u0101s 41% \u2014 pupi\u0146as, burk\u0101ns, za\u013c\u0101 zirnene, kukur\u016bza, kalt\u0113ta s\u012bpols, SELLER kalt\u0113ts, m\u0113rc\u0113: dzeramais \u016bdens, cukurs, tom\u0101tu pasta, galda s\u0101ls, rap\u0161u e\u013c\u013ca, biezin\u0101t\u0101js (kukur\u016bzas ciete, E1422), stabilizatori karobu milti E410, celiulozes gumija E466, gar\u0161vielas, sk\u0101bumu regul\u0113t\u0101js \u2014 eti\u0137sk\u0101be.<\/p>\n<p>Uzturv\u0113rt\u012bba uz 100 g:<\/p>\n<p>Ener\u0123ija<span class=\"Apple-converted-space\">\u00a0<\/span>485,3 kJ \/ 116 kcal<span class=\"Apple-converted-space\">\u00a0<\/span><\/p>\n<p>Tauki<span class=\"Apple-converted-space\">\u00a0<\/span>3,5g<span class=\"Apple-converted-space\">\u00a0<\/span>sh<\/p>\n<p>pies\u0101tin\u0101t\u0101s tauksk\u0101bes<span class=\"Apple-converted-space\">\u00a0<\/span>0.7g<span class=\"Apple-converted-space\">\u00a0<\/span><\/p>\n<p>Og\u013chidr\u0101ti<span class=\"Apple-converted-space\">\u00a0<\/span>14 g<span class=\"Apple-converted-space\">\u00a0<\/span><\/p>\n<p>t.sk. cukuri<span class=\"Apple-converted-space\">\u00a0<\/span>4.2 g<span class=\"Apple-converted-space\">\u00a0<\/span><\/p>\n<p>Olbaltumvielas<span class=\"Apple-converted-space\">\u00a0<\/span>7 g<span class=\"Apple-converted-space\">\u00a0<\/span><\/p>\n<p>S\u0101ls<span class=\"Apple-converted-space\">\u00a0<\/span>1,2 g<span class=\"Apple-converted-space\">\u00a0<\/span><\/p>","protected":false},"excerpt":{"rendered":"<p>Lab\u0101kais pirms: 17.08.2026 Daudzumtirdzniec\u012bbas iepakojums: 12<\/p>","protected":false},"featured_media":285846,"comment_status":"open","ping_status":"closed","template":"","meta":{"_acf_changed":false},"product_brand":[],"product_cat":[184],"product_tag":[],"class_list":{"0":"post-285845","1":"product","2":"type-product","3":"status-publish","4":"has-post-thumbnail","6":"product_cat-konservid-moosid","8":"first","9":"instock","10":"sale","11":"taxable","12":"shipping-taxable","13":"purchasable","14":"product-type-simple"},"supplier_id":null,"supplier_sku":"","barcode":null,"atum_controlled":true,"out_stock_date":null,"out_stock_threshold":null,"inheritable":false,"inbound_stock":0,"stock_on_hold":0,"sold_today":0,"sales_last_days":40,"reserved_stock":0,"customer_returns":0,"warehouse_damage":0,"lost_in_post":0,"other_logs":0,"out_stock_days":0,"lost_sales":0,"has_location":false,"update_date":"2026-02-12T13:41:16","atum_locations":[],"atum_stock_status":"instock","restock_status":true,"low_stock_amount":"","sales_update_date":"2026-02-12T13:41:07","calc_backorders":null,"acf":[],"_links":{"self":[{"href":"https:\/\/vbd.dev.sumena.ee\/lv\/wp-json\/wp\/v2\/product\/285845","targetHints":{"allow":["GET"]}}],"collection":[{"href":"https:\/\/vbd.dev.sumena.ee\/lv\/wp-json\/wp\/v2\/product"}],"about":[{"href":"https:\/\/vbd.dev.sumena.ee\/lv\/wp-json\/wp\/v2\/types\/product"}],"replies":[{"embeddable":true,"href":"https:\/\/vbd.dev.sumena.ee\/lv\/wp-json\/wp\/v2\/comments?post=285845"}],"wp:featuredmedia":[{"embeddable":true,"href":"https:\/\/vbd.dev.sumena.ee\/lv\/wp-json\/wp\/v2\/media\/285846"}],"wp:attachment":[{"href":"https:\/\/vbd.dev.sumena.ee\/lv\/wp-json\/wp\/v2\/media?parent=285845"}],"wp:term":[{"taxonomy":"product_brand","embeddable":true,"href":"https:\/\/vbd.dev.sumena.ee\/lv\/wp-json\/wp\/v2\/product_brand?post=285845"},{"taxonomy":"product_cat","embeddable":true,"href":"https:\/\/vbd.dev.sumena.ee\/lv\/wp-json\/wp\/v2\/product_cat?post=285845"},{"taxonomy":"product_tag","embeddable":true,"href":"https:\/\/vbd.dev.sumena.ee\/lv\/wp-json\/wp\/v2\/product_tag?post=285845"}],"curies":[{"name":"wp","href":"https:\/\/api.w.org\/{rel}","templated":true}]}}