{"id":284822,"date":"2025-07-07T17:26:27","date_gmt":"2025-07-07T14:26:27","guid":{"rendered":"https:\/\/vbd.dev.sumena.ee\/?post_type=product&#038;p=284822"},"modified":"2026-02-12T13:23:37","modified_gmt":"2026-02-12T10:23:37","slug":"lohnakuunal-gingerbread-pan-aroma-120-g","status":"publish","type":"product","link":"https:\/\/vbd.dev.sumena.ee\/lv\/products-2\/lohnakuunal-gingerbread-pan-aroma-120-g\/","title":{"rendered":"Arom\u0101tisk\u0101 svece Gingerbread, PAN AROMA, 120 g"},"content":{"rendered":"<p>Pan Aroma svece PIPARKOOK 120g kast\u012bt\u0113 30h. Svaigi ceptas pipark\u016bkas, pild\u012btas ar kan\u0113li, krustnagli\u0146\u0101m un ingveru. Saldin\u0101ts ar karameles glaz\u016bru.<br \/>\nNo\u0146emiet iepakojumu un eti\u0137etes pirms aizdeg\u0161anas. Dedzin\u0101t tikai uz stabilas, neporainas un karstumiztur\u012bgas virsmas. Atst\u0101jiet starp dego\u0161aj\u0101m svec\u0113m vismaz 10 cm.<\/p>","protected":false},"excerpt":{"rendered":"<p>Pan Aroma svece PIPARKAUSIS 120g kast\u012bt\u0113 30h. Svaigi cepti pipark\u016bkas, pild\u012btas ar kan\u0113li, krustnagli\u0146u un ingveru. Saldin\u0101tas ar karameles glaz\u016bru. No\u0146emiet iepakojumu un eti\u0137etes pirms aizdedzin\u0101\u0161anas. Dedzin\u0101t tikai uz gludas, stabilas, neporainas un karstumiztur\u012bgas virsmas. Atst\u0101jiet vismaz 10 cm att\u0101lumu starp dego\u0161aj\u0101m svec\u0113m.<\/p>","protected":false},"featured_media":284824,"comment_status":"open","ping_status":"closed","template":"","meta":{"_acf_changed":false},"product_brand":[],"product_cat":[186,88],"product_tag":[],"class_list":{"0":"post-284822","1":"product","2":"type-product","3":"status-publish","4":"has-post-thumbnail","6":"product_cat-kodukaubad","7":"product_cat-tarbekaubad-tooted","9":"first","10":"instock","11":"sale","12":"taxable","13":"shipping-taxable","14":"purchasable","15":"product-type-simple"},"supplier_id":null,"supplier_sku":"","barcode":null,"atum_controlled":true,"out_stock_date":null,"out_stock_threshold":null,"inheritable":false,"inbound_stock":0,"stock_on_hold":0,"sold_today":1,"sales_last_days":2,"reserved_stock":0,"customer_returns":0,"warehouse_damage":0,"lost_in_post":0,"other_logs":0,"out_stock_days":0,"lost_sales":0,"has_location":false,"update_date":"2026-02-12T13:32:24","atum_locations":[],"atum_stock_status":"instock","restock_status":false,"low_stock_amount":"","sales_update_date":"2026-02-12T13:32:15","calc_backorders":null,"acf":[],"_links":{"self":[{"href":"https:\/\/vbd.dev.sumena.ee\/lv\/wp-json\/wp\/v2\/product\/284822","targetHints":{"allow":["GET"]}}],"collection":[{"href":"https:\/\/vbd.dev.sumena.ee\/lv\/wp-json\/wp\/v2\/product"}],"about":[{"href":"https:\/\/vbd.dev.sumena.ee\/lv\/wp-json\/wp\/v2\/types\/product"}],"replies":[{"embeddable":true,"href":"https:\/\/vbd.dev.sumena.ee\/lv\/wp-json\/wp\/v2\/comments?post=284822"}],"wp:featuredmedia":[{"embeddable":true,"href":"https:\/\/vbd.dev.sumena.ee\/lv\/wp-json\/wp\/v2\/media\/284824"}],"wp:attachment":[{"href":"https:\/\/vbd.dev.sumena.ee\/lv\/wp-json\/wp\/v2\/media?parent=284822"}],"wp:term":[{"taxonomy":"product_brand","embeddable":true,"href":"https:\/\/vbd.dev.sumena.ee\/lv\/wp-json\/wp\/v2\/product_brand?post=284822"},{"taxonomy":"product_cat","embeddable":true,"href":"https:\/\/vbd.dev.sumena.ee\/lv\/wp-json\/wp\/v2\/product_cat?post=284822"},{"taxonomy":"product_tag","embeddable":true,"href":"https:\/\/vbd.dev.sumena.ee\/lv\/wp-json\/wp\/v2\/product_tag?post=284822"}],"curies":[{"name":"wp","href":"https:\/\/api.w.org\/{rel}","templated":true}]}}