{"id":284820,"date":"2025-07-07T17:23:46","date_gmt":"2025-07-07T14:23:46","guid":{"rendered":"https:\/\/vbd.dev.sumena.ee\/?post_type=product&#038;p=284820"},"modified":"2026-02-12T13:23:37","modified_gmt":"2026-02-12T10:23:37","slug":"lohnakuunal-orange-spice-pan-aroma-120-g","status":"publish","type":"product","link":"https:\/\/vbd.dev.sumena.ee\/lv\/products-2\/lohnakuunal-orange-spice-pan-aroma-120-g\/","title":{"rendered":"Arom\u0101tisk\u0101 svece Orange Spice, PAN AROMA, 120 g"},"content":{"rendered":"<p>Maigs apels\u012bns un sul\u012bgs mandar\u012bns, p\u0101rkais\u012bti ar silt\u0101m gar\u0161viel\u0101m un papildin\u0101ti ar gran\u0101t\u0101bolu.<\/p>\n<p>Br\u012bdin\u0101jums: Sveces var izrais\u012bt ugunsgr\u0113ku. No\u0146emiet iepakojumu un eti\u0137etes pirms aizdedzin\u0101\u0161anas. Nepametiet dego\u0161u sveci bez uzraudz\u012bbas. Novietojiet dego\u0161u sveci viet\u0101, kas nav pieejama b\u0113rniem un m\u0101jdz\u012bvniekiem. Dedziniet tikai uz stabilas, neporainas un karstumiztur\u012bgas virsmas. Atst\u0101jiet vismaz 10 cm att\u0101lumu starp dego\u0161\u0101m svec\u0113m.<\/p>","protected":false},"excerpt":{"rendered":"<p>Maiga apels\u012bna un sul\u012bga mandar\u012bna arom\u0101ts ar silt\u0101m gar\u0161viel\u0101m un gran\u0101t\u0101bolu. Br\u012bdin\u0101jums: Sveces var izrais\u012bt ugunsgr\u0113ku. No\u0146emiet iepakojumu un eti\u0137etes pirms aizdedzin\u0101\u0161anas. Nepametiet dego\u0161u svec\u012bti bez uzraudz\u012bbas. Novietojiet dego\u0161u svec\u012bti b\u0113rniem un m\u0101jdz\u012bvniekiem nepieejam\u0101 viet\u0101. Dedzin\u0101t tikai uz stabilas, neporainas un karstumiztur\u012bgas virsmas. Atst\u0101jiet vismaz 10 cm att\u0101lumu starp dego\u0161aj\u0101m svec\u0113m.<\/p>","protected":false},"featured_media":284821,"comment_status":"open","ping_status":"closed","template":"","meta":{"_acf_changed":false},"product_brand":[],"product_cat":[186,88],"product_tag":[],"class_list":{"0":"post-284820","1":"product","2":"type-product","3":"status-publish","4":"has-post-thumbnail","6":"product_cat-kodukaubad","7":"product_cat-tarbekaubad-tooted","9":"first","10":"instock","11":"sale","12":"taxable","13":"shipping-taxable","14":"purchasable","15":"product-type-simple"},"supplier_id":null,"supplier_sku":"","barcode":null,"atum_controlled":true,"out_stock_date":null,"out_stock_threshold":null,"inheritable":false,"inbound_stock":0,"stock_on_hold":1,"sold_today":3,"sales_last_days":7,"reserved_stock":0,"customer_returns":0,"warehouse_damage":0,"lost_in_post":0,"other_logs":0,"out_stock_days":0,"lost_sales":0,"has_location":false,"update_date":"2026-02-12T13:32:33","atum_locations":[],"atum_stock_status":"instock","restock_status":false,"low_stock_amount":"","sales_update_date":"2026-02-12T13:32:24","calc_backorders":null,"acf":[],"_links":{"self":[{"href":"https:\/\/vbd.dev.sumena.ee\/lv\/wp-json\/wp\/v2\/product\/284820","targetHints":{"allow":["GET"]}}],"collection":[{"href":"https:\/\/vbd.dev.sumena.ee\/lv\/wp-json\/wp\/v2\/product"}],"about":[{"href":"https:\/\/vbd.dev.sumena.ee\/lv\/wp-json\/wp\/v2\/types\/product"}],"replies":[{"embeddable":true,"href":"https:\/\/vbd.dev.sumena.ee\/lv\/wp-json\/wp\/v2\/comments?post=284820"}],"wp:featuredmedia":[{"embeddable":true,"href":"https:\/\/vbd.dev.sumena.ee\/lv\/wp-json\/wp\/v2\/media\/284821"}],"wp:attachment":[{"href":"https:\/\/vbd.dev.sumena.ee\/lv\/wp-json\/wp\/v2\/media?parent=284820"}],"wp:term":[{"taxonomy":"product_brand","embeddable":true,"href":"https:\/\/vbd.dev.sumena.ee\/lv\/wp-json\/wp\/v2\/product_brand?post=284820"},{"taxonomy":"product_cat","embeddable":true,"href":"https:\/\/vbd.dev.sumena.ee\/lv\/wp-json\/wp\/v2\/product_cat?post=284820"},{"taxonomy":"product_tag","embeddable":true,"href":"https:\/\/vbd.dev.sumena.ee\/lv\/wp-json\/wp\/v2\/product_tag?post=284820"}],"curies":[{"name":"wp","href":"https:\/\/api.w.org\/{rel}","templated":true}]}}