{"id":279707,"date":"2025-11-03T19:03:36","date_gmt":"2025-11-03T16:03:36","guid":{"rendered":"https:\/\/vbd.dev.sumena.ee\/?post_type=product&#038;p=279707"},"modified":"2026-02-12T15:56:37","modified_gmt":"2026-02-12T12:56:37","slug":"hapukoore-sibulamaitselised-kartulikropsud-nublu-150-g","status":"publish","type":"product","link":"https:\/\/vbd.dev.sumena.ee\/lv\/products-2\/hapukoore-sibulamaitselised-kartulikropsud-nublu-150-g\/","title":{"rendered":"Nublu sk\u0101bpiena-s\u012bpolu gar\u0161as kartupe\u013cu \u010dipsi, 150 g"},"content":{"rendered":"<p>Zem\u0113 ceptas kartupe\u013cu \u010dipses, kas sezon\u0113tas ar augst\u0101k\u0101s kvalit\u0101tes gar\u0161viel\u0101m.<\/p>\n<p><strong>Sast\u0101vs<\/strong>: Kartupe\u013ci (65%), saulespu\u0137u e\u013c\u013ca, maltodekstr\u012bns, s\u0101ls, cukurs, s\u012bpols, gar\u0161augi, cepamais pulveris, \u0137iploks, rauga ekstrakts, aromatiz\u0113t\u0101ji un gar\u0161as vielas, sk\u0101be: \u0101bolsk\u0101be, pretbl\u012bv\u0113juma l\u012bdzeklis: sil\u012bcija dioks\u012bds.<\/p>\n<p>Ener\u0123ija 500kcal<br \/>\nTauki 27g<br \/>\nNo k\u0101 sast\u0101v pies\u0101tin\u0101t\u0101s tauksk\u0101bes 2.7g<br \/>\nOg\u013chidr\u0101ti 56g<br \/>\nNo k\u0101 sast\u0101v cukuri 0,8g<br \/>\nProte\u012bns 8.3g<br \/>\nS\u0101ls 1,2g<\/p>","protected":false},"excerpt":{"rendered":"<p>Der\u012bguma termi\u0146\u0161: 11.10.2025 Daudzum\u0101: 24<\/p>","protected":false},"featured_media":279708,"comment_status":"open","ping_status":"closed","template":"","meta":{"_acf_changed":false},"product_brand":[],"product_cat":[80,81],"product_tag":[],"class_list":{"0":"post-279707","1":"product","2":"type-product","3":"status-publish","4":"has-post-thumbnail","6":"product_cat-snakid","7":"product_cat-kropsud","9":"first","10":"instock","11":"sale","12":"taxable","13":"shipping-taxable","14":"purchasable","15":"product-type-simple"},"supplier_id":null,"supplier_sku":"","barcode":null,"atum_controlled":true,"out_stock_date":null,"out_stock_threshold":null,"inheritable":false,"inbound_stock":0,"stock_on_hold":12,"sold_today":7,"sales_last_days":538,"reserved_stock":0,"customer_returns":0,"warehouse_damage":0,"lost_in_post":0,"other_logs":0,"out_stock_days":0,"lost_sales":0,"has_location":false,"update_date":"2026-02-12T14:25:41","atum_locations":[],"atum_stock_status":"instock","restock_status":true,"low_stock_amount":"","sales_update_date":"2026-02-12T14:25:32","calc_backorders":null,"acf":[],"_links":{"self":[{"href":"https:\/\/vbd.dev.sumena.ee\/lv\/wp-json\/wp\/v2\/product\/279707","targetHints":{"allow":["GET"]}}],"collection":[{"href":"https:\/\/vbd.dev.sumena.ee\/lv\/wp-json\/wp\/v2\/product"}],"about":[{"href":"https:\/\/vbd.dev.sumena.ee\/lv\/wp-json\/wp\/v2\/types\/product"}],"replies":[{"embeddable":true,"href":"https:\/\/vbd.dev.sumena.ee\/lv\/wp-json\/wp\/v2\/comments?post=279707"}],"wp:featuredmedia":[{"embeddable":true,"href":"https:\/\/vbd.dev.sumena.ee\/lv\/wp-json\/wp\/v2\/media\/279708"}],"wp:attachment":[{"href":"https:\/\/vbd.dev.sumena.ee\/lv\/wp-json\/wp\/v2\/media?parent=279707"}],"wp:term":[{"taxonomy":"product_brand","embeddable":true,"href":"https:\/\/vbd.dev.sumena.ee\/lv\/wp-json\/wp\/v2\/product_brand?post=279707"},{"taxonomy":"product_cat","embeddable":true,"href":"https:\/\/vbd.dev.sumena.ee\/lv\/wp-json\/wp\/v2\/product_cat?post=279707"},{"taxonomy":"product_tag","embeddable":true,"href":"https:\/\/vbd.dev.sumena.ee\/lv\/wp-json\/wp\/v2\/product_tag?post=279707"}],"curies":[{"name":"wp","href":"https:\/\/api.w.org\/{rel}","templated":true}]}}