{"id":279705,"date":"2025-11-03T19:00:14","date_gmt":"2025-11-03T16:00:14","guid":{"rendered":"https:\/\/vbd.dev.sumena.ee\/?post_type=product&#038;p=279705"},"modified":"2026-02-12T18:41:51","modified_gmt":"2026-02-12T15:41:51","slug":"habanero-tsilli-maitselised-kartulikropsud-nublu-150-g","status":"publish","type":"product","link":"https:\/\/vbd.dev.sumena.ee\/lv\/products-2\/habanero-tsilli-maitselised-kartulikropsud-nublu-150-g\/","title":{"rendered":"Nublu Habanero \u010dili gar\u0161as kartupe\u013cu \u010dipsi, 150 g"},"content":{"rendered":"<p>Zem\u0113 ceptas kartupe\u013cu \u010dipses, kas sezon\u0113tas ar augst\u0101k\u0101s kvalit\u0101tes gar\u0161viel\u0101m.<\/p>\n<p><strong>Sast\u0101vs<\/strong>: Kartupe\u013ci (65%), saulespu\u0137u e\u013c\u013ca un rap\u0161u e\u013c\u013ca, gar\u0161vielu mais\u012bjums (s\u0101ls, PIENScukurs, s\u016bkalas pulveris (NO PIENS), dekstroze (no kukur\u016bzas), cukurs, s\u012bpols, paprika, gar\u0161vielas (habanero), rauga ekstrakts, \u010dili pipars, sk\u0101buma regulatori (E270, E350), gar\u0161vielu ekstrakti (paprika, kurkuma, kaj\u0113nas pipars) arom\u0101ts).<\/p>\n<p>Ener\u0123ija 486kcal<br \/>\nTauki 26g<br \/>\nNo k\u0101 pies\u0101tin\u0101t\u0101s tauksk\u0101bes 2.6g<br \/>\nOg\u013chidr\u0101ti 56g<br \/>\nNo k\u0101 cukuriem 2,1g<br \/>\nProte\u012bns 8g<br \/>\nS\u0101ls 1,4g<\/p>","protected":false},"excerpt":{"rendered":"<p>Der\u012bguma termi\u0146\u0161: 11.10.2025 Daudzum\u0101: 24<\/p>","protected":false},"featured_media":279706,"comment_status":"open","ping_status":"closed","template":"","meta":{"_acf_changed":false},"product_brand":[],"product_cat":[87,80,81],"product_tag":[],"class_list":{"0":"post-279705","1":"product","2":"type-product","3":"status-publish","4":"has-post-thumbnail","6":"product_cat-meie-lemmikud","7":"product_cat-snakid","8":"product_cat-kropsud","10":"first","11":"instock","12":"sale","13":"taxable","14":"shipping-taxable","15":"purchasable","16":"product-type-simple"},"supplier_id":null,"supplier_sku":"","barcode":null,"atum_controlled":true,"out_stock_date":null,"out_stock_threshold":null,"inheritable":false,"inbound_stock":0,"stock_on_hold":8,"sold_today":4,"sales_last_days":328,"reserved_stock":0,"customer_returns":0,"warehouse_damage":0,"lost_in_post":0,"other_logs":0,"out_stock_days":0,"lost_sales":0,"has_location":false,"update_date":"2026-02-12T15:45:54","atum_locations":[],"atum_stock_status":"instock","restock_status":false,"low_stock_amount":"","sales_update_date":"2026-02-12T15:45:46","calc_backorders":null,"acf":[],"_links":{"self":[{"href":"https:\/\/vbd.dev.sumena.ee\/lv\/wp-json\/wp\/v2\/product\/279705","targetHints":{"allow":["GET"]}}],"collection":[{"href":"https:\/\/vbd.dev.sumena.ee\/lv\/wp-json\/wp\/v2\/product"}],"about":[{"href":"https:\/\/vbd.dev.sumena.ee\/lv\/wp-json\/wp\/v2\/types\/product"}],"replies":[{"embeddable":true,"href":"https:\/\/vbd.dev.sumena.ee\/lv\/wp-json\/wp\/v2\/comments?post=279705"}],"wp:featuredmedia":[{"embeddable":true,"href":"https:\/\/vbd.dev.sumena.ee\/lv\/wp-json\/wp\/v2\/media\/279706"}],"wp:attachment":[{"href":"https:\/\/vbd.dev.sumena.ee\/lv\/wp-json\/wp\/v2\/media?parent=279705"}],"wp:term":[{"taxonomy":"product_brand","embeddable":true,"href":"https:\/\/vbd.dev.sumena.ee\/lv\/wp-json\/wp\/v2\/product_brand?post=279705"},{"taxonomy":"product_cat","embeddable":true,"href":"https:\/\/vbd.dev.sumena.ee\/lv\/wp-json\/wp\/v2\/product_cat?post=279705"},{"taxonomy":"product_tag","embeddable":true,"href":"https:\/\/vbd.dev.sumena.ee\/lv\/wp-json\/wp\/v2\/product_tag?post=279705"}],"curies":[{"name":"wp","href":"https:\/\/api.w.org\/{rel}","templated":true}]}}