{"id":27271,"date":"2025-12-15T10:25:25","date_gmt":"2025-12-15T07:25:25","guid":{"rendered":"https:\/\/vbd.dev.sumena.ee\/?post_type=product&#038;p=27271"},"modified":"2026-02-12T16:34:41","modified_gmt":"2026-02-12T13:34:41","slug":"sumena-kohviuba-sume-nauding-1","status":"publish","type":"product","link":"https:\/\/vbd.dev.sumena.ee\/lv\/products-2\/sumena-kohviuba-sume-nauding-1\/","title":{"rendered":"Kafijas pupi\u0146as, SUMENA, 1kg"},"content":{"rendered":"<p>Sumena enda kohviuba, keskmise r\u00f6stiga. Partii on r\u00f6stitud 17.12.2025 Eestis. Pilt v\u00f5ib olla illustratiivne.<\/p>\n<p>90% Robusta, 10% Arabika<\/p>\n<p>&nbsp;<\/p>","protected":false},"excerpt":{"rendered":"<p>Sumena enda kohviuba, keskmise r\u00f6stiga. Partii on r\u00f6stitud 17.12.2025 Eestis. Pilt v\u00f5ib olla illustratiivne. 90% Robusta, 10% Araabika &nbsp;<\/p>","protected":false},"featured_media":315657,"comment_status":"open","ping_status":"closed","template":"","meta":{"_acf_changed":false},"product_brand":[],"product_cat":[163,87,76,79],"product_tag":[],"class_list":{"0":"post-27271","1":"product","2":"type-product","3":"status-publish","4":"has-post-thumbnail","6":"product_cat-kohv-tee","7":"product_cat-meie-lemmikud","8":"product_cat-tooted","9":"product_cat-joogid","11":"first","12":"instock","13":"sale","14":"taxable","15":"shipping-taxable","16":"purchasable","17":"product-type-simple"},"supplier_id":null,"supplier_sku":"","barcode":null,"atum_controlled":true,"out_stock_date":null,"out_stock_threshold":null,"inheritable":false,"inbound_stock":0,"stock_on_hold":22,"sold_today":28,"sales_last_days":321,"reserved_stock":0,"customer_returns":0,"warehouse_damage":0,"lost_in_post":0,"other_logs":0,"out_stock_days":0,"lost_sales":0,"has_location":true,"update_date":"2026-02-12T14:55:31","atum_locations":[{"id":146,"name":"I2","slug":"i2"}],"atum_stock_status":"instock","restock_status":true,"low_stock_amount":"","sales_update_date":"2026-02-12T14:55:21","calc_backorders":null,"acf":[],"_links":{"self":[{"href":"https:\/\/vbd.dev.sumena.ee\/lv\/wp-json\/wp\/v2\/product\/27271","targetHints":{"allow":["GET"]}}],"collection":[{"href":"https:\/\/vbd.dev.sumena.ee\/lv\/wp-json\/wp\/v2\/product"}],"about":[{"href":"https:\/\/vbd.dev.sumena.ee\/lv\/wp-json\/wp\/v2\/types\/product"}],"replies":[{"embeddable":true,"href":"https:\/\/vbd.dev.sumena.ee\/lv\/wp-json\/wp\/v2\/comments?post=27271"}],"wp:featuredmedia":[{"embeddable":true,"href":"https:\/\/vbd.dev.sumena.ee\/lv\/wp-json\/wp\/v2\/media\/315657"}],"wp:attachment":[{"href":"https:\/\/vbd.dev.sumena.ee\/lv\/wp-json\/wp\/v2\/media?parent=27271"}],"wp:term":[{"taxonomy":"product_brand","embeddable":true,"href":"https:\/\/vbd.dev.sumena.ee\/lv\/wp-json\/wp\/v2\/product_brand?post=27271"},{"taxonomy":"product_cat","embeddable":true,"href":"https:\/\/vbd.dev.sumena.ee\/lv\/wp-json\/wp\/v2\/product_cat?post=27271"},{"taxonomy":"product_tag","embeddable":true,"href":"https:\/\/vbd.dev.sumena.ee\/lv\/wp-json\/wp\/v2\/product_tag?post=27271"}],"curies":[{"name":"wp","href":"https:\/\/api.w.org\/{rel}","templated":true}]}}