{"id":269259,"date":"2025-06-17T16:48:16","date_gmt":"2025-06-17T13:48:16","guid":{"rendered":"https:\/\/vbd.dev.sumena.ee\/?post_type=product&#038;p=269259"},"modified":"2026-02-08T00:02:19","modified_gmt":"2026-02-07T21:02:19","slug":"balmy-pesemisnuustik-seebiga-naturaalne","status":"publish","type":"product","link":"https:\/\/vbd.dev.sumena.ee\/lv\/products-2\/balmy-pesemisnuustik-seebiga-naturaalne\/","title":{"rendered":"Balmy Sejas mazg\u0101\u0161anas salvetes ar ziep\u0113m, dabiskas"},"content":{"rendered":"<h2>Apraksts<\/h2>\n<p>Balmy Mazg\u0101\u0161anas lupati\u0146a ar ziep\u0113m, dab\u012bga. Ar ziep\u0113m lupati\u0146a att\u012bra un m\u012bkstina \u0101du, radot bag\u0101t\u012bgu putu. Uzglab\u0101\u0161anas nosac\u012bjumi: glab\u0101t v\u0113s\u0101 un saus\u0101 viet\u0101. BR\u012aDIN\u0100JUMS: Izvair\u012bties, lai netiktu ac\u012bs. Non\u0101kot ac\u012bs, skalot ar lielu daudzumu \u016bdens. Glab\u0101t b\u0113rniem nepieejam\u0101 viet\u0101. \u0160is produkts nav p\u0101rtika.<\/p>","protected":false},"excerpt":{"rendered":"<p>Apraksts Balmy Mazg\u0101\u0161anas salvetes ar ziep\u0113m, dab\u012bgas. Ar ziep\u0113m salvetes att\u012bra un m\u012bkstina \u0101du, radot bag\u0101t\u012bgu putu. Glab\u0101\u0161anas nosac\u012bjumi: Glab\u0101t v\u0113s\u0101 un saus\u0101 viet\u0101. BR\u012aDIN\u0100JUMS: Izvair\u012bties non\u0101k\u0161anas ac\u012bs. Ja nok\u013c\u016bst ac\u012bs, skalot ar lielu daudzumu \u016bdens. Glab\u0101t b\u0113rniem nepieejam\u0101 viet\u0101. \u0160is produkts nav p\u0101rtika.<\/p>","protected":false},"featured_media":269260,"comment_status":"open","ping_status":"closed","template":"","meta":{"_acf_changed":false},"product_brand":[],"product_cat":[158,104],"product_tag":[],"class_list":{"0":"post-269259","1":"product","2":"type-product","3":"status-publish","4":"has-post-thumbnail","6":"product_cat-kehahooldus","7":"product_cat-enesehooldus","9":"first","10":"instock","11":"sale","12":"taxable","13":"shipping-taxable","14":"purchasable","15":"product-type-simple"},"supplier_id":null,"supplier_sku":"","barcode":null,"atum_controlled":true,"out_stock_date":null,"out_stock_threshold":null,"inheritable":false,"inbound_stock":0,"stock_on_hold":0,"sold_today":0,"sales_last_days":3,"reserved_stock":0,"customer_returns":0,"warehouse_damage":0,"lost_in_post":0,"other_logs":0,"out_stock_days":0,"lost_sales":0,"has_location":false,"update_date":"2026-02-11T06:59:58","atum_locations":[],"atum_stock_status":"instock","restock_status":false,"low_stock_amount":"","sales_update_date":"2026-02-11T06:59:50","calc_backorders":null,"acf":[],"_links":{"self":[{"href":"https:\/\/vbd.dev.sumena.ee\/lv\/wp-json\/wp\/v2\/product\/269259","targetHints":{"allow":["GET"]}}],"collection":[{"href":"https:\/\/vbd.dev.sumena.ee\/lv\/wp-json\/wp\/v2\/product"}],"about":[{"href":"https:\/\/vbd.dev.sumena.ee\/lv\/wp-json\/wp\/v2\/types\/product"}],"replies":[{"embeddable":true,"href":"https:\/\/vbd.dev.sumena.ee\/lv\/wp-json\/wp\/v2\/comments?post=269259"}],"wp:featuredmedia":[{"embeddable":true,"href":"https:\/\/vbd.dev.sumena.ee\/lv\/wp-json\/wp\/v2\/media\/269260"}],"wp:attachment":[{"href":"https:\/\/vbd.dev.sumena.ee\/lv\/wp-json\/wp\/v2\/media?parent=269259"}],"wp:term":[{"taxonomy":"product_brand","embeddable":true,"href":"https:\/\/vbd.dev.sumena.ee\/lv\/wp-json\/wp\/v2\/product_brand?post=269259"},{"taxonomy":"product_cat","embeddable":true,"href":"https:\/\/vbd.dev.sumena.ee\/lv\/wp-json\/wp\/v2\/product_cat?post=269259"},{"taxonomy":"product_tag","embeddable":true,"href":"https:\/\/vbd.dev.sumena.ee\/lv\/wp-json\/wp\/v2\/product_tag?post=269259"}],"curies":[{"name":"wp","href":"https:\/\/api.w.org\/{rel}","templated":true}]}}