{"id":266473,"date":"2025-06-11T12:28:00","date_gmt":"2025-06-11T09:28:00","guid":{"rendered":"https:\/\/vbd.dev.sumena.ee\/?post_type=product&#038;p=266473"},"modified":"2026-02-04T10:53:46","modified_gmt":"2026-02-04T07:53:46","slug":"diso-vitamiiniribad-immuunsuse-leedrimarja-n30","status":"publish","type":"product","link":"https:\/\/vbd.dev.sumena.ee\/lv\/products-2\/diso-vitamiiniribad-immuunsuse-leedrimarja-n30\/","title":{"rendered":"Diso vitam\u012bnu lentas \u2013 Imunit\u0101tei Liepu oga N30"},"content":{"rendered":"<p><strong>C vitam\u012bns imunit\u0101tei<\/strong><\/p>\n<p><strong>Diso Vit C<\/strong> \u0161\u0137\u012bsto\u0161\u0101 lente satur C vitam\u012bnu im\u016bnsist\u0113mas atbalstam c\u012b\u0146\u0101 ar slim\u012bbu izrais\u012bt\u0101jiem. Lent\u0113s ir liposom\u0101lais C vitam\u012bns, kas nepiecie\u0161ams imunit\u0101tes uztur\u0113\u0161anai, un beta-glik\u0101ni, kas atbalsta im\u016bnsist\u0113mu un aktiviz\u0113 im\u016bn\u0161\u016bnas. Satur upen\u012b\u0161u ekstraktu, kas stiprina im\u016bnsist\u0113mu un kam ir antioksidanta iedarb\u012bba.<\/p>\n<p>Dienas deva: Lietojiet 1\u20132 lent\u012btes dien\u0101, v\u0113lams kop\u0101 ar \u0113dienu. Novietojiet Diso\u00ae lent\u012bti zem m\u0113les un \u013caujiet tai iz\u0161\u0137\u012bst.<\/p>\n<p><strong>Diennakts deva satur\u0101:<\/strong><\/p>\n<table style=\"height: 161px;\" width=\"402\">\n<tbody>\n<tr>\n<td width=\"200\">Sast\u0101vs<\/td>\n<td width=\"200\">Daudzums vien\u0101 lent\u0113<\/td>\n<td width=\"200\"><\/td>\n<\/tr>\n<tr>\n<td width=\"200\">C vitam\u012bns<\/td>\n<td width=\"200\">60 mg<\/td>\n<td width=\"200\"><\/td>\n<\/tr>\n<tr>\n<td width=\"200\">Ledru ogu ekstrakts (Eldermune\u00ae)<\/td>\n<td width=\"200\">15 mg<\/td>\n<td width=\"200\"><\/td>\n<\/tr>\n<tr>\n<td width=\"200\">Betagluk\u0101ns (Puremune\u2122)<\/td>\n<td width=\"200\">30 mg<\/td>\n<td width=\"200\"><\/td>\n<\/tr>\n<\/tbody>\n<\/table>\n<p>&nbsp;<\/p>","protected":false},"excerpt":{"rendered":"<p>Par der\u012bguma: 07.2025<\/p>","protected":false},"featured_media":266477,"comment_status":"open","ping_status":"closed","template":"","meta":{"_acf_changed":false},"product_brand":[],"product_cat":[160,104],"product_tag":[],"class_list":{"0":"post-266473","1":"product","2":"type-product","3":"status-publish","4":"has-post-thumbnail","6":"product_cat-tervisekaubad","7":"product_cat-enesehooldus","9":"first","10":"instock","11":"sale","12":"taxable","13":"shipping-taxable","14":"purchasable","15":"product-type-simple"},"supplier_id":null,"supplier_sku":"","barcode":null,"atum_controlled":true,"out_stock_date":null,"out_stock_threshold":null,"inheritable":false,"inbound_stock":0,"stock_on_hold":0,"sold_today":0,"sales_last_days":0,"reserved_stock":0,"customer_returns":0,"warehouse_damage":0,"lost_in_post":0,"other_logs":0,"out_stock_days":0,"lost_sales":0,"has_location":false,"update_date":"2026-02-04T14:19:45","atum_locations":[],"atum_stock_status":"instock","restock_status":false,"low_stock_amount":"","sales_update_date":"2026-02-04T14:19:45","calc_backorders":null,"acf":[],"_links":{"self":[{"href":"https:\/\/vbd.dev.sumena.ee\/lv\/wp-json\/wp\/v2\/product\/266473","targetHints":{"allow":["GET"]}}],"collection":[{"href":"https:\/\/vbd.dev.sumena.ee\/lv\/wp-json\/wp\/v2\/product"}],"about":[{"href":"https:\/\/vbd.dev.sumena.ee\/lv\/wp-json\/wp\/v2\/types\/product"}],"replies":[{"embeddable":true,"href":"https:\/\/vbd.dev.sumena.ee\/lv\/wp-json\/wp\/v2\/comments?post=266473"}],"wp:featuredmedia":[{"embeddable":true,"href":"https:\/\/vbd.dev.sumena.ee\/lv\/wp-json\/wp\/v2\/media\/266477"}],"wp:attachment":[{"href":"https:\/\/vbd.dev.sumena.ee\/lv\/wp-json\/wp\/v2\/media?parent=266473"}],"wp:term":[{"taxonomy":"product_brand","embeddable":true,"href":"https:\/\/vbd.dev.sumena.ee\/lv\/wp-json\/wp\/v2\/product_brand?post=266473"},{"taxonomy":"product_cat","embeddable":true,"href":"https:\/\/vbd.dev.sumena.ee\/lv\/wp-json\/wp\/v2\/product_cat?post=266473"},{"taxonomy":"product_tag","embeddable":true,"href":"https:\/\/vbd.dev.sumena.ee\/lv\/wp-json\/wp\/v2\/product_tag?post=266473"}],"curies":[{"name":"wp","href":"https:\/\/api.w.org\/{rel}","templated":true}]}}