{"id":266461,"date":"2025-06-11T11:51:53","date_gmt":"2025-06-11T08:51:53","guid":{"rendered":"https:\/\/vbd.dev.sumena.ee\/?post_type=product&#038;p=266461"},"modified":"2026-02-12T02:43:49","modified_gmt":"2026-02-11T23:43:49","slug":"diso-vitamiiniribad-snooze-cherry-n30","status":"publish","type":"product","link":"https:\/\/vbd.dev.sumena.ee\/lv\/products-2\/diso-vitamiiniribad-snooze-cherry-n30\/","title":{"rendered":"Diso vitam\u012bnu lentas \u2013 Snooze Kirss N30"},"content":{"rendered":"<p><strong>Uztura bag\u0101tin\u0101t\u0101js miega uzlabo\u0161anai<\/strong><\/p>\n<p><strong>Diso Snooze<\/strong> \u0161\u0137\u012bsto\u0161a \u0161okol\u0101des josla satur da\u017e\u0101dus dabiskus ekstraktus, kas paredz\u0113ti mier\u012bgai un kvalitat\u012bvai atp\u016btai nakt\u012b. Ja \u0137ermenis nesa\u0146em pietiekami daudz atp\u016btas, im\u016bnsist\u0113ma v\u0101jin\u0101s, paaugstin\u0101s stresa j\u016bt\u012bgums un koncentr\u0113\u0161an\u0101s k\u013c\u016bst gr\u016bt\u0101ka. Miega tr\u016bkums saist\u012bts ar\u012b ar svara pieaugumu.<\/p>\n<p>Gar\u0161a: \u0136irsis<\/p>\n<p>Bez cukura &amp; Veg\u0101nisks \u2013 Augsta uzs\u016bktsp\u0113ja<\/p>\n<p>Neto daudzums: 30<\/p>\n<p>Dienas deva: Lietot 1 lenti dien\u0101, 30 min\u016btes pirms gul\u0113tie\u0161anas. Novietojiet Diso\u00ae lenti zem m\u0113les un \u013caujiet lentei iz\u0161\u0137\u012bst.<\/p>\n<p><strong>Diennakts deva satur\u0101:<\/strong><\/p>\n<table width=\"601\">\n<tbody>\n<tr>\n<td width=\"200\">Sast\u0101vs<\/td>\n<td width=\"200\">Daudzums vien\u0101 lent\u0113<\/td>\n<td width=\"200\">%NRV*<\/td>\n<\/tr>\n<tr>\n<td width=\"200\">Montmorency \u0137ir\u0161u ekstrakts<\/td>\n<td width=\"200\">50 mg<\/td>\n<td width=\"200\">**<\/td>\n<\/tr>\n<tr>\n<td width=\"200\">L-tean\u012bns<\/td>\n<td width=\"200\">25 mg<\/td>\n<td width=\"200\">**<\/td>\n<\/tr>\n<tr>\n<td width=\"200\">Griffonia s\u0113klu ekstrakts<\/td>\n<td width=\"200\">20 mg<\/td>\n<td width=\"200\">**<\/td>\n<\/tr>\n<tr>\n<td width=\"200\">Baldri\u0101na ekstrakts<\/td>\n<td width=\"200\">15 mg<\/td>\n<td width=\"200\">**<\/td>\n<\/tr>\n<tr>\n<td width=\"200\">Kumel\u012bjas ekstrakts<\/td>\n<td width=\"200\">10 mg<\/td>\n<td width=\"200\">**<\/td>\n<\/tr>\n<tr>\n<td width=\"200\">Gama-aminosvi\u013c\u0146sk\u0101be<\/td>\n<td width=\"200\">5 mg<\/td>\n<td width=\"200\">**<\/td>\n<\/tr>\n<tr>\n<td width=\"200\">Passiflora ekstrakts<\/td>\n<td width=\"200\">2 mg<\/td>\n<td width=\"200\">**<\/td>\n<\/tr>\n<tr>\n<td width=\"200\">Vitam\u012bns B6<\/td>\n<td width=\"200\">1,4 mg<\/td>\n<td width=\"200\">100%<\/td>\n<\/tr>\n<\/tbody>\n<\/table>\n<p>% NRV*-procenti no dienas ieteicam\u0101s uzturv\u0113rt\u012bbas<\/p>\n<p>** Dienas sal\u012bdzin\u0101mais daudzums nav noteikts<\/p>\n<p><strong>Glab\u0101\u0161ana<\/strong>: Uzglab\u0101t saus\u0101 un v\u0113s\u0101 viet\u0101, prom no tie\u0161iem saules stariem. Uzglab\u0101t b\u0113rniem nepieejam\u0101 viet\u0101.<\/p>\n<p>Der\u012bguma termi\u0146\u0161: skat\u012bt iepakojum\u0101<\/p>\n<p>.<\/p>","protected":false},"excerpt":{"rendered":"<p>Par der\u012bguma: 07.2025<\/p>","protected":false},"featured_media":266463,"comment_status":"open","ping_status":"closed","template":"","meta":{"_acf_changed":false},"product_brand":[],"product_cat":[160,104],"product_tag":[],"class_list":{"0":"post-266461","1":"product","2":"type-product","3":"status-publish","4":"has-post-thumbnail","6":"product_cat-tervisekaubad","7":"product_cat-enesehooldus","9":"first","10":"instock","11":"sale","12":"taxable","13":"shipping-taxable","14":"purchasable","15":"product-type-simple"},"supplier_id":null,"supplier_sku":"","barcode":null,"atum_controlled":true,"out_stock_date":null,"out_stock_threshold":null,"inheritable":false,"inbound_stock":0,"stock_on_hold":1,"sold_today":1,"sales_last_days":2,"reserved_stock":0,"customer_returns":0,"warehouse_damage":0,"lost_in_post":0,"other_logs":0,"out_stock_days":0,"lost_sales":0,"has_location":false,"update_date":"2026-02-11T23:45:04","atum_locations":[],"atum_stock_status":"instock","restock_status":true,"low_stock_amount":"","sales_update_date":"2026-02-11T23:44:56","calc_backorders":null,"acf":[],"_links":{"self":[{"href":"https:\/\/vbd.dev.sumena.ee\/lv\/wp-json\/wp\/v2\/product\/266461","targetHints":{"allow":["GET"]}}],"collection":[{"href":"https:\/\/vbd.dev.sumena.ee\/lv\/wp-json\/wp\/v2\/product"}],"about":[{"href":"https:\/\/vbd.dev.sumena.ee\/lv\/wp-json\/wp\/v2\/types\/product"}],"replies":[{"embeddable":true,"href":"https:\/\/vbd.dev.sumena.ee\/lv\/wp-json\/wp\/v2\/comments?post=266461"}],"wp:featuredmedia":[{"embeddable":true,"href":"https:\/\/vbd.dev.sumena.ee\/lv\/wp-json\/wp\/v2\/media\/266463"}],"wp:attachment":[{"href":"https:\/\/vbd.dev.sumena.ee\/lv\/wp-json\/wp\/v2\/media?parent=266461"}],"wp:term":[{"taxonomy":"product_brand","embeddable":true,"href":"https:\/\/vbd.dev.sumena.ee\/lv\/wp-json\/wp\/v2\/product_brand?post=266461"},{"taxonomy":"product_cat","embeddable":true,"href":"https:\/\/vbd.dev.sumena.ee\/lv\/wp-json\/wp\/v2\/product_cat?post=266461"},{"taxonomy":"product_tag","embeddable":true,"href":"https:\/\/vbd.dev.sumena.ee\/lv\/wp-json\/wp\/v2\/product_tag?post=266461"}],"curies":[{"name":"wp","href":"https:\/\/api.w.org\/{rel}","templated":true}]}}