{"id":26327,"date":"2025-09-25T14:00:07","date_gmt":"2025-09-25T11:00:07","guid":{"rendered":"https:\/\/vbd.dev.sumena.ee\/?post_type=product&#038;p=26327"},"modified":"2026-02-12T18:23:18","modified_gmt":"2026-02-12T15:23:18","slug":"mongel-kaneelimaitselised-maisikepikesed-100g","status":"publish","type":"product","link":"https:\/\/vbd.dev.sumena.ee\/lv\/products-2\/mongel-kaneelimaitselised-maisikepikesed-100g\/","title":{"rendered":"M\u00f5ngel kan\u0113\u013ca gar\u0161as kukur\u016bzas n\u016bji\u0146as Balsnack 100g"},"content":{"rendered":"<p>Sast\u0101vda\u013cas: kukur\u016bzas putraimi 57%, cukurs, rap\u0161u e\u013c\u013ca, kan\u0113lis 1,6%, s\u0101ls<\/p>\n<p>uzturs v\u0113rt\u012bba uz 100 gramiem<\/p>\n<ul>\n<li>Ener\u0123ijas saturs (kJ\/kcal):1716kJ\/407kcal<\/li>\n<li>Tauki (g):12<\/li>\n<li>No k\u0101 pies\u0101tin\u0101t\u0101s tauksk\u0101bes (g):0.9<\/li>\n<li>Og\u013chidr\u0101ti (g):70<\/li>\n<li>No k\u0101 sast\u0101v cukuri (g):29<\/li>\n<li>Olbaltumvielas (g):4.6<\/li>\n<li>S\u0101ls (g):0.2<\/li>\n<\/ul>","protected":false},"excerpt":{"rendered":"<p>&nbsp;<\/p>\n<p>L\u012bdz: 28.11.2025 Daudzumiepakojums: 20<\/p>","protected":false},"featured_media":26378,"comment_status":"open","ping_status":"closed","template":"","meta":{"_acf_changed":false},"product_brand":[],"product_cat":[81],"product_tag":[],"class_list":{"0":"post-26327","1":"product","2":"type-product","3":"status-publish","4":"has-post-thumbnail","6":"product_cat-kropsud","8":"first","9":"instock","10":"sale","11":"taxable","12":"shipping-taxable","13":"purchasable","14":"product-type-simple"},"supplier_id":22787,"supplier_sku":"","barcode":null,"atum_controlled":true,"out_stock_date":null,"out_stock_threshold":null,"inheritable":false,"inbound_stock":0,"stock_on_hold":5,"sold_today":3,"sales_last_days":349,"reserved_stock":0,"customer_returns":0,"warehouse_damage":0,"lost_in_post":0,"other_logs":0,"out_stock_days":0,"lost_sales":0,"has_location":true,"update_date":"2026-02-12T15:28:10","atum_locations":[{"id":92,"name":"A","slug":"a"}],"atum_stock_status":"instock","restock_status":true,"low_stock_amount":"","sales_update_date":"2026-02-12T15:28:01","calc_backorders":null,"acf":[],"_links":{"self":[{"href":"https:\/\/vbd.dev.sumena.ee\/lv\/wp-json\/wp\/v2\/product\/26327","targetHints":{"allow":["GET"]}}],"collection":[{"href":"https:\/\/vbd.dev.sumena.ee\/lv\/wp-json\/wp\/v2\/product"}],"about":[{"href":"https:\/\/vbd.dev.sumena.ee\/lv\/wp-json\/wp\/v2\/types\/product"}],"replies":[{"embeddable":true,"href":"https:\/\/vbd.dev.sumena.ee\/lv\/wp-json\/wp\/v2\/comments?post=26327"}],"wp:featuredmedia":[{"embeddable":true,"href":"https:\/\/vbd.dev.sumena.ee\/lv\/wp-json\/wp\/v2\/media\/26378"}],"wp:attachment":[{"href":"https:\/\/vbd.dev.sumena.ee\/lv\/wp-json\/wp\/v2\/media?parent=26327"}],"wp:term":[{"taxonomy":"product_brand","embeddable":true,"href":"https:\/\/vbd.dev.sumena.ee\/lv\/wp-json\/wp\/v2\/product_brand?post=26327"},{"taxonomy":"product_cat","embeddable":true,"href":"https:\/\/vbd.dev.sumena.ee\/lv\/wp-json\/wp\/v2\/product_cat?post=26327"},{"taxonomy":"product_tag","embeddable":true,"href":"https:\/\/vbd.dev.sumena.ee\/lv\/wp-json\/wp\/v2\/product_tag?post=26327"}],"curies":[{"name":"wp","href":"https:\/\/api.w.org\/{rel}","templated":true}]}}