{"id":248840,"date":"2026-01-19T20:21:49","date_gmt":"2026-01-19T17:21:49","guid":{"rendered":"https:\/\/vbd.dev.sumena.ee\/?post_type=product&#038;p=248840"},"modified":"2026-02-12T07:49:05","modified_gmt":"2026-02-12T04:49:05","slug":"koogipuhastusvahend-mayeri-all-care-750ml","status":"publish","type":"product","link":"https:\/\/vbd.dev.sumena.ee\/lv\/products-2\/koogipuhastusvahend-mayeri-all-care-750ml\/","title":{"rendered":"Virtuves t\u012br\u012b\u0161anas l\u012bdzeklis Mayeri All-Care 750ml"},"content":{"rendered":"<p>K\u00d6\u00d6GIPUHASTUSVAHEND MAYERI ALL-CARE. Efekt\u012bvs l\u012bdzeklis sp\u0113c\u012bgu net\u012brumu un uzkr\u0101ju\u0161os tauku no\u0146em\u0161anai \u016bdeni nelaid\u012bg\u0101m virsm\u0101m, piem\u0113ram, pl\u012bt\u012bm, cepe\u0161kr\u0101sn\u012bm, nos\u016bc\u0113jiem, mikrovi\u013c\u0146u kr\u0101sn\u012bm, ledusskapjiem, darba virsm\u0101m un izlietn\u0113m.<\/p>\n<p>Sast\u0101vs: &lt;(&gt;&lt;&lt;)&gt;5% nejonu virsmakt\u012bv\u0101s vielas, &lt;(&gt;&lt;&lt;)&gt;5% amfot\u0113risk\u0101s virsmakt\u012bv\u0101s vielas, smar\u017eviela, kr\u0101sviela.<\/p>\n<div class=\"sc-6ce0b882-1 jJDOXp\" data-test-id=\"product-info-ean\">\n<div><\/div>\n<\/div>","protected":false},"excerpt":{"rendered":"<p>K\u00d6\u00d6GIPUHASTUSVAHEND MAYERI ALL-CARE. Efektiivne vahend tugeva mustuse ja ladestunud rasvade eemaldamiseks vett-taluvatelt pindadelt nagu pliidid, k\u00fcpsetusahjud, \u00f5hupuhastajad, mikrolaineahjud, k\u00fclmkapid, t\u00f6\u00f6tasapinnad ja kraanikausid. Koostisosad: &lt;(&gt;&lt;&lt;)&gt;5% mitteioonsed pindaktiivsed ained, &lt;(&gt;&lt;&lt;)&gt;5% amfoteersed pindaktiivsed ained, l\u00f5hnaaine, v\u00e4rvaine.<\/p>","protected":false},"featured_media":248842,"comment_status":"open","ping_status":"closed","template":"","meta":{"_acf_changed":false},"product_brand":[],"product_cat":[185,88],"product_tag":[],"class_list":{"0":"post-248840","1":"product","2":"type-product","3":"status-publish","4":"has-post-thumbnail","6":"product_cat-puhastus-ja-koristusvahendid","7":"product_cat-tarbekaubad-tooted","9":"first","10":"instock","11":"sale","12":"taxable","13":"shipping-taxable","14":"purchasable","15":"product-type-simple"},"supplier_id":null,"supplier_sku":"","barcode":null,"atum_controlled":true,"out_stock_date":null,"out_stock_threshold":null,"inheritable":false,"inbound_stock":0,"stock_on_hold":1,"sold_today":2,"sales_last_days":112,"reserved_stock":0,"customer_returns":0,"warehouse_damage":0,"lost_in_post":0,"other_logs":0,"out_stock_days":0,"lost_sales":0,"has_location":false,"update_date":"2026-02-12T08:46:32","atum_locations":[],"atum_stock_status":"instock","restock_status":false,"low_stock_amount":"","sales_update_date":"2026-02-12T08:46:24","calc_backorders":null,"acf":[],"_links":{"self":[{"href":"https:\/\/vbd.dev.sumena.ee\/lv\/wp-json\/wp\/v2\/product\/248840","targetHints":{"allow":["GET"]}}],"collection":[{"href":"https:\/\/vbd.dev.sumena.ee\/lv\/wp-json\/wp\/v2\/product"}],"about":[{"href":"https:\/\/vbd.dev.sumena.ee\/lv\/wp-json\/wp\/v2\/types\/product"}],"replies":[{"embeddable":true,"href":"https:\/\/vbd.dev.sumena.ee\/lv\/wp-json\/wp\/v2\/comments?post=248840"}],"wp:featuredmedia":[{"embeddable":true,"href":"https:\/\/vbd.dev.sumena.ee\/lv\/wp-json\/wp\/v2\/media\/248842"}],"wp:attachment":[{"href":"https:\/\/vbd.dev.sumena.ee\/lv\/wp-json\/wp\/v2\/media?parent=248840"}],"wp:term":[{"taxonomy":"product_brand","embeddable":true,"href":"https:\/\/vbd.dev.sumena.ee\/lv\/wp-json\/wp\/v2\/product_brand?post=248840"},{"taxonomy":"product_cat","embeddable":true,"href":"https:\/\/vbd.dev.sumena.ee\/lv\/wp-json\/wp\/v2\/product_cat?post=248840"},{"taxonomy":"product_tag","embeddable":true,"href":"https:\/\/vbd.dev.sumena.ee\/lv\/wp-json\/wp\/v2\/product_tag?post=248840"}],"curies":[{"name":"wp","href":"https:\/\/api.w.org\/{rel}","templated":true}]}}