{"id":247213,"date":"2025-05-24T17:26:59","date_gmt":"2025-05-24T14:26:59","guid":{"rendered":"https:\/\/vbd.dev.sumena.ee\/?post_type=product&#038;p=247213"},"modified":"2026-02-12T16:34:40","modified_gmt":"2026-02-12T13:34:40","slug":"pune-oregano-100-g","status":"publish","type":"product","link":"https:\/\/vbd.dev.sumena.ee\/lv\/products-2\/pune-oregano-100-g\/","title":{"rendered":"Pune (oregano), 100 g"},"content":{"rendered":"<p><strong>Sast\u0101vs<\/strong>: \u017e\u0101v\u0113ts un sasmalcin\u0101ts oregano (pune).<br \/>\nOreg\u0101ns pieder popul\u0101rajai picu gar\u0161augu sausajai mais\u012bjumam kop\u0101 ar major\u0101nu un baziliku.<br \/>\nNeaizvietojams piedeva It\u0101\u013cu virtuv\u0113 \u2013 bez \u0161\u012b gar\u0161auga pica, tom\u0101tu m\u0113rces un da\u017e\u0101di it\u0101\u013cu ga\u013cas un pastas \u0113dieni nav \u012bsti pareizi.<br \/>\nIzcelsmes valsts: Turcija.<br \/>\nUzglab\u0101t saus\u0101, v\u0113s\u0101 viet\u0101 un aizsarg\u0101t no tie\u0161iem saules stariem.<\/p>","protected":false},"excerpt":{"rendered":"<p>Par der\u012bguma l\u012bdz: 31.05.2026<\/p>","protected":false},"featured_media":247278,"comment_status":"open","ping_status":"closed","template":"","meta":{"_acf_changed":false},"product_brand":[],"product_cat":[183],"product_tag":[],"class_list":{"0":"post-247213","1":"product","2":"type-product","3":"status-publish","4":"has-post-thumbnail","6":"product_cat-maitseained","8":"first","9":"instock","10":"sale","11":"taxable","12":"shipping-taxable","13":"purchasable","14":"product-type-simple"},"supplier_id":null,"supplier_sku":"","barcode":null,"atum_controlled":true,"out_stock_date":null,"out_stock_threshold":null,"inheritable":false,"inbound_stock":0,"stock_on_hold":1,"sold_today":1,"sales_last_days":7,"reserved_stock":0,"customer_returns":0,"warehouse_damage":0,"lost_in_post":0,"other_logs":0,"out_stock_days":0,"lost_sales":0,"has_location":false,"update_date":"2026-02-12T14:32:30","atum_locations":[],"atum_stock_status":"instock","restock_status":false,"low_stock_amount":"","sales_update_date":"2026-02-12T14:32:21","calc_backorders":null,"acf":[],"_links":{"self":[{"href":"https:\/\/vbd.dev.sumena.ee\/lv\/wp-json\/wp\/v2\/product\/247213","targetHints":{"allow":["GET"]}}],"collection":[{"href":"https:\/\/vbd.dev.sumena.ee\/lv\/wp-json\/wp\/v2\/product"}],"about":[{"href":"https:\/\/vbd.dev.sumena.ee\/lv\/wp-json\/wp\/v2\/types\/product"}],"replies":[{"embeddable":true,"href":"https:\/\/vbd.dev.sumena.ee\/lv\/wp-json\/wp\/v2\/comments?post=247213"}],"wp:featuredmedia":[{"embeddable":true,"href":"https:\/\/vbd.dev.sumena.ee\/lv\/wp-json\/wp\/v2\/media\/247278"}],"wp:attachment":[{"href":"https:\/\/vbd.dev.sumena.ee\/lv\/wp-json\/wp\/v2\/media?parent=247213"}],"wp:term":[{"taxonomy":"product_brand","embeddable":true,"href":"https:\/\/vbd.dev.sumena.ee\/lv\/wp-json\/wp\/v2\/product_brand?post=247213"},{"taxonomy":"product_cat","embeddable":true,"href":"https:\/\/vbd.dev.sumena.ee\/lv\/wp-json\/wp\/v2\/product_cat?post=247213"},{"taxonomy":"product_tag","embeddable":true,"href":"https:\/\/vbd.dev.sumena.ee\/lv\/wp-json\/wp\/v2\/product_tag?post=247213"}],"curies":[{"name":"wp","href":"https:\/\/api.w.org\/{rel}","templated":true}]}}