{"id":245492,"date":"2025-05-20T09:06:25","date_gmt":"2025-05-20T06:06:25","guid":{"rendered":"https:\/\/vbd.dev.sumena.ee\/?post_type=product&#038;p=245492"},"modified":"2026-02-11T23:19:01","modified_gmt":"2026-02-11T20:19:01","slug":"dusigeel-moonlight-cactus-hyaluronic-acid-lux-botanicals-750-ml","status":"publish","type":"product","link":"https:\/\/vbd.dev.sumena.ee\/lv\/products-2\/dusigeel-moonlight-cactus-hyaluronic-acid-lux-botanicals-750-ml\/","title":{"rendered":"Du\u0161as \u017eeleja Moonlight Cactus &#038; Hyaluronic Acid, LUX Botanicals, 480 ml"},"content":{"rendered":"<p>Vai v\u0113laties padar\u012bt parastu du\u0161as apmekl\u0113jumu par \u012bpa\u0161u pieredzi ar pat\u012bkamu arom\u0101tu? Du\u0161as \u017eeleja Lux Moonlight Cactus &amp; Hyaluronic Acid Shower Gel pal\u012bdz\u0113s to sasniegt. Kam\u0113r j\u016bsu ma\u0146as lutina t\u0101s neatvair\u0101mais arom\u0101ts, \u017eelejas putojo\u0161\u0101 tekst\u016bra efekt\u012bvi no\u0146em no \u0101das visu net\u012brumu, nekairinot vai nep\u0101rlieku neiz\u017e\u0101v\u0113jot to. P\u0113c du\u0161as vai vanna \u0101da b\u016bs piln\u012bgi t\u012bra, samtaini maiga un br\u012bni\u0161\u0137\u012bgi arom\u0101tiska. Tie\u0161i t\u0101p\u0113c \u0161\u012b du\u0161as \u017eeleja k\u013c\u016bs par neat\u0146emamu j\u016bsu ikdienas higi\u0113nas sast\u0101vda\u013cu, padarot mazg\u0101\u0161anos par gaid\u012btu ritu\u0101lu.<\/p>\n<p>Satur vismaz 94% dabiskas izcelsmes sast\u0101vda\u013cu.<\/p>","protected":false},"excerpt":{"rendered":"<p>Der\u012bguma termi\u0146\u0161: 10.10.2025 Daudzums iepakojum\u0101: 6<\/p>","protected":false},"featured_media":245493,"comment_status":"open","ping_status":"closed","template":"","meta":{"_acf_changed":false},"product_brand":[],"product_cat":[158,104],"product_tag":[],"class_list":{"0":"post-245492","1":"product","2":"type-product","3":"status-publish","4":"has-post-thumbnail","6":"product_cat-kehahooldus","7":"product_cat-enesehooldus","9":"first","10":"instock","11":"sale","12":"taxable","13":"shipping-taxable","14":"purchasable","15":"product-type-simple"},"supplier_id":null,"supplier_sku":"","barcode":null,"atum_controlled":true,"out_stock_date":null,"out_stock_threshold":null,"inheritable":false,"inbound_stock":0,"stock_on_hold":2,"sold_today":2,"sales_last_days":4,"reserved_stock":0,"customer_returns":0,"warehouse_damage":0,"lost_in_post":0,"other_logs":0,"out_stock_days":0,"lost_sales":0,"has_location":false,"update_date":"2026-02-11T20:19:59","atum_locations":[],"atum_stock_status":"instock","restock_status":false,"low_stock_amount":"","sales_update_date":"2026-02-11T20:19:53","calc_backorders":null,"acf":[],"_links":{"self":[{"href":"https:\/\/vbd.dev.sumena.ee\/lv\/wp-json\/wp\/v2\/product\/245492","targetHints":{"allow":["GET"]}}],"collection":[{"href":"https:\/\/vbd.dev.sumena.ee\/lv\/wp-json\/wp\/v2\/product"}],"about":[{"href":"https:\/\/vbd.dev.sumena.ee\/lv\/wp-json\/wp\/v2\/types\/product"}],"replies":[{"embeddable":true,"href":"https:\/\/vbd.dev.sumena.ee\/lv\/wp-json\/wp\/v2\/comments?post=245492"}],"wp:featuredmedia":[{"embeddable":true,"href":"https:\/\/vbd.dev.sumena.ee\/lv\/wp-json\/wp\/v2\/media\/245493"}],"wp:attachment":[{"href":"https:\/\/vbd.dev.sumena.ee\/lv\/wp-json\/wp\/v2\/media?parent=245492"}],"wp:term":[{"taxonomy":"product_brand","embeddable":true,"href":"https:\/\/vbd.dev.sumena.ee\/lv\/wp-json\/wp\/v2\/product_brand?post=245492"},{"taxonomy":"product_cat","embeddable":true,"href":"https:\/\/vbd.dev.sumena.ee\/lv\/wp-json\/wp\/v2\/product_cat?post=245492"},{"taxonomy":"product_tag","embeddable":true,"href":"https:\/\/vbd.dev.sumena.ee\/lv\/wp-json\/wp\/v2\/product_tag?post=245492"}],"curies":[{"name":"wp","href":"https:\/\/api.w.org\/{rel}","templated":true}]}}