{"id":244200,"date":"2025-05-16T17:47:23","date_gmt":"2025-05-16T14:47:23","guid":{"rendered":"https:\/\/vbd.dev.sumena.ee\/?post_type=product&#038;p=244200"},"modified":"2026-02-08T12:33:02","modified_gmt":"2026-02-08T09:33:02","slug":"sokolaadipralineed-joulusaan-merry-christmas-vergani-200g","status":"publish","type":"product","link":"https:\/\/vbd.dev.sumena.ee\/lv\/products-2\/sokolaadipralineed-joulusaan-merry-christmas-vergani-200g\/","title":{"rendered":"\u0160okol\u0101des pral\u012bnes Ziemassv\u0113tku ragavi\u0146as MERRY CHRISTMAS VERGANI 200g"},"content":{"rendered":"<p>\u0160okol\u0101des pral\u012bnes ar karame\u013cu kr\u0113mu.<\/p>\n<p><b>Sast\u0101vda\u013cas:<\/b> Karameles gar\u0161as kr\u0113ms 55%: cukurs, augu tauki (koks, palma, kokosrieksts), s\u016bkalpuve, piena pulveris, emulgatori: sojas lecit\u012bns, aromatiz\u0113t\u0101ji, karamele Piens \u0161okol\u0101de: 35%: cukurs, kakao sviests, pilnpiena pulveris, kakao masa, dab\u012bg\u0101 vani\u013cas aromatiz\u0113t\u0101ja, Kakao sausnas min 30%<\/p>\n<p><b>Produkts var satur\u0113t nelielu daudzumu ar\u012b no citiem riekstiem un glut\u0113na.<\/b><\/p>\n<table class=\"table table-bordered\">\n<thead>\n<tr>\n<td colspan=\"2\"><strong>Produkta inform\u0101cija<\/strong><\/td>\n<\/tr>\n<\/thead>\n<tbody>\n<tr>\n<td>Ener\u0123\u0113tisk\u0101 v\u0113rt\u012bba<\/td>\n<td>2273 kJ \/ 544 kcal<\/td>\n<\/tr>\n<tr>\n<td>Tauki<\/td>\n<td>31,2 g<\/td>\n<\/tr>\n<tr>\n<td>Pies\u0101tin\u0101t\u0101s tauksk\u0101bes<\/td>\n<td>15,7 g<\/td>\n<\/tr>\n<tr>\n<td>Og\u013chidr\u0101ti<\/td>\n<td>61,2 g<\/td>\n<\/tr>\n<tr>\n<td>Cukurs<\/td>\n<td>60,5 g<\/td>\n<\/tr>\n<tr>\n<td>\u0160\u0137iedrvielas<\/td>\n<td>1,0 g<\/td>\n<\/tr>\n<tr>\n<td>Olbaltumvielas<\/td>\n<td>4,2 g<\/td>\n<\/tr>\n<tr>\n<td>S\u0101ls<\/td>\n<td>0,20 g<\/td>\n<\/tr>\n<\/tbody>\n<\/table>","protected":false},"excerpt":{"rendered":"<p>Par lieto\u0161anu l\u012bdz: 30.11.2025 Daudzpaka: 8<\/p>","protected":false},"featured_media":244201,"comment_status":"open","ping_status":"closed","template":"","meta":{"_acf_changed":false},"product_brand":[],"product_cat":[77,84],"product_tag":[],"class_list":{"0":"post-244200","1":"product","2":"type-product","3":"status-publish","4":"has-post-thumbnail","6":"product_cat-maiustused","7":"product_cat-sokolaad","9":"first","10":"instock","11":"sale","12":"taxable","13":"shipping-taxable","14":"purchasable","15":"product-type-simple"},"supplier_id":null,"supplier_sku":"","barcode":null,"atum_controlled":true,"out_stock_date":null,"out_stock_threshold":null,"inheritable":false,"inbound_stock":0,"stock_on_hold":0,"sold_today":0,"sales_last_days":6,"reserved_stock":0,"customer_returns":0,"warehouse_damage":0,"lost_in_post":0,"other_logs":0,"out_stock_days":0,"lost_sales":0,"has_location":false,"update_date":"2026-02-09T19:26:36","atum_locations":[],"atum_stock_status":"instock","restock_status":false,"low_stock_amount":"","sales_update_date":"2026-02-09T19:26:29","calc_backorders":null,"acf":[],"_links":{"self":[{"href":"https:\/\/vbd.dev.sumena.ee\/lv\/wp-json\/wp\/v2\/product\/244200","targetHints":{"allow":["GET"]}}],"collection":[{"href":"https:\/\/vbd.dev.sumena.ee\/lv\/wp-json\/wp\/v2\/product"}],"about":[{"href":"https:\/\/vbd.dev.sumena.ee\/lv\/wp-json\/wp\/v2\/types\/product"}],"replies":[{"embeddable":true,"href":"https:\/\/vbd.dev.sumena.ee\/lv\/wp-json\/wp\/v2\/comments?post=244200"}],"wp:featuredmedia":[{"embeddable":true,"href":"https:\/\/vbd.dev.sumena.ee\/lv\/wp-json\/wp\/v2\/media\/244201"}],"wp:attachment":[{"href":"https:\/\/vbd.dev.sumena.ee\/lv\/wp-json\/wp\/v2\/media?parent=244200"}],"wp:term":[{"taxonomy":"product_brand","embeddable":true,"href":"https:\/\/vbd.dev.sumena.ee\/lv\/wp-json\/wp\/v2\/product_brand?post=244200"},{"taxonomy":"product_cat","embeddable":true,"href":"https:\/\/vbd.dev.sumena.ee\/lv\/wp-json\/wp\/v2\/product_cat?post=244200"},{"taxonomy":"product_tag","embeddable":true,"href":"https:\/\/vbd.dev.sumena.ee\/lv\/wp-json\/wp\/v2\/product_tag?post=244200"}],"curies":[{"name":"wp","href":"https:\/\/api.w.org\/{rel}","templated":true}]}}