{"id":244148,"date":"2025-05-16T15:18:55","date_gmt":"2025-05-16T12:18:55","guid":{"rendered":"https:\/\/vbd.dev.sumena.ee\/?post_type=product&#038;p=244148"},"modified":"2026-02-11T19:01:37","modified_gmt":"2026-02-11T16:01:37","slug":"ashwagandha-kapslid-ksm-66-500-mg-60-kapslit","status":"publish","type":"product","link":"https:\/\/vbd.dev.sumena.ee\/lv\/products-2\/ashwagandha-kapslid-ksm-66-500-mg-60-kapslit\/","title":{"rendered":"Ashwagandha kapsulas KSM-66 500 mg, 60 kapsulas"},"content":{"rendered":"<p style=\"font-weight: 400;\"><strong>Sast\u0101vda\u013cas: <\/strong>ashvaganda ekstrakts KSM-66 Ashwagandha, inul\u012bns, L-leic\u012bns, kapsulas apvalks: hidroksipropilmetilceluloze.<\/p>\n<p style=\"font-weight: 400;\"><strong>Pat\u0113ri\u0146\u0161<\/strong> Ieteicams lietot 1 tableti reizi dien\u0101 ar \u016bdeni. Nelietot, ja ir paaugstin\u0101ta jut\u012bba (alergija) pret k\u0101du uztura bag\u0101tin\u0101t\u0101ja sast\u0101vda\u013cu. Produktu nedr\u012bkst lietot kop\u0101 ar nomierino\u0161\u0101m viel\u0101m, miega l\u012bdzek\u013ciem vai pretepilepsijas medikamentiem. Ashwagandha var samazin\u0101t kontracepcijas table\u0161u iedarb\u012bbu. Nelietot kop\u0101 ar insul\u012bnu vai vairogdziedzera medikamentiem. Produktu neiesaka lietot b\u0113rniem, gr\u016btniec\u0113m un z\u012bd\u012b\u0161an\u0101 eso\u0161\u0101m sieviet\u0113m. Pirms uztura bag\u0101tin\u0101t\u0101ja lieto\u0161anas konsult\u0113ties ar \u0101rstu vai farmaceitu. Ja par\u0101d\u0101s blakuspar\u0101d\u012bbas, p\u0101rtraukt uztura bag\u0101tin\u0101t\u0101ja lieto\u0161anu.<\/p>\n<p style=\"font-weight: 400;\"><strong>Uzglab\u0101\u0161anas nosac\u012bjumi.<\/strong> Uzglab\u0101t temperat\u016br\u0101 l\u012bdz +25 \u00b0C, izvairoties no tie\u0161iem saules stariem un b\u0113rnu nepieejam\u0101 viet\u0101.<\/p>\n<p style=\"font-weight: 400;\">&#8211; Balst\u012bts uz kl\u012bniskajiem p\u0113t\u012bjumiem<\/p>\n<p style=\"font-weight: 400;\">&#8211; Nesatur cukuru<\/p>\n<p style=\"font-weight: 400;\">&#8211; Nesatur laktozi<\/p>\n<p style=\"font-weight: 400;\">&#8211; Nesatur glut\u0113nu<\/p>\n<p style=\"font-weight: 400;\">\u2013 Piem\u0113rots veg\u0101niem<\/p>\n<table style=\"font-weight: 400;\">\n<tbody>\n<tr>\n<td colspan=\"3\" width=\"671\">Akt\u012bv\u0101s vielas +\/- 10% diennakts dev\u0101 (1 kapsula) *NRV<\/td>\n<\/tr>\n<tr>\n<td rowspan=\"2\" width=\"415\">KSM-66 a\u0161vagandas sak\u0146u ekstrakts, kas satur:<\/p>\n<p>5% vitanoli\u012bds<\/p>\n<p><strong>\u00a0<\/strong><\/td>\n<td width=\"123\">\u00a0\u00a0\u00a0\u00a0\u00a0\u00a0\u00a0 500 mg<\/td>\n<td width=\"132\"><strong>&#8211;<\/strong><\/td>\n<\/tr>\n<tr>\n<td width=\"123\">25 mg<\/td>\n<td width=\"132\"><strong>&#8211;<\/strong><\/td>\n<\/tr>\n<tr>\n<td width=\"415\">L-leic\u012bns<\/td>\n<td width=\"123\">10 mg<\/td>\n<td width=\"132\"><strong>&#8211;<\/strong><\/td>\n<\/tr>\n<\/tbody>\n<\/table>\n<p style=\"font-weight: 400;\">*NRV \u2013 dienas sal\u012bdzin\u0101m\u0101 deva pieaugu\u0161ajam<\/p>\n<p style=\"font-weight: 400;\">","protected":false},"excerpt":{"rendered":"<p>Parastes lieto\u0161anas termi\u0146\u0161: 06.11.2026<\/p>","protected":false},"featured_media":244149,"comment_status":"open","ping_status":"closed","template":"","meta":{"_acf_changed":false},"product_brand":[],"product_cat":[160,104],"product_tag":[],"class_list":{"0":"post-244148","1":"product","2":"type-product","3":"status-publish","4":"has-post-thumbnail","6":"product_cat-tervisekaubad","7":"product_cat-enesehooldus","9":"first","10":"instock","11":"sale","12":"taxable","13":"shipping-taxable","14":"purchasable","15":"product-type-simple"},"supplier_id":null,"supplier_sku":"","barcode":null,"atum_controlled":true,"out_stock_date":null,"out_stock_threshold":null,"inheritable":false,"inbound_stock":0,"stock_on_hold":1,"sold_today":1,"sales_last_days":3,"reserved_stock":0,"customer_returns":0,"warehouse_damage":0,"lost_in_post":0,"other_logs":0,"out_stock_days":0,"lost_sales":0,"has_location":false,"update_date":"2026-02-11T17:31:01","atum_locations":[],"atum_stock_status":"instock","restock_status":true,"low_stock_amount":"","sales_update_date":"2026-02-11T17:30:55","calc_backorders":null,"acf":[],"_links":{"self":[{"href":"https:\/\/vbd.dev.sumena.ee\/lv\/wp-json\/wp\/v2\/product\/244148","targetHints":{"allow":["GET"]}}],"collection":[{"href":"https:\/\/vbd.dev.sumena.ee\/lv\/wp-json\/wp\/v2\/product"}],"about":[{"href":"https:\/\/vbd.dev.sumena.ee\/lv\/wp-json\/wp\/v2\/types\/product"}],"replies":[{"embeddable":true,"href":"https:\/\/vbd.dev.sumena.ee\/lv\/wp-json\/wp\/v2\/comments?post=244148"}],"wp:featuredmedia":[{"embeddable":true,"href":"https:\/\/vbd.dev.sumena.ee\/lv\/wp-json\/wp\/v2\/media\/244149"}],"wp:attachment":[{"href":"https:\/\/vbd.dev.sumena.ee\/lv\/wp-json\/wp\/v2\/media?parent=244148"}],"wp:term":[{"taxonomy":"product_brand","embeddable":true,"href":"https:\/\/vbd.dev.sumena.ee\/lv\/wp-json\/wp\/v2\/product_brand?post=244148"},{"taxonomy":"product_cat","embeddable":true,"href":"https:\/\/vbd.dev.sumena.ee\/lv\/wp-json\/wp\/v2\/product_cat?post=244148"},{"taxonomy":"product_tag","embeddable":true,"href":"https:\/\/vbd.dev.sumena.ee\/lv\/wp-json\/wp\/v2\/product_tag?post=244148"}],"curies":[{"name":"wp","href":"https:\/\/api.w.org\/{rel}","templated":true}]}}