{"id":243711,"date":"2026-01-19T19:07:56","date_gmt":"2026-01-19T16:07:56","guid":{"rendered":"https:\/\/vbd.dev.sumena.ee\/?post_type=product&#038;p=243711"},"modified":"2026-02-12T18:40:35","modified_gmt":"2026-02-12T15:40:35","slug":"kanaliha-ribad-narimiskondil-taiskasvanud-koertele-dogfest-90g","status":"publish","type":"product","link":"https:\/\/vbd.dev.sumena.ee\/lv\/products-2\/kanaliha-ribad-narimiskondil-taiskasvanud-koertele-dogfest-90g\/","title":{"rendered":"Vistas ga\u013cas str\u0113mel\u012btes, pieaugu\u0161iem su\u0146iem, DogFest 90 g"},"content":{"rendered":"<p>Papildbar\u012bba su\u0146iem.<br \/>\nIlgsto\u0161ai ko\u0161\u013c\u0101\u0161anai dom\u0101ta neapstr\u0101d\u0101ta \u0101das n\u016bja ir p\u0101rkl\u0101ta ar vistas kr\u016bti\u0146as filejas str\u0113mel\u012bt\u0113m un l\u0113ni cepta kr\u0101sn\u012b.<br \/>\nSast\u0101vs: vistas ga\u013ca 60%, neapstr\u0101d\u0101ta \u0101da 33%, augu blakusprodukti, miner\u0101lvielas.<br \/>\nAnal\u012btisk\u0101 sast\u0101va: rupjprote\u012bns 65%, rupj\u0101 taukviela 3,5%, rupj\u0101 \u0161\u0137iedra 0,2%, rupj\u0101 pelni 3,5%, mitrums 18%.<br \/>\nMaksim\u0101l\u0101 dienas deva: 1\u20132 gab. Devu var piel\u0101got atbilsto\u0161i su\u0146a vajadz\u012bb\u0101m un st\u0101voklim. Neatst\u0101j suni bez uzraudz\u012bbas ko\u0161\u013c\u0101\u0161anas laik\u0101 vai vienatn\u0113 ar na\u0161\u0137a iepakojumu. Iepakojum\u0101 eso\u0161ais sk\u0101bek\u013ca absorbents nav \u0113dams. Glab\u0101t saus\u0101 un v\u0113s\u0101 viet\u0101, p\u0113c atv\u0113r\u0161anas uzglab\u0101t ledusskap\u012b. Lab\u0101k lietot l\u012bdz un partija: skat\u012bt uz iepakojuma.<\/p>","protected":false},"excerpt":{"rendered":"<p>T\u00e4iends\u00f6\u00f6t koertele. Kauakestev n\u00e4rimiseks m\u00f5eldud toornahast pulk on kaetud kanarinnafilee ribadega ja aeglaselt ahjus k\u00fcpsetatud. Sellest maiusest v\u00f5ib saada teie koera lemmikmaius. Koostis: kanaliha 60%, toornahk 33%, taimsed k\u00f5rvalsaadused, mineraalained. Anal\u00fc\u00fctiline koostis: toorvalk 65%, toorrasv 3,5%, toorkiud 0,2%, toortuhk 3,5%, niiskussisaldus 18%. Maksimaalne p\u00e4evane kogus: 1-2 tk. Kogust saab reguleerida vastavalt koera vajadustele ja seisundile. [&hellip;]<\/p>","protected":false},"featured_media":243712,"comment_status":"open","ping_status":"closed","template":"","meta":{"_acf_changed":false},"product_brand":[],"product_cat":[91],"product_tag":[],"class_list":{"0":"post-243711","1":"product","2":"type-product","3":"status-publish","4":"has-post-thumbnail","6":"product_cat-loomatoit","8":"first","9":"instock","10":"sale","11":"taxable","12":"shipping-taxable","13":"purchasable","14":"product-type-simple"},"supplier_id":null,"supplier_sku":"","barcode":null,"atum_controlled":true,"out_stock_date":null,"out_stock_threshold":null,"inheritable":false,"inbound_stock":0,"stock_on_hold":18,"sold_today":16,"sales_last_days":127,"reserved_stock":0,"customer_returns":0,"warehouse_damage":0,"lost_in_post":0,"other_logs":0,"out_stock_days":0,"lost_sales":0,"has_location":false,"update_date":"2026-02-12T15:42:29","atum_locations":[],"atum_stock_status":"instock","restock_status":true,"low_stock_amount":"","sales_update_date":"2026-02-12T15:42:19","calc_backorders":null,"acf":[],"_links":{"self":[{"href":"https:\/\/vbd.dev.sumena.ee\/lv\/wp-json\/wp\/v2\/product\/243711","targetHints":{"allow":["GET"]}}],"collection":[{"href":"https:\/\/vbd.dev.sumena.ee\/lv\/wp-json\/wp\/v2\/product"}],"about":[{"href":"https:\/\/vbd.dev.sumena.ee\/lv\/wp-json\/wp\/v2\/types\/product"}],"replies":[{"embeddable":true,"href":"https:\/\/vbd.dev.sumena.ee\/lv\/wp-json\/wp\/v2\/comments?post=243711"}],"wp:featuredmedia":[{"embeddable":true,"href":"https:\/\/vbd.dev.sumena.ee\/lv\/wp-json\/wp\/v2\/media\/243712"}],"wp:attachment":[{"href":"https:\/\/vbd.dev.sumena.ee\/lv\/wp-json\/wp\/v2\/media?parent=243711"}],"wp:term":[{"taxonomy":"product_brand","embeddable":true,"href":"https:\/\/vbd.dev.sumena.ee\/lv\/wp-json\/wp\/v2\/product_brand?post=243711"},{"taxonomy":"product_cat","embeddable":true,"href":"https:\/\/vbd.dev.sumena.ee\/lv\/wp-json\/wp\/v2\/product_cat?post=243711"},{"taxonomy":"product_tag","embeddable":true,"href":"https:\/\/vbd.dev.sumena.ee\/lv\/wp-json\/wp\/v2\/product_tag?post=243711"}],"curies":[{"name":"wp","href":"https:\/\/api.w.org\/{rel}","templated":true}]}}